{"id":874,"date":"2022-06-11T17:20:12","date_gmt":"2022-06-11T15:20:12","guid":{"rendered":"https:\/\/www.visitcaiazzo.it\/?page_id=874"},"modified":"2025-03-13T11:59:05","modified_gmt":"2025-03-13T10:59:05","slug":"area-archeologica-palazzo-mazziotti","status":"publish","type":"page","link":"https:\/\/www.visitcaiazzo.it\/fr\/zone-archeologique-palais-mazziotti\/","title":{"rendered":"Zone arch\u00e9ologique Palais Mazziotti"},"content":{"rendered":"<div class=\"wpb-content-wrapper\">[vc_row][vc_column][vc_custom_heading text=&#8221;Area Archeologica Palazzo Mazziotti&#8221;][\/vc_column][\/vc_row][vc_row][vc_column][vc_single_image image=&#8221;875&#8243;][vc_column_text]Zone arch\u00e9ologique[\/vc_column_text][\/vc_column][\/vc_row][vc_row][vc_column][vc_column_text]<strong>ZONE ARCH\u00c9OLOGIQUE DU PALAIS MAZZIOTTI<\/strong><br \/>\n\u25cb Maison de la fin du IVe-IIIe si\u00e8cle av. J.-C. (situ\u00e9e autour de la cour \u00e9merg\u00e9e)<\/p>\n<p>\u25cb Maison de la seconde moiti\u00e9 du IIe si\u00e8cle av. J.-C. (situ\u00e9e autour de la cour \u00e9merg\u00e9e)<\/p>\n<p>\u25cb Ma\u00e7onnerie IVe-Ve si\u00e8cle apr\u00e8s J.-C. (la plus importante se trouve le long de la route menant du Petit Th\u00e9\u00e2tre Jovinelli \u00e0 la Rue Umberto I)<\/p>\n<p>\u25cb Maison m\u00e9di\u00e9vale (situ\u00e9e autour de la cour \u00e9merg\u00e9e).<\/p>\n<p>Lors de travaux de restauration dans les ann\u00e9es 1990, certaines structures anciennes ont \u00e9t\u00e9 retrouv\u00e9es recouvertes de terre alluviale, sous laquelle un chemin battu datant du d\u00e9but de l&#8217;\u00e9poque imp\u00e9riale a \u00e9merg\u00e9. Sous le sentier battu il y avait un pavement qui a livr\u00e9 des mat\u00e9riaux de la fin du IVe si\u00e8cle av. J.-C. et du d\u00e9but de l&#8217;\u00e9poque imp\u00e9riale.<\/p>\n<p>Les structures \u00e9tudi\u00e9es appartiennent \u00e0 diff\u00e9rentes phases de construction d&#8217;un m\u00eame \u00e9difice qui est datable entre la premi\u00e8re moiti\u00e9 du IIe si\u00e8cle et le d\u00e9but du Ier si\u00e8cle avant J.-C., \u00e0 l&#8217;exception de quelques murs seulement.<\/p>\n<p>Les vestiges muraux identifi\u00e9s d\u00e9limitent une cour (en bas \u00e0 droite, si l&#8217;on se trouve \u00e0 la porte qui m\u00e8ne du Palais Mazziotti \u00e0 la zone arch\u00e9ologique) et trois pi\u00e8ces adjacentes avec des structures en calcaire incertain et en mortier. Un syst\u00e8me de canalisation d&#8217;eau datant de la phase r\u00e9publicaine a \u00e9galement \u00e9t\u00e9 d\u00e9couvert.<\/p>\n<p>On trouve ensuite un syst\u00e8me de canalisation en terre cuite qui se jette dans un drain recouvert de gros blocs de calcaire qui r\u00e9gulaient le d\u00e9bit de l&#8217;eau contenue dans deux r\u00e9servoirs.<\/p>\n<p>Le premier est le puits situ\u00e9 \u00e0 l&#8217;int\u00e9rieur de la cour, dont l&#8217;eau \u00e9tait achemin\u00e9e par des canaux vers le sud jusqu&#8217;\u00e0 la seconde citerne qui occupe le secteur pav\u00e9 en dessous et \u00e0 droite de l&#8217;all\u00e9e.<\/p>\n<p>Dans l&#8217;angle sud-est, on a trouv\u00e9 une latrine dont le conduit se d\u00e9verse dans un caniveau situ\u00e9 \u00e0 une plus grande profondeur. A c\u00f4t\u00e9 des latrines, s\u00e9par\u00e9es par une cloison, se trouve le &#8220;lararium&#8221;, lieu qui, dans la maison romaine, \u00e9tait r\u00e9serv\u00e9 au culte domestique.<\/p>\n<p>Au sud de ces pi\u00e8ces, on acc\u00e9dait \u00e0 un portique dont il reste des parties de deux colonnettes en briques et en blocs de tuf gris attribuables \u00e0 l&#8217;\u00e9poque imp\u00e9riale.<\/p>\n<p>\u00c0 proximit\u00e9, des vestiges t\u00e9moignant de la transformation des olives \u00e0 l&#8217;\u00e9poque romaine ont \u00e9galement \u00e9t\u00e9 retrouv\u00e9s, c\u2019est en effet visible un grand mortarium.<\/p>\n<p>A l&#8217;ouest de la cour se trouve un mur avec une ouverture bouch\u00e9e et, \u00e0 c\u00f4t\u00e9, le drain principal rev\u00eatu de tuiles. Dans l&#8217;Antiquit\u00e9 tardive, au sud-ouest de la structure, des d\u00e9blais ont \u00e9t\u00e9 utilis\u00e9s pour construire les murs susmentionn\u00e9s, peut-\u00eatre pour contenir la zone ou pour tracer une route.<\/p>\n<p>L&#8217;examen des vestiges a permis de supposer que la zone \u00e9tait habit\u00e9e d\u00e8s le IVe si\u00e8cle avant J.-C.<\/p>\n<p>Le pal\u00e9osol indiquerait le premier niveau d&#8217;occupation, peut-\u00eatre li\u00e9 \u00e0 des b\u00e2timents construits avec des mat\u00e9riaux p\u00e9rissables, comme le bois.<\/p>\n<p>La phase de construction suivante se situe dans la seconde moiti\u00e9 du IIe si\u00e8cle av. J.-C. et semble concerner une insula (maison de l&#8217;\u00e9poque romaine) plus ou moins comparable \u00e0 l&#8217;actuel quartier, dont l&#8217;abandon aurait d\u00fb se produire entre la fin du Ier si\u00e8cle et le d\u00e9but du IIe si\u00e8cle av. J.-C.<\/p>\n<p>D&#8217;autres mat\u00e9riaux retrouv\u00e9s t\u00e9moignent d&#8217;une occupation ult\u00e9rieure \u00e0 la p\u00e9riode de l&#8217;Antiquit\u00e9 tardive jusqu&#8217;\u00e0 la construction du b\u00e2timent actuel, lorsque cette zone a \u00e9t\u00e9 utilis\u00e9e comme jardin.<\/p>\n<p>Les nombreuses transformations auxquelles la zone a \u00e9t\u00e9 soumise ont malheureusement consid\u00e9rablement alt\u00e9r\u00e9 le contexte arch\u00e9ologique.[\/vc_column_text][\/vc_column][\/vc_row][vc_row][vc_column][vc_single_image image=&#8221;876&#8243;][\/vc_column][vc_column][vc_single_image image=&#8221;877&#8243;][\/vc_column][vc_column][vc_single_image image=&#8221;878&#8243;][\/vc_column][vc_column][\/vc_column][\/vc_row]\n<p>&nbsp;<\/p>\n<\/div>","protected":false},"excerpt":{"rendered":"<p>[vc_row][vc_column][vc_custom_heading text=&#8221;Area Archeologica Palazzo Mazziotti&#8221;][\/vc_column][\/vc_row][vc_row][vc_column][vc_single_image image=&#8221;875&#8243;][vc_column_text]Zone arch\u00e9ologique[\/vc_column_text][\/vc_column][\/vc_row][vc_row][vc_column][vc_column_text]ZONE ARCH\u00c9OLOGIQUE DU PALAIS MAZZIOTTI \u25cb Maison de la fin du IVe-IIIe si\u00e8cle av. J.-C. (situ\u00e9e autour de la cour \u00e9merg\u00e9e) \u25cb Maison de la seconde moiti\u00e9 du IIe si\u00e8cle av. J.-C. (situ\u00e9e autour de la cour \u00e9merg\u00e9e) \u25cb Ma\u00e7onnerie IVe-Ve si\u00e8cle apr\u00e8s J.-C. (la plus importante se trouve&hellip;<\/p>\n","protected":false},"author":1,"featured_media":0,"parent":0,"menu_order":0,"comment_status":"closed","ping_status":"closed","template":"","meta":{"footnotes":""},"class_list":["post-874","page","type-page","status-publish","hentry","entry","no-media"],"yoast_head":"<!-- This site is optimized with the Yoast SEO plugin v23.6 - https:\/\/yoast.com\/wordpress\/plugins\/seo\/ -->\r\n<title>Zone arch\u00e9ologique Palais Mazziotti<\/title>\r\n<meta name=\"description\" content=\"[vc_row][vc_column][vc_custom_heading text=&quot;Area Archeologica Palazzo Mazziotti&quot;][\/vc_column][\/vc_row][vc_row][vc_column][vc_single_image image=&quot;875&quot;][vc_column_text]Zone arch\u00e9ologique[\/vc_column_text][\/vc_column][\/vc_row][vc_row][vc_column][vc_column_text]ZONE ARCH\u00c9OLOGIQUE DU PALAIS MAZZIOTTI \u25cb Maison de la fin du IVe-IIIe si\u00e8cle av. J.-C. (situ\u00e9e autour de la cour \u00e9merg\u00e9e) \u25cb Maison de la seconde moiti\u00e9 du IIe si\u00e8cle av. J.-C. (situ\u00e9e autour de la cour \u00e9merg\u00e9e) \u25cb Ma\u00e7onnerie IVe-Ve si\u00e8cle apr\u00e8s J.-C. (la plus importante se trouve\u2026\" \/>\r\n<meta name=\"robots\" content=\"index, follow, max-snippet:-1, max-image-preview:large, max-video-preview:-1\" \/>\r\n<link rel=\"canonical\" href=\"http:\/\/[vc_row][vc_column][vc_custom_heading%20text=Area%20Archeologica%20Palazzo%20Mazziotti][\/vc_column%5D%5B\/vc_row%5D%5Bvc_row%5D%5Bvc_column%5D%5Bvc_single_image%20image=875%5D%5Bvc_column_text%5DZone%20arch\u00e9ologique%5B\/vc_column_text%5D%5B\/vc_column%5D%5B\/vc_row%5D%5Bvc_row%5D%5Bvc_column%5D%5Bvc_column_text%5DZONE%20ARCH\u00c9OLOGIQUE%20DU%20PALAIS%20MAZZIOTTI%20\u25cb%20Maison%20de%20la%20fin%20du%20IVe-IIIe%20si\u00e8cle%20av.%20J.-C.%20(situ\u00e9e%20autour%20de%20la%20cour%20\u00e9merg\u00e9e)%20\u25cb%20Maison%20de%20la%20seconde%20moiti\u00e9%20du%20IIe%20si\u00e8cle%20av.%20J.-C.%20(situ\u00e9e%20autour%20de%20la%20cour%20\u00e9merg\u00e9e)%20\u25cb%20Ma\u00e7onnerie%20IVe-Ve%20si\u00e8cle%20apr\u00e8s%20J.-C.%20(la%20plus%20importante%20se%20trouve\u2026\" \/>\r\n<meta property=\"og:locale\" content=\"fr_FR\" \/>\r\n<meta property=\"og:type\" content=\"article\" \/>\r\n<meta property=\"og:title\" content=\"Zone arch\u00e9ologique Palais Mazziotti\" \/>\r\n<meta property=\"og:description\" content=\"[vc_row][vc_column][vc_custom_heading text=&quot;Area Archeologica Palazzo Mazziotti&quot;][\/vc_column][\/vc_row][vc_row][vc_column][vc_single_image image=&quot;875&quot;][vc_column_text]Zone arch\u00e9ologique[\/vc_column_text][\/vc_column][\/vc_row][vc_row][vc_column][vc_column_text]ZONE ARCH\u00c9OLOGIQUE DU PALAIS MAZZIOTTI \u25cb Maison de la fin du IVe-IIIe si\u00e8cle av. J.-C. (situ\u00e9e autour de la cour \u00e9merg\u00e9e) \u25cb Maison de la seconde moiti\u00e9 du IIe si\u00e8cle av. J.-C. (situ\u00e9e autour de la cour \u00e9merg\u00e9e) \u25cb Ma\u00e7onnerie IVe-Ve si\u00e8cle apr\u00e8s J.-C. (la plus importante se trouve\u2026\" \/>\r\n<meta property=\"og:url\" content=\"https:\/\/www.visitcaiazzo.it\/fr\/zone-archeologique-palais-mazziotti\/\" \/>\r\n<meta property=\"og:site_name\" content=\"VisitCaiazzo\" \/>\r\n<meta property=\"article:publisher\" content=\"https:\/\/www.facebook.com\/associazioneculturalegiovannimarcuccio\" \/>\r\n<meta property=\"article:modified_time\" content=\"2025-03-13T10:59:05+00:00\" \/>\r\n<meta name=\"twitter:card\" content=\"summary_large_image\" \/>\r\n<meta name=\"twitter:label1\" content=\"Dur\u00e9e de lecture estim\u00e9e\" \/>\n\t<meta name=\"twitter:data1\" content=\"4 minutes\" \/>\r\n<script type=\"application\/ld+json\" class=\"yoast-schema-graph\">{\"@context\":\"https:\/\/schema.org\",\"@graph\":[{\"@type\":\"WebPage\",\"@id\":\"https:\/\/www.visitcaiazzo.it\/fr\/zone-archeologique-palais-mazziotti\/\",\"url\":\"https:\/\/www.visitcaiazzo.it\/fr\/zone-archeologique-palais-mazziotti\/\",\"name\":\"Area archeologica palazzo mazziotti - VisitCaiazzo\",\"isPartOf\":{\"@id\":\"https:\/\/www.visitcaiazzo.it\/#website\"},\"datePublished\":\"2022-06-11T15:20:12+00:00\",\"dateModified\":\"2025-03-13T10:59:05+00:00\",\"breadcrumb\":{\"@id\":\"https:\/\/www.visitcaiazzo.it\/fr\/zone-archeologique-palais-mazziotti\/#breadcrumb\"},\"inLanguage\":\"fr-FR\",\"potentialAction\":[{\"@type\":\"ReadAction\",\"target\":[\"https:\/\/www.visitcaiazzo.it\/fr\/zone-archeologique-palais-mazziotti\/\"]}]},{\"@type\":\"BreadcrumbList\",\"@id\":\"https:\/\/www.visitcaiazzo.it\/fr\/zone-archeologique-palais-mazziotti\/#breadcrumb\",\"itemListElement\":[{\"@type\":\"ListItem\",\"position\":1,\"name\":\"Home\",\"item\":\"https:\/\/www.visitcaiazzo.it\/\"},{\"@type\":\"ListItem\",\"position\":2,\"name\":\"Zone arch\u00e9ologique Palais Mazziotti\"}]},{\"@type\":\"WebSite\",\"@id\":\"https:\/\/www.visitcaiazzo.it\/fr\/#website\",\"url\":\"https:\/\/www.visitcaiazzo.it\/fr\/\",\"name\":\"VisitCaiazzo\",\"description\":\"\",\"publisher\":{\"@id\":\"https:\/\/www.visitcaiazzo.it\/fr\/#organization\"},\"potentialAction\":[{\"@type\":\"SearchAction\",\"target\":{\"@type\":\"EntryPoint\",\"urlTemplate\":\"https:\/\/www.visitcaiazzo.it\/fr\/?s={search_term_string}\"},\"query-input\":{\"@type\":\"PropertyValueSpecification\",\"valueRequired\":true,\"valueName\":\"search_term_string\"}}],\"inLanguage\":\"fr-FR\"},{\"@type\":\"Organization\",\"@id\":\"https:\/\/www.visitcaiazzo.it\/fr\/#organization\",\"name\":\"VisitCaiazzo\",\"url\":\"https:\/\/www.visitcaiazzo.it\/fr\/\",\"logo\":{\"@type\":\"ImageObject\",\"inLanguage\":\"fr-FR\",\"@id\":\"https:\/\/www.visitcaiazzo.it\/fr\/#\/schema\/logo\/image\/\",\"url\":\"https:\/\/www.visitcaiazzo.it\/wp-content\/uploads\/2023\/06\/LOGO_DEFINITIVO-APS.png\",\"contentUrl\":\"https:\/\/www.visitcaiazzo.it\/wp-content\/uploads\/2023\/06\/LOGO_DEFINITIVO-APS.png\",\"width\":2778,\"height\":1924,\"caption\":\"VisitCaiazzo\"},\"image\":{\"@id\":\"https:\/\/www.visitcaiazzo.it\/fr\/#\/schema\/logo\/image\/\"},\"sameAs\":[\"https:\/\/www.facebook.com\/associazioneculturalegiovannimarcuccio\",\"https:\/\/www.instagram.com\/ass.culturalegiovannimarcuccio\/\",\"https:\/\/www.youtube.com\/channel\/UCPwrRd0ZNyIMsz7_0XrwkQg\",\"https:\/\/www.tiktok.com\/@ass.culturaleg.marcuccio\"]}]}<\/script>\r\n<!-- \/ Yoast SEO plugin. -->","yoast_head_json":{"title":"Zone arch\u00e9ologique Palais Mazziotti","description":"[vc_row][vc_column][vc_custom_heading text=\"Area Archeologica Palazzo Mazziotti\"][\/vc_column][\/vc_row][vc_row][vc_column][vc_single_image image=\"875\"][vc_column_text]Zone arch\u00e9ologique[\/vc_column_text][\/vc_column][\/vc_row][vc_row][vc_column][vc_column_text]ZONE ARCH\u00c9OLOGIQUE DU PALAIS MAZZIOTTI \u25cb Maison de la fin du IVe-IIIe si\u00e8cle av. J.-C. (situ\u00e9e autour de la cour \u00e9merg\u00e9e) \u25cb Maison de la seconde moiti\u00e9 du IIe si\u00e8cle av. J.-C. (situ\u00e9e autour de la cour \u00e9merg\u00e9e) \u25cb Ma\u00e7onnerie IVe-Ve si\u00e8cle apr\u00e8s J.-C. (la plus importante se trouve\u2026","robots":{"index":"index","follow":"follow","max-snippet":"max-snippet:-1","max-image-preview":"max-image-preview:large","max-video-preview":"max-video-preview:-1"},"canonical":"[vc_row][vc_column][vc_custom_heading text=\"Area Archeologica Palazzo Mazziotti\"][\/vc_column][\/vc_row][vc_row][vc_column][vc_single_image image=\"875\"][vc_column_text]Zone arch\u00e9ologique[\/vc_column_text][\/vc_column][\/vc_row][vc_row][vc_column][vc_column_text]ZONE ARCH\u00c9OLOGIQUE DU PALAIS MAZZIOTTI \u25cb Maison de la fin du IVe-IIIe si\u00e8cle av. J.-C. (situ\u00e9e autour de la cour \u00e9merg\u00e9e) \u25cb Maison de la seconde moiti\u00e9 du IIe si\u00e8cle av. J.-C. (situ\u00e9e autour de la cour \u00e9merg\u00e9e) \u25cb Ma\u00e7onnerie IVe-Ve si\u00e8cle apr\u00e8s J.-C. (la plus importante se trouve\u2026","og_locale":"fr_FR","og_type":"article","og_title":"Zone arch\u00e9ologique Palais Mazziotti","og_description":"[vc_row][vc_column][vc_custom_heading text=\"Area Archeologica Palazzo Mazziotti\"][\/vc_column][\/vc_row][vc_row][vc_column][vc_single_image image=\"875\"][vc_column_text]Zone arch\u00e9ologique[\/vc_column_text][\/vc_column][\/vc_row][vc_row][vc_column][vc_column_text]ZONE ARCH\u00c9OLOGIQUE DU PALAIS MAZZIOTTI \u25cb Maison de la fin du IVe-IIIe si\u00e8cle av. J.-C. (situ\u00e9e autour de la cour \u00e9merg\u00e9e) \u25cb Maison de la seconde moiti\u00e9 du IIe si\u00e8cle av. J.-C. (situ\u00e9e autour de la cour \u00e9merg\u00e9e) \u25cb Ma\u00e7onnerie IVe-Ve si\u00e8cle apr\u00e8s J.-C. (la plus importante se trouve\u2026","og_url":"https:\/\/www.visitcaiazzo.it\/fr\/zone-archeologique-palais-mazziotti\/","og_site_name":"VisitCaiazzo","article_publisher":"https:\/\/www.facebook.com\/associazioneculturalegiovannimarcuccio","article_modified_time":"2025-03-13T10:59:05+00:00","twitter_card":"summary_large_image","twitter_misc":{"Dur\u00e9e de lecture estim\u00e9e":"4 minutes"},"schema":{"@context":"https:\/\/schema.org","@graph":[{"@type":"WebPage","@id":"https:\/\/www.visitcaiazzo.it\/fr\/zone-archeologique-palais-mazziotti\/","url":"https:\/\/www.visitcaiazzo.it\/fr\/zone-archeologique-palais-mazziotti\/","name":"Area archeologica palazzo mazziotti - VisitCaiazzo","isPartOf":{"@id":"https:\/\/www.visitcaiazzo.it\/#website"},"datePublished":"2022-06-11T15:20:12+00:00","dateModified":"2025-03-13T10:59:05+00:00","breadcrumb":{"@id":"https:\/\/www.visitcaiazzo.it\/fr\/zone-archeologique-palais-mazziotti\/#breadcrumb"},"inLanguage":"fr-FR","potentialAction":[{"@type":"ReadAction","target":["https:\/\/www.visitcaiazzo.it\/fr\/zone-archeologique-palais-mazziotti\/"]}]},{"@type":"BreadcrumbList","@id":"https:\/\/www.visitcaiazzo.it\/fr\/zone-archeologique-palais-mazziotti\/#breadcrumb","itemListElement":[{"@type":"ListItem","position":1,"name":"Home","item":"https:\/\/www.visitcaiazzo.it\/"},{"@type":"ListItem","position":2,"name":"Zone arch\u00e9ologique Palais Mazziotti"}]},{"@type":"WebSite","@id":"https:\/\/www.visitcaiazzo.it\/fr\/#website","url":"https:\/\/www.visitcaiazzo.it\/fr\/","name":"VisitCaiazzo","description":"","publisher":{"@id":"https:\/\/www.visitcaiazzo.it\/fr\/#organization"},"potentialAction":[{"@type":"SearchAction","target":{"@type":"EntryPoint","urlTemplate":"https:\/\/www.visitcaiazzo.it\/fr\/?s={search_term_string}"},"query-input":{"@type":"PropertyValueSpecification","valueRequired":true,"valueName":"search_term_string"}}],"inLanguage":"fr-FR"},{"@type":"Organization","@id":"https:\/\/www.visitcaiazzo.it\/fr\/#organization","name":"VisitCaiazzo","url":"https:\/\/www.visitcaiazzo.it\/fr\/","logo":{"@type":"ImageObject","inLanguage":"fr-FR","@id":"https:\/\/www.visitcaiazzo.it\/fr\/#\/schema\/logo\/image\/","url":"https:\/\/www.visitcaiazzo.it\/wp-content\/uploads\/2023\/06\/LOGO_DEFINITIVO-APS.png","contentUrl":"https:\/\/www.visitcaiazzo.it\/wp-content\/uploads\/2023\/06\/LOGO_DEFINITIVO-APS.png","width":2778,"height":1924,"caption":"VisitCaiazzo"},"image":{"@id":"https:\/\/www.visitcaiazzo.it\/fr\/#\/schema\/logo\/image\/"},"sameAs":["https:\/\/www.facebook.com\/associazioneculturalegiovannimarcuccio","https:\/\/www.instagram.com\/ass.culturalegiovannimarcuccio\/","https:\/\/www.youtube.com\/channel\/UCPwrRd0ZNyIMsz7_0XrwkQg","https:\/\/www.tiktok.com\/@ass.culturaleg.marcuccio"]}]}},"_links":{"self":[{"href":"https:\/\/www.visitcaiazzo.it\/fr\/wp-json\/wp\/v2\/pages\/874","targetHints":{"allow":["GET"]}}],"collection":[{"href":"https:\/\/www.visitcaiazzo.it\/fr\/wp-json\/wp\/v2\/pages"}],"about":[{"href":"https:\/\/www.visitcaiazzo.it\/fr\/wp-json\/wp\/v2\/types\/page"}],"author":[{"embeddable":true,"href":"https:\/\/www.visitcaiazzo.it\/fr\/wp-json\/wp\/v2\/users\/1"}],"replies":[{"embeddable":true,"href":"https:\/\/www.visitcaiazzo.it\/fr\/wp-json\/wp\/v2\/comments?post=874"}],"version-history":[{"count":3,"href":"https:\/\/www.visitcaiazzo.it\/fr\/wp-json\/wp\/v2\/pages\/874\/revisions"}],"predecessor-version":[{"id":1670,"href":"https:\/\/www.visitcaiazzo.it\/fr\/wp-json\/wp\/v2\/pages\/874\/revisions\/1670"}],"wp:attachment":[{"href":"https:\/\/www.visitcaiazzo.it\/fr\/wp-json\/wp\/v2\/media?parent=874"}],"curies":[{"name":"wp","href":"https:\/\/api.w.org\/{rel}","templated":true}]}}