{"id":855,"date":"2022-06-11T11:51:10","date_gmt":"2022-06-11T09:51:10","guid":{"rendered":"https:\/\/www.visitcaiazzo.it\/?page_id=855"},"modified":"2025-03-14T11:31:44","modified_gmt":"2025-03-14T10:31:44","slug":"palazzo-savastano","status":"publish","type":"page","link":"https:\/\/www.visitcaiazzo.it\/fr\/palais-savastano\/","title":{"rendered":"Palais Savastano"},"content":{"rendered":"<div class=\"wpb-content-wrapper\">[vc_row][vc_column][vc_custom_heading text=&#8221;Palais Savastano<span style=\"color: var(--wpex-text-2); font-family: var(--wpex-body-font-family, var(--wpex-font-sans)); font-size: var(--wpex-body-font-size, 13px);\"><span style=\"color: var(--wpex-text-2); font-family: var(--wpex-body-font-family, var(--wpex-font-sans)); font-size: var(--wpex-body-font-size, 13px);\">&#8220;][\/vc_column][\/vc_row][vc_row][vc_column][vc_single_image image=&#8221;856&#8221;][vc_column_text]Palais Savastano<\/span><\/span><span style=\"color: var(--wpex-text-2); font-family: var(--wpex-body-font-family, var(--wpex-font-sans)); font-size: var(--wpex-body-font-size, 13px);\"><span style=\"color: var(--wpex-text-2); font-family: var(--wpex-body-font-family, var(--wpex-font-sans)); font-size: var(--wpex-body-font-size, 13px);\">[\/vc_column_text][\/vc_column][\/vc_row][vc_row][vc_column][vc_column_text]<\/span><\/span><strong style=\"color: var(--wpex-text-2); font-family: var(--wpex-body-font-family, var(--wpex-font-sans)); font-size: var(--wpex-body-font-size, 13px);\"><strong style=\"color: var(--wpex-text-2); font-family: var(--wpex-body-font-family, var(--wpex-font-sans)); font-size: var(--wpex-body-font-size, 13px);\">Palais Savastano<\/strong><\/strong><\/p>\n<p>La famille Savastano est originaire de Veroli depuis le XVIIIe si\u00e8cle et s&#8217;est probablement install\u00e9e en Campanie avec Francesco Paolo Savastano, dipl\u00f4m\u00e9 en droit de l&#8217;Universit\u00e9 de Naples en 1774.<\/p>\n<p>L&#8217;origine du nom de famille doit \u00eatre recherch\u00e9e dans certaines transcriptions et modifications phon\u00e9tiques dialectales du nom propre Sebastiano qui appartenait \u00e0 un prog\u00e9niteur inconnu.<\/p>\n<p>La noblesse \u00e9vidente de la famille est attest\u00e9e par la pr\u00e9sence, tant \u00e0 Capoue qu&#8217;\u00e0 Caiazzo, des palais nobles homonymes et de vastes propri\u00e9t\u00e9s dans la terre de travail.<\/p>\n<p>Le palais Savastano, situ\u00e9 dans le centre historique de Caiazzo dans la Rue Aulo Attilio Caiatino, est un imposant \u00e9difice de propri\u00e9t\u00e9 priv\u00e9e.<\/p>\n<p>Le palais contient \u00e9galement des \u00e9pigraphes romaines, comme l&#8217;inscription IUSTITIAM sur le montant droit du portail.[\/vc_column_text][\/vc_column][\/vc_row][vc_row][vc_column][vc_single_image image=&#8221;858&#8243;][vc_column_text]<em>D\u00e9tail d&#8217;une fen\u00eatre encadr\u00e9e<\/em>[\/vc_column_text][\/vc_column][\/vc_row][vc_row][vc_column][vc_column_text]Sur la fa\u00e7ade principale, sur l\u2019\u00e9tage noble, on trouve sept fen\u00eatres encadr\u00e9es par des stucs mixtilignes, chacune surmont\u00e9e d&#8217;un demi-buste en terre cuite repr\u00e9sentant un jour de la semaine.[\/vc_column_text][\/vc_column][\/vc_row][vc_row][vc_column][vc_single_image image=&#8221;859&#8243;][vc_column_text]<em>D\u00e9tail d&#8217;une boutique<\/em>[\/vc_column_text][\/vc_column][\/vc_row][vc_row][vc_column][vc_column_text]Sous ces 7 fen\u00eatres se trouvent 6 ateliers divis\u00e9s au centre par le portail simple mais majestueux qui donne acc\u00e8s \u00e0 la cour de style napolitain.<br \/>\n[\/vc_column_text][\/vc_column][\/vc_row][vc_row][vc_column][vc_raw_html]JTNDaDMlM0UlM0NwJTNFJTNDYiUzRSUzQ2ElMjBocmVmJTNEJTIyaHR0cHMlM0ElMkYlMkZ3d3cudmlzaXRjYWlhenpvLml0JTJGcGFsYXp6by1zYXZhc3Rhbm8lMkZpbnRlcm5vLXBhbGF6em8tc2F2YXN0YW5vJTIyJTNFSW50ZXJubyUyMFBhbGF6em8lMjBTYXZhc3Rhbm8lM0MlMkZhJTNFJTNDJTJGYiUzRSUzQyUyRnAlM0UlM0MlMkZoMyUzRQ==[\/vc_raw_html][\/vc_column][\/vc_row]\n<\/div>","protected":false},"excerpt":{"rendered":"<p>[vc_row][vc_column][vc_custom_heading text=&#8221;Palais Savastano&#8220;][\/vc_column][\/vc_row][vc_row][vc_column][vc_single_image image=&#8221;856&#8221;][vc_column_text]Palais Savastano[\/vc_column_text][\/vc_column][\/vc_row][vc_row][vc_column][vc_column_text]Palais Savastano La famille Savastano est originaire de Veroli depuis le XVIIIe si\u00e8cle et s&#8217;est probablement install\u00e9e en Campanie avec Francesco Paolo Savastano, dipl\u00f4m\u00e9 en droit de l&#8217;Universit\u00e9 de Naples en 1774. L&#8217;origine du nom de famille doit \u00eatre recherch\u00e9e dans certaines transcriptions et modifications phon\u00e9tiques dialectales du nom propre Sebastiano&hellip;<\/p>\n","protected":false},"author":1,"featured_media":0,"parent":0,"menu_order":0,"comment_status":"closed","ping_status":"closed","template":"","meta":{"footnotes":""},"class_list":["post-855","page","type-page","status-publish","hentry","entry","no-media"],"yoast_head":"<!-- This site is optimized with the Yoast SEO plugin v23.6 - https:\/\/yoast.com\/wordpress\/plugins\/seo\/ -->\r\n<title>Palais Savastano<\/title>\r\n<meta name=\"description\" content=\"[vc_row][vc_column][vc_custom_heading text=&quot;Palais Savastano&quot;][\/vc_column][\/vc_row][vc_row][vc_column][vc_single_image image=&quot;856&quot;][vc_column_text]Palais Savastano[\/vc_column_text][\/vc_column][\/vc_row][vc_row][vc_column][vc_column_text]Palais Savastano La famille Savastano est originaire de Veroli depuis le XVIIIe si\u00e8cle et s&#039;est probablement install\u00e9e en Campanie avec Francesco Paolo Savastano, dipl\u00f4m\u00e9 en droit de l&#039;Universit\u00e9 de Naples en 1774. L&#039;origine du nom de famille doit \u00eatre recherch\u00e9e dans certaines transcriptions et modifications phon\u00e9tiques dialectales du nom propre Sebastiano\u2026\" \/>\r\n<meta name=\"robots\" content=\"index, follow, max-snippet:-1, max-image-preview:large, max-video-preview:-1\" \/>\r\n<link rel=\"canonical\" href=\"http:\/\/[vc_row][vc_column][vc_custom_heading%20text=Palais%20Savastano][\/vc_column%5D%5B\/vc_row%5D%5Bvc_row%5D%5Bvc_column%5D%5Bvc_single_image%20image=856%5D%5Bvc_column_text%5DPalais%20Savastano%5B\/vc_column_text%5D%5B\/vc_column%5D%5B\/vc_row%5D%5Bvc_row%5D%5Bvc_column%5D%5Bvc_column_text%5DPalais%20Savastano%20La%20famille%20Savastano%20est%20originaire%20de%20Veroli%20depuis%20le%20XVIIIe%20si\u00e8cle%20et%20s'est%20probablement%20install\u00e9e%20en%20Campanie%20avec%20Francesco%20Paolo%20Savastano,%20dipl\u00f4m\u00e9%20en%20droit%20de%20l'Universit\u00e9%20de%20Naples%20en%201774.%20L'origine%20du%20nom%20de%20famille%20doit%20\u00eatre%20recherch\u00e9e%20dans%20certaines%20transcriptions%20et%20modifications%20phon\u00e9tiques%20dialectales%20du%20nom%20propre%20Sebastiano\u2026\" \/>\r\n<meta property=\"og:locale\" content=\"fr_FR\" \/>\r\n<meta property=\"og:type\" content=\"article\" \/>\r\n<meta property=\"og:title\" content=\"Palais Savastano\" \/>\r\n<meta property=\"og:description\" content=\"[vc_row][vc_column][vc_custom_heading text=&quot;Palais Savastano&quot;][\/vc_column][\/vc_row][vc_row][vc_column][vc_single_image image=&quot;856&quot;][vc_column_text]Palais Savastano[\/vc_column_text][\/vc_column][\/vc_row][vc_row][vc_column][vc_column_text]Palais Savastano La famille Savastano est originaire de Veroli depuis le XVIIIe si\u00e8cle et s&#039;est probablement install\u00e9e en Campanie avec Francesco Paolo Savastano, dipl\u00f4m\u00e9 en droit de l&#039;Universit\u00e9 de Naples en 1774. L&#039;origine du nom de famille doit \u00eatre recherch\u00e9e dans certaines transcriptions et modifications phon\u00e9tiques dialectales du nom propre Sebastiano\u2026\" \/>\r\n<meta property=\"og:url\" content=\"https:\/\/www.visitcaiazzo.it\/fr\/palais-savastano\/\" \/>\r\n<meta property=\"og:site_name\" content=\"VisitCaiazzo\" \/>\r\n<meta property=\"article:publisher\" content=\"https:\/\/www.facebook.com\/associazioneculturalegiovannimarcuccio\" \/>\r\n<meta property=\"article:modified_time\" content=\"2025-03-14T10:31:44+00:00\" \/>\r\n<meta name=\"twitter:card\" content=\"summary_large_image\" \/>\r\n<meta name=\"twitter:label1\" content=\"Dur\u00e9e de lecture estim\u00e9e\" \/>\n\t<meta name=\"twitter:data1\" content=\"1 minute\" \/>\r\n<script type=\"application\/ld+json\" class=\"yoast-schema-graph\">{\"@context\":\"https:\/\/schema.org\",\"@graph\":[{\"@type\":\"WebPage\",\"@id\":\"https:\/\/www.visitcaiazzo.it\/fr\/palais-savastano\/\",\"url\":\"https:\/\/www.visitcaiazzo.it\/fr\/palais-savastano\/\",\"name\":\"Palazzo Savastano - VisitCaiazzo\",\"isPartOf\":{\"@id\":\"https:\/\/www.visitcaiazzo.it\/#website\"},\"datePublished\":\"2022-06-11T09:51:10+00:00\",\"dateModified\":\"2025-03-14T10:31:44+00:00\",\"breadcrumb\":{\"@id\":\"https:\/\/www.visitcaiazzo.it\/fr\/palais-savastano\/#breadcrumb\"},\"inLanguage\":\"fr-FR\",\"potentialAction\":[{\"@type\":\"ReadAction\",\"target\":[\"https:\/\/www.visitcaiazzo.it\/fr\/palais-savastano\/\"]}]},{\"@type\":\"BreadcrumbList\",\"@id\":\"https:\/\/www.visitcaiazzo.it\/fr\/palais-savastano\/#breadcrumb\",\"itemListElement\":[{\"@type\":\"ListItem\",\"position\":1,\"name\":\"Home\",\"item\":\"https:\/\/www.visitcaiazzo.it\/\"},{\"@type\":\"ListItem\",\"position\":2,\"name\":\"Palais Savastano\"}]},{\"@type\":\"WebSite\",\"@id\":\"https:\/\/www.visitcaiazzo.it\/fr\/#website\",\"url\":\"https:\/\/www.visitcaiazzo.it\/fr\/\",\"name\":\"VisitCaiazzo\",\"description\":\"\",\"publisher\":{\"@id\":\"https:\/\/www.visitcaiazzo.it\/fr\/#organization\"},\"potentialAction\":[{\"@type\":\"SearchAction\",\"target\":{\"@type\":\"EntryPoint\",\"urlTemplate\":\"https:\/\/www.visitcaiazzo.it\/fr\/?s={search_term_string}\"},\"query-input\":{\"@type\":\"PropertyValueSpecification\",\"valueRequired\":true,\"valueName\":\"search_term_string\"}}],\"inLanguage\":\"fr-FR\"},{\"@type\":\"Organization\",\"@id\":\"https:\/\/www.visitcaiazzo.it\/fr\/#organization\",\"name\":\"VisitCaiazzo\",\"url\":\"https:\/\/www.visitcaiazzo.it\/fr\/\",\"logo\":{\"@type\":\"ImageObject\",\"inLanguage\":\"fr-FR\",\"@id\":\"https:\/\/www.visitcaiazzo.it\/fr\/#\/schema\/logo\/image\/\",\"url\":\"https:\/\/www.visitcaiazzo.it\/wp-content\/uploads\/2023\/06\/LOGO_DEFINITIVO-APS.png\",\"contentUrl\":\"https:\/\/www.visitcaiazzo.it\/wp-content\/uploads\/2023\/06\/LOGO_DEFINITIVO-APS.png\",\"width\":2778,\"height\":1924,\"caption\":\"VisitCaiazzo\"},\"image\":{\"@id\":\"https:\/\/www.visitcaiazzo.it\/fr\/#\/schema\/logo\/image\/\"},\"sameAs\":[\"https:\/\/www.facebook.com\/associazioneculturalegiovannimarcuccio\",\"https:\/\/www.instagram.com\/ass.culturalegiovannimarcuccio\/\",\"https:\/\/www.youtube.com\/channel\/UCPwrRd0ZNyIMsz7_0XrwkQg\",\"https:\/\/www.tiktok.com\/@ass.culturaleg.marcuccio\"]}]}<\/script>\r\n<!-- \/ Yoast SEO plugin. -->","yoast_head_json":{"title":"Palais Savastano","description":"[vc_row][vc_column][vc_custom_heading text=\"Palais Savastano\"][\/vc_column][\/vc_row][vc_row][vc_column][vc_single_image image=\"856\"][vc_column_text]Palais Savastano[\/vc_column_text][\/vc_column][\/vc_row][vc_row][vc_column][vc_column_text]Palais Savastano La famille Savastano est originaire de Veroli depuis le XVIIIe si\u00e8cle et s'est probablement install\u00e9e en Campanie avec Francesco Paolo Savastano, dipl\u00f4m\u00e9 en droit de l'Universit\u00e9 de Naples en 1774. L'origine du nom de famille doit \u00eatre recherch\u00e9e dans certaines transcriptions et modifications phon\u00e9tiques dialectales du nom propre Sebastiano\u2026","robots":{"index":"index","follow":"follow","max-snippet":"max-snippet:-1","max-image-preview":"max-image-preview:large","max-video-preview":"max-video-preview:-1"},"canonical":"[vc_row][vc_column][vc_custom_heading text=\"Palais Savastano\"][\/vc_column][\/vc_row][vc_row][vc_column][vc_single_image image=\"856\"][vc_column_text]Palais Savastano[\/vc_column_text][\/vc_column][\/vc_row][vc_row][vc_column][vc_column_text]Palais Savastano La famille Savastano est originaire de Veroli depuis le XVIIIe si\u00e8cle et s'est probablement install\u00e9e en Campanie avec Francesco Paolo Savastano, dipl\u00f4m\u00e9 en droit de l'Universit\u00e9 de Naples en 1774. L'origine du nom de famille doit \u00eatre recherch\u00e9e dans certaines transcriptions et modifications phon\u00e9tiques dialectales du nom propre Sebastiano\u2026","og_locale":"fr_FR","og_type":"article","og_title":"Palais Savastano","og_description":"[vc_row][vc_column][vc_custom_heading text=\"Palais Savastano\"][\/vc_column][\/vc_row][vc_row][vc_column][vc_single_image image=\"856\"][vc_column_text]Palais Savastano[\/vc_column_text][\/vc_column][\/vc_row][vc_row][vc_column][vc_column_text]Palais Savastano La famille Savastano est originaire de Veroli depuis le XVIIIe si\u00e8cle et s'est probablement install\u00e9e en Campanie avec Francesco Paolo Savastano, dipl\u00f4m\u00e9 en droit de l'Universit\u00e9 de Naples en 1774. L'origine du nom de famille doit \u00eatre recherch\u00e9e dans certaines transcriptions et modifications phon\u00e9tiques dialectales du nom propre Sebastiano\u2026","og_url":"https:\/\/www.visitcaiazzo.it\/fr\/palais-savastano\/","og_site_name":"VisitCaiazzo","article_publisher":"https:\/\/www.facebook.com\/associazioneculturalegiovannimarcuccio","article_modified_time":"2025-03-14T10:31:44+00:00","twitter_card":"summary_large_image","twitter_misc":{"Dur\u00e9e de lecture estim\u00e9e":"1 minute"},"schema":{"@context":"https:\/\/schema.org","@graph":[{"@type":"WebPage","@id":"https:\/\/www.visitcaiazzo.it\/fr\/palais-savastano\/","url":"https:\/\/www.visitcaiazzo.it\/fr\/palais-savastano\/","name":"Palazzo Savastano - VisitCaiazzo","isPartOf":{"@id":"https:\/\/www.visitcaiazzo.it\/#website"},"datePublished":"2022-06-11T09:51:10+00:00","dateModified":"2025-03-14T10:31:44+00:00","breadcrumb":{"@id":"https:\/\/www.visitcaiazzo.it\/fr\/palais-savastano\/#breadcrumb"},"inLanguage":"fr-FR","potentialAction":[{"@type":"ReadAction","target":["https:\/\/www.visitcaiazzo.it\/fr\/palais-savastano\/"]}]},{"@type":"BreadcrumbList","@id":"https:\/\/www.visitcaiazzo.it\/fr\/palais-savastano\/#breadcrumb","itemListElement":[{"@type":"ListItem","position":1,"name":"Home","item":"https:\/\/www.visitcaiazzo.it\/"},{"@type":"ListItem","position":2,"name":"Palais Savastano"}]},{"@type":"WebSite","@id":"https:\/\/www.visitcaiazzo.it\/fr\/#website","url":"https:\/\/www.visitcaiazzo.it\/fr\/","name":"VisitCaiazzo","description":"","publisher":{"@id":"https:\/\/www.visitcaiazzo.it\/fr\/#organization"},"potentialAction":[{"@type":"SearchAction","target":{"@type":"EntryPoint","urlTemplate":"https:\/\/www.visitcaiazzo.it\/fr\/?s={search_term_string}"},"query-input":{"@type":"PropertyValueSpecification","valueRequired":true,"valueName":"search_term_string"}}],"inLanguage":"fr-FR"},{"@type":"Organization","@id":"https:\/\/www.visitcaiazzo.it\/fr\/#organization","name":"VisitCaiazzo","url":"https:\/\/www.visitcaiazzo.it\/fr\/","logo":{"@type":"ImageObject","inLanguage":"fr-FR","@id":"https:\/\/www.visitcaiazzo.it\/fr\/#\/schema\/logo\/image\/","url":"https:\/\/www.visitcaiazzo.it\/wp-content\/uploads\/2023\/06\/LOGO_DEFINITIVO-APS.png","contentUrl":"https:\/\/www.visitcaiazzo.it\/wp-content\/uploads\/2023\/06\/LOGO_DEFINITIVO-APS.png","width":2778,"height":1924,"caption":"VisitCaiazzo"},"image":{"@id":"https:\/\/www.visitcaiazzo.it\/fr\/#\/schema\/logo\/image\/"},"sameAs":["https:\/\/www.facebook.com\/associazioneculturalegiovannimarcuccio","https:\/\/www.instagram.com\/ass.culturalegiovannimarcuccio\/","https:\/\/www.youtube.com\/channel\/UCPwrRd0ZNyIMsz7_0XrwkQg","https:\/\/www.tiktok.com\/@ass.culturaleg.marcuccio"]}]}},"_links":{"self":[{"href":"https:\/\/www.visitcaiazzo.it\/fr\/wp-json\/wp\/v2\/pages\/855","targetHints":{"allow":["GET"]}}],"collection":[{"href":"https:\/\/www.visitcaiazzo.it\/fr\/wp-json\/wp\/v2\/pages"}],"about":[{"href":"https:\/\/www.visitcaiazzo.it\/fr\/wp-json\/wp\/v2\/types\/page"}],"author":[{"embeddable":true,"href":"https:\/\/www.visitcaiazzo.it\/fr\/wp-json\/wp\/v2\/users\/1"}],"replies":[{"embeddable":true,"href":"https:\/\/www.visitcaiazzo.it\/fr\/wp-json\/wp\/v2\/comments?post=855"}],"version-history":[{"count":3,"href":"https:\/\/www.visitcaiazzo.it\/fr\/wp-json\/wp\/v2\/pages\/855\/revisions"}],"predecessor-version":[{"id":1678,"href":"https:\/\/www.visitcaiazzo.it\/fr\/wp-json\/wp\/v2\/pages\/855\/revisions\/1678"}],"wp:attachment":[{"href":"https:\/\/www.visitcaiazzo.it\/fr\/wp-json\/wp\/v2\/media?parent=855"}],"curies":[{"name":"wp","href":"https:\/\/api.w.org\/{rel}","templated":true}]}}