{"id":821,"date":"2022-06-10T16:51:03","date_gmt":"2022-06-10T14:51:03","guid":{"rendered":"https:\/\/www.visitcaiazzo.it\/?page_id=821"},"modified":"2025-03-13T11:48:01","modified_gmt":"2025-03-13T10:48:01","slug":"abitazione-teresa-musco","status":"publish","type":"page","link":"https:\/\/www.visitcaiazzo.it\/fr\/maison-de-teresa-musco\/","title":{"rendered":"Maison de Teresa Musco"},"content":{"rendered":"<div class=\"wpb-content-wrapper\">[vc_row][vc_column][vc_custom_heading text=&#8221;Teresa Musco&#8221;][\/vc_column][\/vc_row][vc_row][vc_column][vc_single_image image=&#8221;822&#8243;][vc_column_text]Maison de Teresa Musco[\/vc_column_text][\/vc_column][\/vc_row][vc_row][vc_column][vc_column_text]<strong><strong>Teresa Musco<\/strong><\/strong><\/p>\n<p>Traditionnellement, en septembre, une messe est c\u00e9l\u00e9br\u00e9e en l&#8217;honneur de Teresa Musco, une mystique de Caiazzo dont la maison se trouve \u00e0 quelques m\u00e8tres de l&#8217;\u00e9glise, dans l&#8217;une des ruelles caract\u00e9ristiques de Caiazzo.<\/p>\n<p>Teresa Musco est n\u00e9e \u00e0 Caiazzo le 7 juin 1943 et elleest d\u00e9c\u00e9d\u00e9e \u00e0 l&#8217;\u00e2ge de 33 ans le 19 ao\u00fbt 1976.<\/p>\n<p>D\u00e8s l&#8217;enfance, elle a entam\u00e9 un parcours troubl\u00e9 de foi et de souffrance. Au cours de sa vie, elle a eu des visions de J\u00e9sus, de la Vierge, de l&#8217;ange Gabriel et de Padre Pio.<\/p>\n<p>Elle a connu la violence psychologique de son p\u00e8re-ma\u00eetre, les humbles conditions d&#8217;une famille d&#8217;ouvriers honn\u00eates et, d\u00e8s son plus jeune \u00e2ge, la jeune fille a \u00e9t\u00e9 habitu\u00e9e \u00e0 s&#8217;occuper de la maison, de ses fr\u00e8res et de l&#8217;\u00e2ne de la famille.<\/p>\n<p>Gr\u00e2ce \u00e0 de myst\u00e9rieuses interventions divines, Teresa trouve des sommes d&#8217;argent avec lesquelles elle aide sa m\u00e8re, ses fr\u00e8res et s\u0153urs. Son p\u00e8re la traite durement, allant m\u00eame jusqu&#8217;\u00e0 la mettre \u00e0 la porte, l&#8217;accusant d&#8217;\u00eatre une voleuse et une menteuse.<\/p>\n<p>Elle a aussi et surtout connu les souffrances de la Passion du Christ : d\u00e8s l&#8217;\u00e2ge de 25 ans, son corps portait les stigmates sur les mains et les pieds et la plaie au c\u00f4t\u00e9, &#8220;les cinq roses&#8221; dont la Vierge a r\u00e9v\u00e9l\u00e9 qu&#8217;elles viendraient en cadeau \u00e0 Teresa, afin qu&#8217;elle soit toujours plus proche de son \u00e9poux c\u00e9leste.<\/p>\n<p>La Vierge, qui lui apparaissait souvent dans des visions et avec laquelle Teresa parlait en aram\u00e9en ancien, l&#8217;incita un jour \u00e0 \u00e9crire : &#8220;Ma fille, offre, souffre et tais-toi&#8221;, un dicton qu&#8217;elle suivit tout au long de sa vie avec modestie et une foi solide.<\/p>\n<p>Dans son journal, o\u00f9 elle note les rencontres, les paroles et les \u00e9pisodes dont elle a \u00e9t\u00e9 t\u00e9moin et protagoniste, elle \u00e9crit aussi &#8220;Dieu seul comme finalit\u00e9&#8230; J\u00e9sus comme mod\u00e8le&#8230; Marie pour guide &#8230; l&#8217;Ange pour aide &#8230; moi toujours en sacrifice&#8221;.<\/p>\n<p>Au cours de sa vie, elle est souvent pass\u00e9e par les h\u00f4pitaux, \u00e0 cause de douleurs abdominales, d&#8217;un genou enfl\u00e9, puis, \u00e0 partir d&#8217;un certain moment, \u00e0 cause de la fi\u00e8vre et des blessures douloureuses du Calvaire du Christ.<\/p>\n<p>\u00c0 l&#8217;\u00e2ge de 20 ans, elle re\u00e7oit pour la premi\u00e8re fois la visite du moine de Pietrelcina, dot\u00e9 du don de la bilocation (\u00eatre en deux endroits \u00e0 la fois), qu&#8217;elle d\u00e9crit ainsi : &#8220;Le moine \u00e0 la barbe blanche m&#8217;apporte chaque jour J\u00e9sus, tous les jours : ainsi, dans mon c\u0153ur, il y a une place pour l&#8217;amour et un parfum de roses m&#8217;entoure&#8221;.<\/p>\n<p>Dans les derni\u00e8res ann\u00e9es de sa vie, dans sa maison de Caserte, o\u00f9 Teresa s&#8217;\u00e9tait r\u00e9fugi\u00e9e apr\u00e8s avoir \u00e9t\u00e9 chass\u00e9e par son p\u00e8re, les statuettes, les images saintes ont commenc\u00e9 \u00e0 pleurer du sang.<\/p>\n<p>Le proc\u00e8s de b\u00e9atification n&#8217;est pas encore achev\u00e9, les communaut\u00e9s de Caiazzo et de Caserte l&#8217;attendent avec confiance depuis de nombreuses ann\u00e9es.<\/p>\n<p>En 1993, la Fondation Teresa Musco, avec son site Internet, a \u00e9t\u00e9 cr\u00e9\u00e9e \u00e0 Caserte pour comm\u00e9morer et faire conna\u00eetre la vie et l&#8217;\u0153uvre de la mystique et promouvoir sa Canonisation.[\/vc_column_text][\/vc_column][\/vc_row][vc_row][vc_column][vc_raw_html]JTNDaDMlM0UlM0NwJTNFJTNDYiUzRSUzQ2ElMjBocmVmJTNEJTIyaHR0cHMlM0ElMkYlMkZ3d3cudmlzaXRjYWlhenpvLml0JTJGYWJpdGF6aW9uZS10ZXJlc2EtbXVzY28lMkZpbnRlcm5vLXRlcmVzYS1tdXNjbyUyRiUyMCUyMiUzRUludGVybmklMjBkZWxsYSUyMENhc2ElMjBkaSUyMFRlcmVzYSUyME11c2NvJTNDJTJGYSUzRSUzQyUyRmIlM0UlM0MlMkZwJTNFJTNDJTJGaDMlM0U=[\/vc_raw_html][\/vc_column][\/vc_row]\n<\/div>","protected":false},"excerpt":{"rendered":"<p>[vc_row][vc_column][vc_custom_heading text=&#8221;Teresa Musco&#8221;][\/vc_column][\/vc_row][vc_row][vc_column][vc_single_image image=&#8221;822&#8243;][vc_column_text]Maison de Teresa Musco[\/vc_column_text][\/vc_column][\/vc_row][vc_row][vc_column][vc_column_text]Teresa Musco Traditionnellement, en septembre, une messe est c\u00e9l\u00e9br\u00e9e en l&#8217;honneur de Teresa Musco, une mystique de Caiazzo dont la maison se trouve \u00e0 quelques m\u00e8tres de l&#8217;\u00e9glise, dans l&#8217;une des ruelles caract\u00e9ristiques de Caiazzo. Teresa Musco est n\u00e9e \u00e0 Caiazzo le 7 juin 1943 et elleest d\u00e9c\u00e9d\u00e9e \u00e0&hellip;<\/p>\n","protected":false},"author":1,"featured_media":0,"parent":0,"menu_order":0,"comment_status":"closed","ping_status":"closed","template":"","meta":{"footnotes":""},"class_list":["post-821","page","type-page","status-publish","hentry","entry","no-media"],"yoast_head":"<!-- This site is optimized with the Yoast SEO plugin v23.6 - https:\/\/yoast.com\/wordpress\/plugins\/seo\/ -->\r\n<title>Maison de Teresa Musco<\/title>\r\n<meta name=\"description\" content=\"[vc_row][vc_column][vc_custom_heading text=&quot;Teresa Musco&quot;][\/vc_column][\/vc_row][vc_row][vc_column][vc_single_image image=&quot;822&quot;][vc_column_text]Maison de Teresa Musco[\/vc_column_text][\/vc_column][\/vc_row][vc_row][vc_column][vc_column_text]Teresa Musco Traditionnellement, en septembre, une messe est c\u00e9l\u00e9br\u00e9e en l&#039;honneur de Teresa Musco, une mystique de Caiazzo dont la maison se trouve \u00e0 quelques m\u00e8tres de l&#039;\u00e9glise, dans l&#039;une des ruelles caract\u00e9ristiques de Caiazzo. Teresa Musco est n\u00e9e \u00e0 Caiazzo le 7 juin 1943 et elleest d\u00e9c\u00e9d\u00e9e \u00e0\u2026\" \/>\r\n<meta name=\"robots\" content=\"index, follow, max-snippet:-1, max-image-preview:large, max-video-preview:-1\" \/>\r\n<link rel=\"canonical\" href=\"http:\/\/[vc_row][vc_column][vc_custom_heading%20text=Teresa%20Musco][\/vc_column%5D%5B\/vc_row%5D%5Bvc_row%5D%5Bvc_column%5D%5Bvc_single_image%20image=822%5D%5Bvc_column_text%5DMaison%20de%20Teresa%20Musco%5B\/vc_column_text%5D%5B\/vc_column%5D%5B\/vc_row%5D%5Bvc_row%5D%5Bvc_column%5D%5Bvc_column_text%5DTeresa%20Musco%20Traditionnellement,%20en%20septembre,%20une%20messe%20est%20c\u00e9l\u00e9br\u00e9e%20en%20l'honneur%20de%20Teresa%20Musco,%20une%20mystique%20de%20Caiazzo%20dont%20la%20maison%20se%20trouve%20\u00e0%20quelques%20m\u00e8tres%20de%20l'\u00e9glise,%20dans%20l'une%20des%20ruelles%20caract\u00e9ristiques%20de%20Caiazzo.%20Teresa%20Musco%20est%20n\u00e9e%20\u00e0%20Caiazzo%20le%207%20juin%201943%20et%20elleest%20d\u00e9c\u00e9d\u00e9e%20\u00e0\u2026\" \/>\r\n<meta property=\"og:locale\" content=\"fr_FR\" \/>\r\n<meta property=\"og:type\" content=\"article\" \/>\r\n<meta property=\"og:title\" content=\"Maison de Teresa Musco\" \/>\r\n<meta property=\"og:description\" content=\"[vc_row][vc_column][vc_custom_heading text=&quot;Teresa Musco&quot;][\/vc_column][\/vc_row][vc_row][vc_column][vc_single_image image=&quot;822&quot;][vc_column_text]Maison de Teresa Musco[\/vc_column_text][\/vc_column][\/vc_row][vc_row][vc_column][vc_column_text]Teresa Musco Traditionnellement, en septembre, une messe est c\u00e9l\u00e9br\u00e9e en l&#039;honneur de Teresa Musco, une mystique de Caiazzo dont la maison se trouve \u00e0 quelques m\u00e8tres de l&#039;\u00e9glise, dans l&#039;une des ruelles caract\u00e9ristiques de Caiazzo. Teresa Musco est n\u00e9e \u00e0 Caiazzo le 7 juin 1943 et elleest d\u00e9c\u00e9d\u00e9e \u00e0\u2026\" \/>\r\n<meta property=\"og:url\" content=\"https:\/\/www.visitcaiazzo.it\/fr\/maison-de-teresa-musco\/\" \/>\r\n<meta property=\"og:site_name\" content=\"VisitCaiazzo\" \/>\r\n<meta property=\"article:publisher\" content=\"https:\/\/www.facebook.com\/associazioneculturalegiovannimarcuccio\" \/>\r\n<meta property=\"article:modified_time\" content=\"2025-03-13T10:48:01+00:00\" \/>\r\n<meta name=\"twitter:card\" content=\"summary_large_image\" \/>\r\n<meta name=\"twitter:label1\" content=\"Dur\u00e9e de lecture estim\u00e9e\" \/>\n\t<meta name=\"twitter:data1\" content=\"3 minutes\" \/>\r\n<script type=\"application\/ld+json\" class=\"yoast-schema-graph\">{\"@context\":\"https:\/\/schema.org\",\"@graph\":[{\"@type\":\"WebPage\",\"@id\":\"https:\/\/www.visitcaiazzo.it\/fr\/maison-de-teresa-musco\/\",\"url\":\"https:\/\/www.visitcaiazzo.it\/fr\/maison-de-teresa-musco\/\",\"name\":\"Abitazione Teresa Musco - VisitCaiazzo\",\"isPartOf\":{\"@id\":\"https:\/\/www.visitcaiazzo.it\/#website\"},\"datePublished\":\"2022-06-10T14:51:03+00:00\",\"dateModified\":\"2025-03-13T10:48:01+00:00\",\"breadcrumb\":{\"@id\":\"https:\/\/www.visitcaiazzo.it\/fr\/maison-de-teresa-musco\/#breadcrumb\"},\"inLanguage\":\"fr-FR\",\"potentialAction\":[{\"@type\":\"ReadAction\",\"target\":[\"https:\/\/www.visitcaiazzo.it\/fr\/maison-de-teresa-musco\/\"]}]},{\"@type\":\"BreadcrumbList\",\"@id\":\"https:\/\/www.visitcaiazzo.it\/fr\/maison-de-teresa-musco\/#breadcrumb\",\"itemListElement\":[{\"@type\":\"ListItem\",\"position\":1,\"name\":\"Home\",\"item\":\"https:\/\/www.visitcaiazzo.it\/\"},{\"@type\":\"ListItem\",\"position\":2,\"name\":\"Maison de Teresa Musco\"}]},{\"@type\":\"WebSite\",\"@id\":\"https:\/\/www.visitcaiazzo.it\/fr\/#website\",\"url\":\"https:\/\/www.visitcaiazzo.it\/fr\/\",\"name\":\"VisitCaiazzo\",\"description\":\"\",\"publisher\":{\"@id\":\"https:\/\/www.visitcaiazzo.it\/fr\/#organization\"},\"potentialAction\":[{\"@type\":\"SearchAction\",\"target\":{\"@type\":\"EntryPoint\",\"urlTemplate\":\"https:\/\/www.visitcaiazzo.it\/fr\/?s={search_term_string}\"},\"query-input\":{\"@type\":\"PropertyValueSpecification\",\"valueRequired\":true,\"valueName\":\"search_term_string\"}}],\"inLanguage\":\"fr-FR\"},{\"@type\":\"Organization\",\"@id\":\"https:\/\/www.visitcaiazzo.it\/fr\/#organization\",\"name\":\"VisitCaiazzo\",\"url\":\"https:\/\/www.visitcaiazzo.it\/fr\/\",\"logo\":{\"@type\":\"ImageObject\",\"inLanguage\":\"fr-FR\",\"@id\":\"https:\/\/www.visitcaiazzo.it\/fr\/#\/schema\/logo\/image\/\",\"url\":\"https:\/\/www.visitcaiazzo.it\/wp-content\/uploads\/2023\/06\/LOGO_DEFINITIVO-APS.png\",\"contentUrl\":\"https:\/\/www.visitcaiazzo.it\/wp-content\/uploads\/2023\/06\/LOGO_DEFINITIVO-APS.png\",\"width\":2778,\"height\":1924,\"caption\":\"VisitCaiazzo\"},\"image\":{\"@id\":\"https:\/\/www.visitcaiazzo.it\/fr\/#\/schema\/logo\/image\/\"},\"sameAs\":[\"https:\/\/www.facebook.com\/associazioneculturalegiovannimarcuccio\",\"https:\/\/www.instagram.com\/ass.culturalegiovannimarcuccio\/\",\"https:\/\/www.youtube.com\/channel\/UCPwrRd0ZNyIMsz7_0XrwkQg\",\"https:\/\/www.tiktok.com\/@ass.culturaleg.marcuccio\"]}]}<\/script>\r\n<!-- \/ Yoast SEO plugin. -->","yoast_head_json":{"title":"Maison de Teresa Musco","description":"[vc_row][vc_column][vc_custom_heading text=\"Teresa Musco\"][\/vc_column][\/vc_row][vc_row][vc_column][vc_single_image image=\"822\"][vc_column_text]Maison de Teresa Musco[\/vc_column_text][\/vc_column][\/vc_row][vc_row][vc_column][vc_column_text]Teresa Musco Traditionnellement, en septembre, une messe est c\u00e9l\u00e9br\u00e9e en l'honneur de Teresa Musco, une mystique de Caiazzo dont la maison se trouve \u00e0 quelques m\u00e8tres de l'\u00e9glise, dans l'une des ruelles caract\u00e9ristiques de Caiazzo. Teresa Musco est n\u00e9e \u00e0 Caiazzo le 7 juin 1943 et elleest d\u00e9c\u00e9d\u00e9e \u00e0\u2026","robots":{"index":"index","follow":"follow","max-snippet":"max-snippet:-1","max-image-preview":"max-image-preview:large","max-video-preview":"max-video-preview:-1"},"canonical":"[vc_row][vc_column][vc_custom_heading text=\"Teresa Musco\"][\/vc_column][\/vc_row][vc_row][vc_column][vc_single_image image=\"822\"][vc_column_text]Maison de Teresa Musco[\/vc_column_text][\/vc_column][\/vc_row][vc_row][vc_column][vc_column_text]Teresa Musco Traditionnellement, en septembre, une messe est c\u00e9l\u00e9br\u00e9e en l'honneur de Teresa Musco, une mystique de Caiazzo dont la maison se trouve \u00e0 quelques m\u00e8tres de l'\u00e9glise, dans l'une des ruelles caract\u00e9ristiques de Caiazzo. Teresa Musco est n\u00e9e \u00e0 Caiazzo le 7 juin 1943 et elleest d\u00e9c\u00e9d\u00e9e \u00e0\u2026","og_locale":"fr_FR","og_type":"article","og_title":"Maison de Teresa Musco","og_description":"[vc_row][vc_column][vc_custom_heading text=\"Teresa Musco\"][\/vc_column][\/vc_row][vc_row][vc_column][vc_single_image image=\"822\"][vc_column_text]Maison de Teresa Musco[\/vc_column_text][\/vc_column][\/vc_row][vc_row][vc_column][vc_column_text]Teresa Musco Traditionnellement, en septembre, une messe est c\u00e9l\u00e9br\u00e9e en l'honneur de Teresa Musco, une mystique de Caiazzo dont la maison se trouve \u00e0 quelques m\u00e8tres de l'\u00e9glise, dans l'une des ruelles caract\u00e9ristiques de Caiazzo. Teresa Musco est n\u00e9e \u00e0 Caiazzo le 7 juin 1943 et elleest d\u00e9c\u00e9d\u00e9e \u00e0\u2026","og_url":"https:\/\/www.visitcaiazzo.it\/fr\/maison-de-teresa-musco\/","og_site_name":"VisitCaiazzo","article_publisher":"https:\/\/www.facebook.com\/associazioneculturalegiovannimarcuccio","article_modified_time":"2025-03-13T10:48:01+00:00","twitter_card":"summary_large_image","twitter_misc":{"Dur\u00e9e de lecture estim\u00e9e":"3 minutes"},"schema":{"@context":"https:\/\/schema.org","@graph":[{"@type":"WebPage","@id":"https:\/\/www.visitcaiazzo.it\/fr\/maison-de-teresa-musco\/","url":"https:\/\/www.visitcaiazzo.it\/fr\/maison-de-teresa-musco\/","name":"Abitazione Teresa Musco - VisitCaiazzo","isPartOf":{"@id":"https:\/\/www.visitcaiazzo.it\/#website"},"datePublished":"2022-06-10T14:51:03+00:00","dateModified":"2025-03-13T10:48:01+00:00","breadcrumb":{"@id":"https:\/\/www.visitcaiazzo.it\/fr\/maison-de-teresa-musco\/#breadcrumb"},"inLanguage":"fr-FR","potentialAction":[{"@type":"ReadAction","target":["https:\/\/www.visitcaiazzo.it\/fr\/maison-de-teresa-musco\/"]}]},{"@type":"BreadcrumbList","@id":"https:\/\/www.visitcaiazzo.it\/fr\/maison-de-teresa-musco\/#breadcrumb","itemListElement":[{"@type":"ListItem","position":1,"name":"Home","item":"https:\/\/www.visitcaiazzo.it\/"},{"@type":"ListItem","position":2,"name":"Maison de Teresa Musco"}]},{"@type":"WebSite","@id":"https:\/\/www.visitcaiazzo.it\/fr\/#website","url":"https:\/\/www.visitcaiazzo.it\/fr\/","name":"VisitCaiazzo","description":"","publisher":{"@id":"https:\/\/www.visitcaiazzo.it\/fr\/#organization"},"potentialAction":[{"@type":"SearchAction","target":{"@type":"EntryPoint","urlTemplate":"https:\/\/www.visitcaiazzo.it\/fr\/?s={search_term_string}"},"query-input":{"@type":"PropertyValueSpecification","valueRequired":true,"valueName":"search_term_string"}}],"inLanguage":"fr-FR"},{"@type":"Organization","@id":"https:\/\/www.visitcaiazzo.it\/fr\/#organization","name":"VisitCaiazzo","url":"https:\/\/www.visitcaiazzo.it\/fr\/","logo":{"@type":"ImageObject","inLanguage":"fr-FR","@id":"https:\/\/www.visitcaiazzo.it\/fr\/#\/schema\/logo\/image\/","url":"https:\/\/www.visitcaiazzo.it\/wp-content\/uploads\/2023\/06\/LOGO_DEFINITIVO-APS.png","contentUrl":"https:\/\/www.visitcaiazzo.it\/wp-content\/uploads\/2023\/06\/LOGO_DEFINITIVO-APS.png","width":2778,"height":1924,"caption":"VisitCaiazzo"},"image":{"@id":"https:\/\/www.visitcaiazzo.it\/fr\/#\/schema\/logo\/image\/"},"sameAs":["https:\/\/www.facebook.com\/associazioneculturalegiovannimarcuccio","https:\/\/www.instagram.com\/ass.culturalegiovannimarcuccio\/","https:\/\/www.youtube.com\/channel\/UCPwrRd0ZNyIMsz7_0XrwkQg","https:\/\/www.tiktok.com\/@ass.culturaleg.marcuccio"]}]}},"_links":{"self":[{"href":"https:\/\/www.visitcaiazzo.it\/fr\/wp-json\/wp\/v2\/pages\/821","targetHints":{"allow":["GET"]}}],"collection":[{"href":"https:\/\/www.visitcaiazzo.it\/fr\/wp-json\/wp\/v2\/pages"}],"about":[{"href":"https:\/\/www.visitcaiazzo.it\/fr\/wp-json\/wp\/v2\/types\/page"}],"author":[{"embeddable":true,"href":"https:\/\/www.visitcaiazzo.it\/fr\/wp-json\/wp\/v2\/users\/1"}],"replies":[{"embeddable":true,"href":"https:\/\/www.visitcaiazzo.it\/fr\/wp-json\/wp\/v2\/comments?post=821"}],"version-history":[{"count":1,"href":"https:\/\/www.visitcaiazzo.it\/fr\/wp-json\/wp\/v2\/pages\/821\/revisions"}],"predecessor-version":[{"id":1668,"href":"https:\/\/www.visitcaiazzo.it\/fr\/wp-json\/wp\/v2\/pages\/821\/revisions\/1668"}],"wp:attachment":[{"href":"https:\/\/www.visitcaiazzo.it\/fr\/wp-json\/wp\/v2\/media?parent=821"}],"curies":[{"name":"wp","href":"https:\/\/api.w.org\/{rel}","templated":true}]}}