{"id":790,"date":"2022-05-28T17:35:09","date_gmt":"2022-05-28T15:35:09","guid":{"rendered":"https:\/\/www.visitcaiazzo.it\/?page_id=790"},"modified":"2022-09-17T13:22:04","modified_gmt":"2022-09-17T11:22:04","slug":"il-campanile","status":"publish","type":"page","link":"https:\/\/www.visitcaiazzo.it\/fr\/le-clocher\/","title":{"rendered":"Le clocher"},"content":{"rendered":"<div class=\"wpb-content-wrapper\">[vc_row][vc_column][vc_custom_heading text=&#8221;Le clocher&#8221;][\/vc_column][\/vc_row][vc_row][vc_column][vc_single_image image=&#8221;791&#8243;][vc_column_text]Le clocher[\/vc_column_text][\/vc_column][\/vc_row][vc_row][vc_column][vc_column_text]Le clocher<\/p>\n<p>Le clocher se d\u00e9tache de la structure dans le jardin de l&#8217;Episcopio, aujourd&#8217;hui espace appartenant aux moniales Pauvres Filles de la Visitation de Marie avec le Centre M\u00e8re Claudia.<\/p>\n<p>Il est \u00e9quip\u00e9 de quatre cloches, dont la deuxi\u00e8me, construite en 1625, est d\u00e9di\u00e9e \u00e0 Saint Stefano, tandis que la quatri\u00e8me est d\u00e9di\u00e9e \u00e0 Saint Ferdinando<span style=\"color: var(--wpex-text-2); font-family: var(--wpex-body-font-family, var(--wpex-font-sans)); font-size: var(--wpex-body-font-size, 13px);\">[\/vc_column_text][\/vc_column][\/vc_row]<\/span><\/p>\n<\/div>","protected":false},"excerpt":{"rendered":"<p>[vc_row][vc_column][vc_custom_heading text=&#8221;Le clocher&#8221;][\/vc_column][\/vc_row][vc_row][vc_column][vc_single_image image=&#8221;791&#8243;][vc_column_text]Le clocher[\/vc_column_text][\/vc_column][\/vc_row][vc_row][vc_column][vc_column_text]Le clocher Le clocher se d\u00e9tache de la structure dans le jardin de l&#8217;Episcopio, aujourd&#8217;hui espace appartenant aux moniales Pauvres Filles de la Visitation de Marie avec le Centre M\u00e8re Claudia. Il est \u00e9quip\u00e9 de quatre cloches, dont la deuxi\u00e8me, construite en 1625, est d\u00e9di\u00e9e \u00e0 Saint Stefano, tandis que la&hellip;<\/p>\n","protected":false},"author":1,"featured_media":0,"parent":0,"menu_order":0,"comment_status":"closed","ping_status":"closed","template":"","meta":{"footnotes":""},"class_list":["post-790","page","type-page","status-publish","hentry","entry","no-media"],"yoast_head":"<!-- This site is optimized with the Yoast SEO plugin v23.6 - https:\/\/yoast.com\/wordpress\/plugins\/seo\/ -->\r\n<title>Le clocher<\/title>\r\n<meta name=\"description\" content=\"[vc_row][vc_column][vc_custom_heading text=&quot;Le clocher&quot;][\/vc_column][\/vc_row][vc_row][vc_column][vc_single_image image=&quot;791&quot;][vc_column_text]Le clocher[\/vc_column_text][\/vc_column][\/vc_row][vc_row][vc_column][vc_column_text]Le clocher Le clocher se d\u00e9tache de la structure dans le jardin de l&#039;Episcopio, aujourd&#039;hui espace appartenant aux moniales Pauvres Filles de la Visitation de Marie avec le Centre M\u00e8re Claudia. Il est \u00e9quip\u00e9 de quatre cloches, dont la deuxi\u00e8me, construite en 1625, est d\u00e9di\u00e9e \u00e0 Saint Stefano, tandis que la\u2026\" \/>\r\n<meta name=\"robots\" content=\"index, follow, max-snippet:-1, max-image-preview:large, max-video-preview:-1\" \/>\r\n<link rel=\"canonical\" href=\"http:\/\/[vc_row][vc_column][vc_custom_heading%20text=Le%20clocher][\/vc_column%5D%5B\/vc_row%5D%5Bvc_row%5D%5Bvc_column%5D%5Bvc_single_image%20image=791%5D%5Bvc_column_text%5DLe%20clocher%5B\/vc_column_text%5D%5B\/vc_column%5D%5B\/vc_row%5D%5Bvc_row%5D%5Bvc_column%5D%5Bvc_column_text%5DLe%20clocher%20Le%20clocher%20se%20d\u00e9tache%20de%20la%20structure%20dans%20le%20jardin%20de%20l'Episcopio,%20aujourd'hui%20espace%20appartenant%20aux%20moniales%20Pauvres%20Filles%20de%20la%20Visitation%20de%20Marie%20avec%20le%20Centre%20M\u00e8re%20Claudia.%20Il%20est%20\u00e9quip\u00e9%20de%20quatre%20cloches,%20dont%20la%20deuxi\u00e8me,%20construite%20en%201625,%20est%20d\u00e9di\u00e9e%20\u00e0%20Saint%20Stefano,%20tandis%20que%20la\u2026\" \/>\r\n<meta property=\"og:locale\" content=\"fr_FR\" \/>\r\n<meta property=\"og:type\" content=\"article\" \/>\r\n<meta property=\"og:title\" content=\"Le clocher\" \/>\r\n<meta property=\"og:description\" content=\"[vc_row][vc_column][vc_custom_heading text=&quot;Le clocher&quot;][\/vc_column][\/vc_row][vc_row][vc_column][vc_single_image image=&quot;791&quot;][vc_column_text]Le clocher[\/vc_column_text][\/vc_column][\/vc_row][vc_row][vc_column][vc_column_text]Le clocher Le clocher se d\u00e9tache de la structure dans le jardin de l&#039;Episcopio, aujourd&#039;hui espace appartenant aux moniales Pauvres Filles de la Visitation de Marie avec le Centre M\u00e8re Claudia. Il est \u00e9quip\u00e9 de quatre cloches, dont la deuxi\u00e8me, construite en 1625, est d\u00e9di\u00e9e \u00e0 Saint Stefano, tandis que la\u2026\" \/>\r\n<meta property=\"og:url\" content=\"https:\/\/www.visitcaiazzo.it\/fr\/le-clocher\/\" \/>\r\n<meta property=\"og:site_name\" content=\"VisitCaiazzo\" \/>\r\n<meta property=\"article:publisher\" content=\"https:\/\/www.facebook.com\/associazioneculturalegiovannimarcuccio\" \/>\r\n<meta property=\"article:modified_time\" content=\"2022-09-17T11:22:04+00:00\" \/>\r\n<meta name=\"twitter:card\" content=\"summary_large_image\" \/>\r\n<script type=\"application\/ld+json\" class=\"yoast-schema-graph\">{\"@context\":\"https:\/\/schema.org\",\"@graph\":[{\"@type\":\"WebPage\",\"@id\":\"https:\/\/www.visitcaiazzo.it\/fr\/le-clocher\/\",\"url\":\"https:\/\/www.visitcaiazzo.it\/fr\/le-clocher\/\",\"name\":\"Il Campanile - VisitCaiazzo\",\"isPartOf\":{\"@id\":\"https:\/\/www.visitcaiazzo.it\/#website\"},\"datePublished\":\"2022-05-28T15:35:09+00:00\",\"dateModified\":\"2022-09-17T11:22:04+00:00\",\"breadcrumb\":{\"@id\":\"https:\/\/www.visitcaiazzo.it\/fr\/le-clocher\/#breadcrumb\"},\"inLanguage\":\"fr-FR\",\"potentialAction\":[{\"@type\":\"ReadAction\",\"target\":[\"https:\/\/www.visitcaiazzo.it\/fr\/le-clocher\/\"]}]},{\"@type\":\"BreadcrumbList\",\"@id\":\"https:\/\/www.visitcaiazzo.it\/fr\/le-clocher\/#breadcrumb\",\"itemListElement\":[{\"@type\":\"ListItem\",\"position\":1,\"name\":\"Home\",\"item\":\"https:\/\/www.visitcaiazzo.it\/\"},{\"@type\":\"ListItem\",\"position\":2,\"name\":\"Le clocher\"}]},{\"@type\":\"WebSite\",\"@id\":\"https:\/\/www.visitcaiazzo.it\/fr\/#website\",\"url\":\"https:\/\/www.visitcaiazzo.it\/fr\/\",\"name\":\"VisitCaiazzo\",\"description\":\"\",\"publisher\":{\"@id\":\"https:\/\/www.visitcaiazzo.it\/fr\/#organization\"},\"potentialAction\":[{\"@type\":\"SearchAction\",\"target\":{\"@type\":\"EntryPoint\",\"urlTemplate\":\"https:\/\/www.visitcaiazzo.it\/fr\/?s={search_term_string}\"},\"query-input\":{\"@type\":\"PropertyValueSpecification\",\"valueRequired\":true,\"valueName\":\"search_term_string\"}}],\"inLanguage\":\"fr-FR\"},{\"@type\":\"Organization\",\"@id\":\"https:\/\/www.visitcaiazzo.it\/fr\/#organization\",\"name\":\"VisitCaiazzo\",\"url\":\"https:\/\/www.visitcaiazzo.it\/fr\/\",\"logo\":{\"@type\":\"ImageObject\",\"inLanguage\":\"fr-FR\",\"@id\":\"https:\/\/www.visitcaiazzo.it\/fr\/#\/schema\/logo\/image\/\",\"url\":\"https:\/\/www.visitcaiazzo.it\/wp-content\/uploads\/2023\/06\/LOGO_DEFINITIVO-APS.png\",\"contentUrl\":\"https:\/\/www.visitcaiazzo.it\/wp-content\/uploads\/2023\/06\/LOGO_DEFINITIVO-APS.png\",\"width\":2778,\"height\":1924,\"caption\":\"VisitCaiazzo\"},\"image\":{\"@id\":\"https:\/\/www.visitcaiazzo.it\/fr\/#\/schema\/logo\/image\/\"},\"sameAs\":[\"https:\/\/www.facebook.com\/associazioneculturalegiovannimarcuccio\",\"https:\/\/www.instagram.com\/ass.culturalegiovannimarcuccio\/\",\"https:\/\/www.youtube.com\/channel\/UCPwrRd0ZNyIMsz7_0XrwkQg\",\"https:\/\/www.tiktok.com\/@ass.culturaleg.marcuccio\"]}]}<\/script>\r\n<!-- \/ Yoast SEO plugin. -->","yoast_head_json":{"title":"Le clocher","description":"[vc_row][vc_column][vc_custom_heading text=\"Le clocher\"][\/vc_column][\/vc_row][vc_row][vc_column][vc_single_image image=\"791\"][vc_column_text]Le clocher[\/vc_column_text][\/vc_column][\/vc_row][vc_row][vc_column][vc_column_text]Le clocher Le clocher se d\u00e9tache de la structure dans le jardin de l'Episcopio, aujourd'hui espace appartenant aux moniales Pauvres Filles de la Visitation de Marie avec le Centre M\u00e8re Claudia. Il est \u00e9quip\u00e9 de quatre cloches, dont la deuxi\u00e8me, construite en 1625, est d\u00e9di\u00e9e \u00e0 Saint Stefano, tandis que la\u2026","robots":{"index":"index","follow":"follow","max-snippet":"max-snippet:-1","max-image-preview":"max-image-preview:large","max-video-preview":"max-video-preview:-1"},"canonical":"[vc_row][vc_column][vc_custom_heading text=\"Le clocher\"][\/vc_column][\/vc_row][vc_row][vc_column][vc_single_image image=\"791\"][vc_column_text]Le clocher[\/vc_column_text][\/vc_column][\/vc_row][vc_row][vc_column][vc_column_text]Le clocher Le clocher se d\u00e9tache de la structure dans le jardin de l'Episcopio, aujourd'hui espace appartenant aux moniales Pauvres Filles de la Visitation de Marie avec le Centre M\u00e8re Claudia. Il est \u00e9quip\u00e9 de quatre cloches, dont la deuxi\u00e8me, construite en 1625, est d\u00e9di\u00e9e \u00e0 Saint Stefano, tandis que la\u2026","og_locale":"fr_FR","og_type":"article","og_title":"Le clocher","og_description":"[vc_row][vc_column][vc_custom_heading text=\"Le clocher\"][\/vc_column][\/vc_row][vc_row][vc_column][vc_single_image image=\"791\"][vc_column_text]Le clocher[\/vc_column_text][\/vc_column][\/vc_row][vc_row][vc_column][vc_column_text]Le clocher Le clocher se d\u00e9tache de la structure dans le jardin de l'Episcopio, aujourd'hui espace appartenant aux moniales Pauvres Filles de la Visitation de Marie avec le Centre M\u00e8re Claudia. Il est \u00e9quip\u00e9 de quatre cloches, dont la deuxi\u00e8me, construite en 1625, est d\u00e9di\u00e9e \u00e0 Saint Stefano, tandis que la\u2026","og_url":"https:\/\/www.visitcaiazzo.it\/fr\/le-clocher\/","og_site_name":"VisitCaiazzo","article_publisher":"https:\/\/www.facebook.com\/associazioneculturalegiovannimarcuccio","article_modified_time":"2022-09-17T11:22:04+00:00","twitter_card":"summary_large_image","schema":{"@context":"https:\/\/schema.org","@graph":[{"@type":"WebPage","@id":"https:\/\/www.visitcaiazzo.it\/fr\/le-clocher\/","url":"https:\/\/www.visitcaiazzo.it\/fr\/le-clocher\/","name":"Il Campanile - VisitCaiazzo","isPartOf":{"@id":"https:\/\/www.visitcaiazzo.it\/#website"},"datePublished":"2022-05-28T15:35:09+00:00","dateModified":"2022-09-17T11:22:04+00:00","breadcrumb":{"@id":"https:\/\/www.visitcaiazzo.it\/fr\/le-clocher\/#breadcrumb"},"inLanguage":"fr-FR","potentialAction":[{"@type":"ReadAction","target":["https:\/\/www.visitcaiazzo.it\/fr\/le-clocher\/"]}]},{"@type":"BreadcrumbList","@id":"https:\/\/www.visitcaiazzo.it\/fr\/le-clocher\/#breadcrumb","itemListElement":[{"@type":"ListItem","position":1,"name":"Home","item":"https:\/\/www.visitcaiazzo.it\/"},{"@type":"ListItem","position":2,"name":"Le clocher"}]},{"@type":"WebSite","@id":"https:\/\/www.visitcaiazzo.it\/fr\/#website","url":"https:\/\/www.visitcaiazzo.it\/fr\/","name":"VisitCaiazzo","description":"","publisher":{"@id":"https:\/\/www.visitcaiazzo.it\/fr\/#organization"},"potentialAction":[{"@type":"SearchAction","target":{"@type":"EntryPoint","urlTemplate":"https:\/\/www.visitcaiazzo.it\/fr\/?s={search_term_string}"},"query-input":{"@type":"PropertyValueSpecification","valueRequired":true,"valueName":"search_term_string"}}],"inLanguage":"fr-FR"},{"@type":"Organization","@id":"https:\/\/www.visitcaiazzo.it\/fr\/#organization","name":"VisitCaiazzo","url":"https:\/\/www.visitcaiazzo.it\/fr\/","logo":{"@type":"ImageObject","inLanguage":"fr-FR","@id":"https:\/\/www.visitcaiazzo.it\/fr\/#\/schema\/logo\/image\/","url":"https:\/\/www.visitcaiazzo.it\/wp-content\/uploads\/2023\/06\/LOGO_DEFINITIVO-APS.png","contentUrl":"https:\/\/www.visitcaiazzo.it\/wp-content\/uploads\/2023\/06\/LOGO_DEFINITIVO-APS.png","width":2778,"height":1924,"caption":"VisitCaiazzo"},"image":{"@id":"https:\/\/www.visitcaiazzo.it\/fr\/#\/schema\/logo\/image\/"},"sameAs":["https:\/\/www.facebook.com\/associazioneculturalegiovannimarcuccio","https:\/\/www.instagram.com\/ass.culturalegiovannimarcuccio\/","https:\/\/www.youtube.com\/channel\/UCPwrRd0ZNyIMsz7_0XrwkQg","https:\/\/www.tiktok.com\/@ass.culturaleg.marcuccio"]}]}},"_links":{"self":[{"href":"https:\/\/www.visitcaiazzo.it\/fr\/wp-json\/wp\/v2\/pages\/790","targetHints":{"allow":["GET"]}}],"collection":[{"href":"https:\/\/www.visitcaiazzo.it\/fr\/wp-json\/wp\/v2\/pages"}],"about":[{"href":"https:\/\/www.visitcaiazzo.it\/fr\/wp-json\/wp\/v2\/types\/page"}],"author":[{"embeddable":true,"href":"https:\/\/www.visitcaiazzo.it\/fr\/wp-json\/wp\/v2\/users\/1"}],"replies":[{"embeddable":true,"href":"https:\/\/www.visitcaiazzo.it\/fr\/wp-json\/wp\/v2\/comments?post=790"}],"version-history":[{"count":0,"href":"https:\/\/www.visitcaiazzo.it\/fr\/wp-json\/wp\/v2\/pages\/790\/revisions"}],"wp:attachment":[{"href":"https:\/\/www.visitcaiazzo.it\/fr\/wp-json\/wp\/v2\/media?parent=790"}],"curies":[{"name":"wp","href":"https:\/\/api.w.org\/{rel}","templated":true}]}}