{"id":626,"date":"2022-05-13T18:11:19","date_gmt":"2022-05-13T16:11:19","guid":{"rendered":"https:\/\/www.visitcaiazzo.it\/?page_id=626"},"modified":"2022-11-09T17:08:28","modified_gmt":"2022-11-09T16:08:28","slug":"storia-del-castello","status":"publish","type":"page","link":"https:\/\/www.visitcaiazzo.it\/fr\/le-chateau\/histoire-du-chateau\/","title":{"rendered":"Histoire du ch\u00e2teau"},"content":{"rendered":"<div class=\"wpb-content-wrapper\">[vc_row][vc_column][vc_custom_heading text=&#8221;Histoire du ch\u00e2teau&#8221;][\/vc_column][\/vc_row][vc_row][vc_column][vc_column_text]<span style=\"color: var(--wpex-text-2); font-family: var(--wpex-body-font-family, var(--wpex-font-sans)); font-size: var(--wpex-body-font-size, 13px);\"><span style=\"color: var(--wpex-text-2); font-family: var(--wpex-body-font-family, var(--wpex-font-sans)); font-size: var(--wpex-body-font-size, 13px);\">Succession des familles propri\u00e9taires<\/span><\/span><\/p>\n<p>Dans la seconde moiti\u00e9 du IXe si\u00e8cle, le ch\u00e2teau des Lombards \u00e9tait tenu par Teodorico, comte de Caiazzo. \u00c0 l&#8217;\u00e9poque normande appara\u00eet Rainulfo, qui accompagne \u00e0 Rome l&#8217;abb\u00e9 Desiderio, \u00e9lu pape sous le nom de Vittorio III. Avec la conqu\u00eate du royaume par Ruggiero II, le ch\u00e2teau fut dot\u00e9 d&#8217;une garnison permanente.<\/p>\n<p>En 1229, sous les Souabes, la ville de Caiazzo, assi\u00e9g\u00e9e par les troupes papales conduites par Giovanni Brienne, fut lib\u00e9r\u00e9e gr\u00e2ce \u00e0 l&#8217;intervention directe de Federico II. L&#8217;empereur lui-m\u00eame s\u00e9journa dans le ch\u00e2teau et tint en haute estime la ville de Caiazzo, qui \u00e9tait la r\u00e9sidence de son secr\u00e9taire Pier delle Vigne.<\/p>\n<p>Selon un document papal, en juin 1251 Caiazzo fit partie des possessions de Riccardo, comte de Caserte. Sous les Angevins, la ville fut conc\u00e9d\u00e9e par Carlo Ier \u00e0 Bonifacio de Galimberto, puis passa aux mains de Guglielmo Glignette en 1269. Par la suite, la famille Sanseverino et la famille Origlia, puis Lucrezia d&#8217;Alagno, furent ma\u00eetres et r\u00e9sidents du ch\u00e2teau.<\/p>\n<p>En 1596, le fief est achet\u00e9 par Matteo de Capua, prince de Conca, et c&#8217;est \u00e0 cette \u00e9poque que Giovan Battista Marino, secr\u00e9taire de la famille De Capua, compose son c\u00e9l\u00e8bre &#8220;Adonis&#8221; dans le ch\u00e2teau de Caiazzo. En 1607, le fief est vendu au marquis Bardo Corsi, patricien florentin. Le fief est rest\u00e9 dans la famille Corsi jusqu&#8217;en 1836, date \u00e0 laquelle les derniers descendants ont vendu le ch\u00e2teau \u00e0 Giuseppe Andrea de Angelis pour 150 000 ducats. Le ch\u00e2teau appartient encore aujourd&#8217;hui \u00e0 la famille de Angelis.<\/p>\n<p>Actuellement, le ch\u00e2teau est accessible par deux entr\u00e9es : l&#8217;une au nord et l&#8217;autre au sud. Le ch\u00e2teau de Caiazzo a \u00e9t\u00e9 fond\u00e9 au IXe si\u00e8cle par les Lombards, en particulier par le comte de Capoue Landone, dit le Vieux, et le ch\u00e2teau lui-m\u00eame a \u00e9t\u00e9 le protagoniste des luttes fratricides entre ses successeurs. Sous les Normands, il y a eu une premi\u00e8re restauration, suivie par les Aragonais. Le mod\u00e8le d&#8217;\u00e9tablissement r\u00e9pondait \u00e0 la n\u00e9cessit\u00e9 d&#8217;\u00e9chapper aux attaques ennemies et de trouver un abri contre les environnements mar\u00e9cageux provoqu\u00e9s par les inondations du fleuve Volturno.<\/p>\n<p>La structure actuelle est le r\u00e9sultat de la juxtaposition de deux corps distincts. Le b\u00e2timent, situ\u00e9 sur le point le plus \u00e9lev\u00e9 de la colline, est accessible par deux ruelles auxquelles on acc\u00e8de par un escalier en pierre locale qui est rest\u00e9 intact m\u00eame apr\u00e8s la Seconde Guerre mondiale. Apr\u00e8s avoir travers\u00e9 l&#8217;ancien foss\u00e9 sur la gauche, on trouve une petite place o\u00f9 un mur d&#8217;enceinte se terminait probablement \u00e0 l&#8217;\u00e9poque m\u00e9di\u00e9vale.<\/p>\n<p>Des vestiges de poterie et des fragments d&#8217;ouvrages architecturaux romains ont \u00e9t\u00e9 trouv\u00e9s sur cette colline, dont certains ont \u00e9t\u00e9 r\u00e9utilis\u00e9s le long des murs du ch\u00e2teau.<\/p>\n<p>Depuis le ch\u00e2teau, on domine la vall\u00e9e du Moyen Volturno, une position qui t\u00e9moigne du fait que le ch\u00e2teau de Caiazzo formait, avec ceux de Limatola et de Castel Morrone, la triade des fortifications de la r\u00e9gion.<\/p>\n<p>Entour\u00e9 de murs quadrangulaires, l&#8217;\u00e9difice se compose de trois tours circulaires plac\u00e9es aux angles et d&#8217;un donjon qui existait d\u00e9j\u00e0 en 1135.[\/vc_column_text][\/vc_column][\/vc_row][vc_row][vc_column][vc_single_image image=&#8221;629&#8243;][vc_column_text]<em>Entr\u00e9e du ch\u00e2teau<\/em>[\/vc_column_text][\/vc_column][\/vc_row][vc_row][vc_column][vc_column_text]L&#8217;acc\u00e8s est possible par deux entr\u00e9es, la premi\u00e8re longeant le mur d&#8217;enceinte et se terminant sous la tour carr\u00e9e, et l&#8217;autre du c\u00f4t\u00e9 sud, caract\u00e9ris\u00e9e par un portail surmont\u00e9 des armoiries de la famille Corsi. Il est divis\u00e9 en deux champs, vert en haut et rouge en bas, avec au centre un lion aux couleurs oppos\u00e9es et une bande d&#8217;argent traversant l&#8217;\u00e9cu.<\/p>\n<p>Le chemin qui part de l&#8217;entr\u00e9e principale est probablement constitu\u00e9 de l&#8217;ancien foss\u00e9 qui a \u00e9t\u00e9 r\u00e9nov\u00e9 d&#8217;abord \u00e0 l&#8217;\u00e9poque aragonaise, puis au XIXe si\u00e8cle pour permettre le passage des carrosses et l&#8217;acc\u00e8s au parking. L&#8217;acc\u00e8s proprement dit au ch\u00e2teau se fait par un double portail en tuf o\u00f9 se trouvait un pont-levis \u00e0 l&#8217;\u00e9poque m\u00e9di\u00e9vale.<\/p>\n<p><strong>La structure du ch\u00e2teau de Caiazzo<br \/>\n<\/strong>Au-del\u00e0 de l&#8217;entr\u00e9e, un long couloir sur la gauche m\u00e8ne \u00e0 un niveau inf\u00e9rieur o\u00f9 un r\u00e9fectoire, un cellier, une \u00e9curie et les cuisines se trouvent. Le b\u00e2timent est creus\u00e9 dans un talus de calcaire et recouvert d&#8217;une vo\u00fbte solide et bien conserv\u00e9e.<\/p>\n<p>Malgr\u00e9 la pr\u00e9sence d&#8217;\u00e9l\u00e9ments d\u00e9coratifs du XIXe si\u00e8cle (carreaux de fa\u00efence), les cuisines conservent leur disposition m\u00e9di\u00e9vale d&#8217;origine. \u00c0 gauche, on trouve des cuves en pierre et un puits, \u00e0 droite une grande hotte surplombe la cuisine typique \u00e0 bois et \u00e0 charbon, tandis qu&#8217;au fond de la pi\u00e8ce, on trouve deux fours pour la cuisson.<\/p>\n<p>Au-del\u00e0 de l&#8217;entr\u00e9e, un long couloir sur la gauche m\u00e8ne \u00e0 un niveau inf\u00e9rieur o\u00f9 la sellerie, l&#8217;\u00e9curie, le r\u00e9fectoire, un cellier et les cuisines se trouvent.<\/p>\n<p>La sellerie correspond \u00e0 un long couloir qui servait de magasin quotidien pour les harnachements port\u00e9s par les chevaux (selle, \u00e9triers, tranchefile, r\u00eanes, mors, harnais et cuirasses).<\/p>\n<p>Dans la pi\u00e8ce suivante se trouve l&#8217;\u00e9curie proprement dite o\u00f9 l&#8217;on trouve des mangeoires et des trous dans le sol o\u00f9 l&#8217;on fixait des piquets auxquels les animaux \u00e9taient attach\u00e9s.<\/p>\n<p>En continuant, on trouve le r\u00e9fectoire (environnement o\u00f9 les domestiques prenaient leurs repas)&nbsp;; on acc\u00e8de \u00e0 cette pi\u00e8ce par une porte en bois construite pour le tournage du drame th\u00e9\u00e2tral <em>La Strega di Frasso<\/em>, r\u00e9alis\u00e9 par Giovanni Marcuccio et Sergio Pacelli dans les saless du ch\u00e2teau avec des acteurs locaux.<\/p>\n<p>La premi\u00e8re pi\u00e8ce de 1985 d&#8217;Arnaldo Delehaye avec la participation de Sergio Pacelli a \u00e9t\u00e9 r\u00e9p\u00e9t\u00e9e dans de nombreux villages.<\/p>\n<p>L&#8217;histoire raconte un \u00e9v\u00e9nement qui s&#8217;est r\u00e9ellement produit dans les ann\u00e9es 1400 : le proc\u00e8s pour sorcellerie de Maria da Prata qui, selon la Sainte Inquisition, avait eu des rapports avec le diable et avait parl\u00e9 aux animaux ; avec ces accusations, elle a \u00e9t\u00e9 jug\u00e9e et br\u00fbl\u00e9e sur le b\u00fbcher.<\/p>\n<p>Les pi\u00e8ces suivantes sont la salle de stockage des aliments et les cuisines.<\/p>\n<p><strong>Les cuisines<\/strong> pr\u00e9sentent sur le c\u00f4t\u00e9 droit une installation carrel\u00e9e du XIXe si\u00e8cle sur le c\u00f4t\u00e9 droit, puis des cuisini\u00e8res aliment\u00e9es \u00e0 l&#8217;origine par des d\u00e9chets organiques d&#8217;animaux et plus tard par du bois et des charbons, et au fond il y a deux fours typiquement m\u00e9di\u00e9vaux datant d&#8217;environ 1400. De l&#8217;autre c\u00f4t\u00e9 de la pi\u00e8ce, on trouve une s\u00e9rie de cuves en pierre (lavoirs), un grand puits creus\u00e9 dans la pierre calcaire dont l&#8217;eau provient d&#8217;une citerne semi-circulaire sous-jacente qui, selon Pasquale Ladone, remonte \u00e0 l&#8217;\u00e9poque romaine.<\/p>\n<p>En quittant les cuisines et en continuant vers la cour, on rencontre l&#8217;ensemble architectural compos\u00e9 de pi\u00e8ces d&#8217;habitation, d&#8217;une chapelle et d&#8217;une Tour p\u00e9riph\u00e9rique.[\/vc_column_text][\/vc_column][\/vc_row][vc_row][vc_column][vc_raw_html]JTNDaDMlM0UlM0NwJTNFJTNDYiUzRSUzQ2ElMjBocmVmJTNEJTIyaHR0cHMlM0ElMkYlMkZ3d3cudmlzaXRjYWlhenpvLml0JTJGaWwtY2FzdGVsbG8lMkZzdG9yaWEtZGVsLWNhc3RlbGxvJTJGZ2xpLWludGVybmktZGVsLWNhc3RlbGxvJTJGJTIyJTNFSW50ZXJuaSUyMGRlbCUyMGNhc3RlbGxvJTNDJTJGYSUzRSUzQyUyRmIlM0UlM0MlMkZwJTNFJTNDJTJGaDMlM0U=[\/vc_raw_html][\/vc_column][\/vc_row]\n<p>&nbsp;<\/p>\n<\/div>","protected":false},"excerpt":{"rendered":"<p>[vc_row][vc_column][vc_custom_heading text=&#8221;Histoire du ch\u00e2teau&#8221;][\/vc_column][\/vc_row][vc_row][vc_column][vc_column_text]Succession des familles propri\u00e9taires Dans la seconde moiti\u00e9 du IXe si\u00e8cle, le ch\u00e2teau des Lombards \u00e9tait tenu par Teodorico, comte de Caiazzo. \u00c0 l&#8217;\u00e9poque normande appara\u00eet Rainulfo, qui accompagne \u00e0 Rome l&#8217;abb\u00e9 Desiderio, \u00e9lu pape sous le nom de Vittorio III. Avec la conqu\u00eate du royaume par Ruggiero II, le ch\u00e2teau fut&hellip;<\/p>\n","protected":false},"author":1,"featured_media":0,"parent":614,"menu_order":0,"comment_status":"closed","ping_status":"closed","template":"","meta":{"footnotes":""},"class_list":["post-626","page","type-page","status-publish","hentry","entry","no-media"],"yoast_head":"<!-- This site is optimized with the Yoast SEO plugin v23.6 - https:\/\/yoast.com\/wordpress\/plugins\/seo\/ -->\r\n<title>Histoire du ch\u00e2teau<\/title>\r\n<meta name=\"description\" content=\"[vc_row][vc_column][vc_custom_heading text=&quot;Histoire du ch\u00e2teau&quot;][\/vc_column][\/vc_row][vc_row][vc_column][vc_column_text]Succession des familles propri\u00e9taires Dans la seconde moiti\u00e9 du IXe si\u00e8cle, le ch\u00e2teau des Lombards \u00e9tait tenu par Teodorico, comte de Caiazzo. \u00c0 l&#039;\u00e9poque normande appara\u00eet Rainulfo, qui accompagne \u00e0 Rome l&#039;abb\u00e9 Desiderio, \u00e9lu pape sous le nom de Vittorio III. Avec la conqu\u00eate du royaume par Ruggiero II, le ch\u00e2teau fut\u2026\" \/>\r\n<meta name=\"robots\" content=\"index, follow, max-snippet:-1, max-image-preview:large, max-video-preview:-1\" \/>\r\n<link rel=\"canonical\" href=\"http:\/\/[vc_row][vc_column][vc_custom_heading%20text=Histoire%20du%20ch\u00e2teau][\/vc_column%5D%5B\/vc_row%5D%5Bvc_row%5D%5Bvc_column%5D%5Bvc_column_text%5DSuccession%20des%20familles%20propri\u00e9taires%20Dans%20la%20seconde%20moiti\u00e9%20du%20IXe%20si\u00e8cle,%20le%20ch\u00e2teau%20des%20Lombards%20\u00e9tait%20tenu%20par%20Teodorico,%20comte%20de%20Caiazzo.%20\u00c0%20l'\u00e9poque%20normande%20appara\u00eet%20Rainulfo,%20qui%20accompagne%20\u00e0%20Rome%20l'abb\u00e9%20Desiderio,%20\u00e9lu%20pape%20sous%20le%20nom%20de%20Vittorio%20III.%20Avec%20la%20conqu\u00eate%20du%20royaume%20par%20Ruggiero%20II,%20le%20ch\u00e2teau%20fut\u2026\" \/>\r\n<meta property=\"og:locale\" content=\"fr_FR\" \/>\r\n<meta property=\"og:type\" content=\"article\" \/>\r\n<meta property=\"og:title\" content=\"Histoire du ch\u00e2teau\" \/>\r\n<meta property=\"og:description\" content=\"[vc_row][vc_column][vc_custom_heading text=&quot;Histoire du ch\u00e2teau&quot;][\/vc_column][\/vc_row][vc_row][vc_column][vc_column_text]Succession des familles propri\u00e9taires Dans la seconde moiti\u00e9 du IXe si\u00e8cle, le ch\u00e2teau des Lombards \u00e9tait tenu par Teodorico, comte de Caiazzo. \u00c0 l&#039;\u00e9poque normande appara\u00eet Rainulfo, qui accompagne \u00e0 Rome l&#039;abb\u00e9 Desiderio, \u00e9lu pape sous le nom de Vittorio III. Avec la conqu\u00eate du royaume par Ruggiero II, le ch\u00e2teau fut\u2026\" \/>\r\n<meta property=\"og:url\" content=\"https:\/\/www.visitcaiazzo.it\/fr\/le-chateau\/histoire-du-chateau\/\" \/>\r\n<meta property=\"og:site_name\" content=\"VisitCaiazzo\" \/>\r\n<meta property=\"article:publisher\" content=\"https:\/\/www.facebook.com\/associazioneculturalegiovannimarcuccio\" \/>\r\n<meta property=\"article:modified_time\" content=\"2022-11-09T16:08:28+00:00\" \/>\r\n<meta name=\"twitter:card\" content=\"summary_large_image\" \/>\r\n<meta name=\"twitter:label1\" content=\"Dur\u00e9e de lecture estim\u00e9e\" \/>\n\t<meta name=\"twitter:data1\" content=\"5 minutes\" \/>\r\n<script type=\"application\/ld+json\" class=\"yoast-schema-graph\">{\"@context\":\"https:\/\/schema.org\",\"@graph\":[{\"@type\":\"WebPage\",\"@id\":\"https:\/\/www.visitcaiazzo.it\/fr\/le-chateau\/histoire-du-chateau\/\",\"url\":\"https:\/\/www.visitcaiazzo.it\/fr\/le-chateau\/histoire-du-chateau\/\",\"name\":\"Storia Del Castello - VisitCaiazzo\",\"isPartOf\":{\"@id\":\"https:\/\/www.visitcaiazzo.it\/#website\"},\"datePublished\":\"2022-05-13T16:11:19+00:00\",\"dateModified\":\"2022-11-09T16:08:28+00:00\",\"breadcrumb\":{\"@id\":\"https:\/\/www.visitcaiazzo.it\/fr\/le-chateau\/histoire-du-chateau\/#breadcrumb\"},\"inLanguage\":\"fr-FR\",\"potentialAction\":[{\"@type\":\"ReadAction\",\"target\":[\"https:\/\/www.visitcaiazzo.it\/fr\/le-chateau\/histoire-du-chateau\/\"]}]},{\"@type\":\"BreadcrumbList\",\"@id\":\"https:\/\/www.visitcaiazzo.it\/fr\/le-chateau\/histoire-du-chateau\/#breadcrumb\",\"itemListElement\":[{\"@type\":\"ListItem\",\"position\":1,\"name\":\"Home\",\"item\":\"https:\/\/www.visitcaiazzo.it\/\"},{\"@type\":\"ListItem\",\"position\":2,\"name\":\"Le ch\u00e2teau\",\"item\":\"https:\/\/www.visitcaiazzo.it\/il-castello\/\"},{\"@type\":\"ListItem\",\"position\":3,\"name\":\"Histoire du ch\u00e2teau\"}]},{\"@type\":\"WebSite\",\"@id\":\"https:\/\/www.visitcaiazzo.it\/fr\/#website\",\"url\":\"https:\/\/www.visitcaiazzo.it\/fr\/\",\"name\":\"VisitCaiazzo\",\"description\":\"\",\"publisher\":{\"@id\":\"https:\/\/www.visitcaiazzo.it\/fr\/#organization\"},\"potentialAction\":[{\"@type\":\"SearchAction\",\"target\":{\"@type\":\"EntryPoint\",\"urlTemplate\":\"https:\/\/www.visitcaiazzo.it\/fr\/?s={search_term_string}\"},\"query-input\":{\"@type\":\"PropertyValueSpecification\",\"valueRequired\":true,\"valueName\":\"search_term_string\"}}],\"inLanguage\":\"fr-FR\"},{\"@type\":\"Organization\",\"@id\":\"https:\/\/www.visitcaiazzo.it\/fr\/#organization\",\"name\":\"VisitCaiazzo\",\"url\":\"https:\/\/www.visitcaiazzo.it\/fr\/\",\"logo\":{\"@type\":\"ImageObject\",\"inLanguage\":\"fr-FR\",\"@id\":\"https:\/\/www.visitcaiazzo.it\/fr\/#\/schema\/logo\/image\/\",\"url\":\"https:\/\/www.visitcaiazzo.it\/wp-content\/uploads\/2023\/06\/LOGO_DEFINITIVO-APS.png\",\"contentUrl\":\"https:\/\/www.visitcaiazzo.it\/wp-content\/uploads\/2023\/06\/LOGO_DEFINITIVO-APS.png\",\"width\":2778,\"height\":1924,\"caption\":\"VisitCaiazzo\"},\"image\":{\"@id\":\"https:\/\/www.visitcaiazzo.it\/fr\/#\/schema\/logo\/image\/\"},\"sameAs\":[\"https:\/\/www.facebook.com\/associazioneculturalegiovannimarcuccio\",\"https:\/\/www.instagram.com\/ass.culturalegiovannimarcuccio\/\",\"https:\/\/www.youtube.com\/channel\/UCPwrRd0ZNyIMsz7_0XrwkQg\",\"https:\/\/www.tiktok.com\/@ass.culturaleg.marcuccio\"]}]}<\/script>\r\n<!-- \/ Yoast SEO plugin. -->","yoast_head_json":{"title":"Histoire du ch\u00e2teau","description":"[vc_row][vc_column][vc_custom_heading text=\"Histoire du ch\u00e2teau\"][\/vc_column][\/vc_row][vc_row][vc_column][vc_column_text]Succession des familles propri\u00e9taires Dans la seconde moiti\u00e9 du IXe si\u00e8cle, le ch\u00e2teau des Lombards \u00e9tait tenu par Teodorico, comte de Caiazzo. \u00c0 l'\u00e9poque normande appara\u00eet Rainulfo, qui accompagne \u00e0 Rome l'abb\u00e9 Desiderio, \u00e9lu pape sous le nom de Vittorio III. Avec la conqu\u00eate du royaume par Ruggiero II, le ch\u00e2teau fut\u2026","robots":{"index":"index","follow":"follow","max-snippet":"max-snippet:-1","max-image-preview":"max-image-preview:large","max-video-preview":"max-video-preview:-1"},"canonical":"[vc_row][vc_column][vc_custom_heading text=\"Histoire du ch\u00e2teau\"][\/vc_column][\/vc_row][vc_row][vc_column][vc_column_text]Succession des familles propri\u00e9taires Dans la seconde moiti\u00e9 du IXe si\u00e8cle, le ch\u00e2teau des Lombards \u00e9tait tenu par Teodorico, comte de Caiazzo. \u00c0 l'\u00e9poque normande appara\u00eet Rainulfo, qui accompagne \u00e0 Rome l'abb\u00e9 Desiderio, \u00e9lu pape sous le nom de Vittorio III. Avec la conqu\u00eate du royaume par Ruggiero II, le ch\u00e2teau fut\u2026","og_locale":"fr_FR","og_type":"article","og_title":"Histoire du ch\u00e2teau","og_description":"[vc_row][vc_column][vc_custom_heading text=\"Histoire du ch\u00e2teau\"][\/vc_column][\/vc_row][vc_row][vc_column][vc_column_text]Succession des familles propri\u00e9taires Dans la seconde moiti\u00e9 du IXe si\u00e8cle, le ch\u00e2teau des Lombards \u00e9tait tenu par Teodorico, comte de Caiazzo. \u00c0 l'\u00e9poque normande appara\u00eet Rainulfo, qui accompagne \u00e0 Rome l'abb\u00e9 Desiderio, \u00e9lu pape sous le nom de Vittorio III. Avec la conqu\u00eate du royaume par Ruggiero II, le ch\u00e2teau fut\u2026","og_url":"https:\/\/www.visitcaiazzo.it\/fr\/le-chateau\/histoire-du-chateau\/","og_site_name":"VisitCaiazzo","article_publisher":"https:\/\/www.facebook.com\/associazioneculturalegiovannimarcuccio","article_modified_time":"2022-11-09T16:08:28+00:00","twitter_card":"summary_large_image","twitter_misc":{"Dur\u00e9e de lecture estim\u00e9e":"5 minutes"},"schema":{"@context":"https:\/\/schema.org","@graph":[{"@type":"WebPage","@id":"https:\/\/www.visitcaiazzo.it\/fr\/le-chateau\/histoire-du-chateau\/","url":"https:\/\/www.visitcaiazzo.it\/fr\/le-chateau\/histoire-du-chateau\/","name":"Storia Del Castello - VisitCaiazzo","isPartOf":{"@id":"https:\/\/www.visitcaiazzo.it\/#website"},"datePublished":"2022-05-13T16:11:19+00:00","dateModified":"2022-11-09T16:08:28+00:00","breadcrumb":{"@id":"https:\/\/www.visitcaiazzo.it\/fr\/le-chateau\/histoire-du-chateau\/#breadcrumb"},"inLanguage":"fr-FR","potentialAction":[{"@type":"ReadAction","target":["https:\/\/www.visitcaiazzo.it\/fr\/le-chateau\/histoire-du-chateau\/"]}]},{"@type":"BreadcrumbList","@id":"https:\/\/www.visitcaiazzo.it\/fr\/le-chateau\/histoire-du-chateau\/#breadcrumb","itemListElement":[{"@type":"ListItem","position":1,"name":"Home","item":"https:\/\/www.visitcaiazzo.it\/"},{"@type":"ListItem","position":2,"name":"Le ch\u00e2teau","item":"https:\/\/www.visitcaiazzo.it\/il-castello\/"},{"@type":"ListItem","position":3,"name":"Histoire du ch\u00e2teau"}]},{"@type":"WebSite","@id":"https:\/\/www.visitcaiazzo.it\/fr\/#website","url":"https:\/\/www.visitcaiazzo.it\/fr\/","name":"VisitCaiazzo","description":"","publisher":{"@id":"https:\/\/www.visitcaiazzo.it\/fr\/#organization"},"potentialAction":[{"@type":"SearchAction","target":{"@type":"EntryPoint","urlTemplate":"https:\/\/www.visitcaiazzo.it\/fr\/?s={search_term_string}"},"query-input":{"@type":"PropertyValueSpecification","valueRequired":true,"valueName":"search_term_string"}}],"inLanguage":"fr-FR"},{"@type":"Organization","@id":"https:\/\/www.visitcaiazzo.it\/fr\/#organization","name":"VisitCaiazzo","url":"https:\/\/www.visitcaiazzo.it\/fr\/","logo":{"@type":"ImageObject","inLanguage":"fr-FR","@id":"https:\/\/www.visitcaiazzo.it\/fr\/#\/schema\/logo\/image\/","url":"https:\/\/www.visitcaiazzo.it\/wp-content\/uploads\/2023\/06\/LOGO_DEFINITIVO-APS.png","contentUrl":"https:\/\/www.visitcaiazzo.it\/wp-content\/uploads\/2023\/06\/LOGO_DEFINITIVO-APS.png","width":2778,"height":1924,"caption":"VisitCaiazzo"},"image":{"@id":"https:\/\/www.visitcaiazzo.it\/fr\/#\/schema\/logo\/image\/"},"sameAs":["https:\/\/www.facebook.com\/associazioneculturalegiovannimarcuccio","https:\/\/www.instagram.com\/ass.culturalegiovannimarcuccio\/","https:\/\/www.youtube.com\/channel\/UCPwrRd0ZNyIMsz7_0XrwkQg","https:\/\/www.tiktok.com\/@ass.culturaleg.marcuccio"]}]}},"_links":{"self":[{"href":"https:\/\/www.visitcaiazzo.it\/fr\/wp-json\/wp\/v2\/pages\/626","targetHints":{"allow":["GET"]}}],"collection":[{"href":"https:\/\/www.visitcaiazzo.it\/fr\/wp-json\/wp\/v2\/pages"}],"about":[{"href":"https:\/\/www.visitcaiazzo.it\/fr\/wp-json\/wp\/v2\/types\/page"}],"author":[{"embeddable":true,"href":"https:\/\/www.visitcaiazzo.it\/fr\/wp-json\/wp\/v2\/users\/1"}],"replies":[{"embeddable":true,"href":"https:\/\/www.visitcaiazzo.it\/fr\/wp-json\/wp\/v2\/comments?post=626"}],"version-history":[{"count":2,"href":"https:\/\/www.visitcaiazzo.it\/fr\/wp-json\/wp\/v2\/pages\/626\/revisions"}],"predecessor-version":[{"id":1506,"href":"https:\/\/www.visitcaiazzo.it\/fr\/wp-json\/wp\/v2\/pages\/626\/revisions\/1506"}],"up":[{"embeddable":true,"href":"https:\/\/www.visitcaiazzo.it\/fr\/wp-json\/wp\/v2\/pages\/614"}],"wp:attachment":[{"href":"https:\/\/www.visitcaiazzo.it\/fr\/wp-json\/wp\/v2\/media?parent=626"}],"curies":[{"name":"wp","href":"https:\/\/api.w.org\/{rel}","templated":true}]}}