{"id":614,"date":"2022-05-14T17:58:04","date_gmt":"2022-05-14T15:58:04","guid":{"rendered":"https:\/\/www.visitcaiazzo.it\/?page_id=614"},"modified":"2022-11-08T23:20:21","modified_gmt":"2022-11-08T22:20:21","slug":"il-castello","status":"publish","type":"page","link":"https:\/\/www.visitcaiazzo.it\/fr\/le-chateau\/","title":{"rendered":"Le ch\u00e2teau"},"content":{"rendered":"<div class=\"wpb-content-wrapper\">[vc_row][vc_column][vc_custom_heading text=&#8221;Il Castello&#8221;][\/vc_column][\/vc_row][vc_row][vc_column][vc_single_image image=&#8221;624&#8243;][vc_column_text]Le ch\u00e2teau[\/vc_column_text][\/vc_column][\/vc_row][vc_row][vc_column][vc_column_text]<strong style=\"color: var(--wpex-text-2); font-family: var(--wpex-body-font-family, var(--wpex-font-sans)); font-size: var(--wpex-body-font-size, 13px);\"><strong style=\"color: var(--wpex-text-2); font-family: var(--wpex-body-font-family, var(--wpex-font-sans)); font-size: var(--wpex-body-font-size, 13px);\">Le ch\u00e2teau<\/p>\n<p><\/strong><\/strong>Le ch\u00e2teau de Caiazzo domine la large vall\u00e9e du Moyen Volturno et le centre historique de la ville. De forme quadrangulaire, il poss\u00e8de trois tours rondes aux angles, construites en pierre calcaire et reposant directement sur la roche, ainsi qu&#8217;une tour carr\u00e9e dans le quatri\u00e8me angle, au nord-est.<\/p>\n<p>\u00c0 l&#8217;int\u00e9rieur se trouve une petite \u00e9glise appel\u00e9e Santa Maria a Castello, construite par le comte Roberto en 1116.<\/p>\n<p>On y trouve un corps rectangulaire allong\u00e9 se terminant par une terrasse qui donne acc\u00e8s \u00e0 une grande tour, connue sous le nom de Tour de Lucrezia, car c&#8217;\u00e9tait l&#8217;un des endroits o\u00f9 le roi Alfonso d&#8217;Aragon pr\u00e9f\u00e9rait s\u00e9journer avec sa favorite Lucrezia d&#8217;Alagno. Le ch\u00e2teau de Caiazzo doit sa fondation aux Lombards (Landone Matico, deuxi\u00e8me comte de Capoue). Cependant, il est le r\u00e9sultat d&#8217;extensions par les Souabes, les Angevins et les Aragonais.[\/vc_column_text][\/vc_column][\/vc_row][vc_row][vc_column][vc_raw_html]JTNDaDMlM0UlM0NwJTNFJTNDYiUzRSUzQ2ElMjBocmVmJTNEJTIyaHR0cHMlM0ElMkYlMkZ3d3cudmlzaXRjYWlhenpvLml0JTJGaWwtY2FzdGVsbG8lMkZzdG9yaWEtZGVsLWNhc3RlbGxvJTJGJTIyJTNFU3RvcmlhJTIwZGVsJTIwY2FzdGVsbG8lM0MlMkZhJTNFJTNDJTJGYiUzRSUzQyUyRnAlM0UlM0MlMkZoMyUzRQ==[\/vc_raw_html][\/vc_column][\/vc_row]\n<\/div>","protected":false},"excerpt":{"rendered":"<p>[vc_row][vc_column][vc_custom_heading text=&#8221;Il Castello&#8221;][\/vc_column][\/vc_row][vc_row][vc_column][vc_single_image image=&#8221;624&#8243;][vc_column_text]Le ch\u00e2teau[\/vc_column_text][\/vc_column][\/vc_row][vc_row][vc_column][vc_column_text]Le ch\u00e2teau Le ch\u00e2teau de Caiazzo domine la large vall\u00e9e du Moyen Volturno et le centre historique de la ville. De forme quadrangulaire, il poss\u00e8de trois tours rondes aux angles, construites en pierre calcaire et reposant directement sur la roche, ainsi qu&#8217;une tour carr\u00e9e dans le quatri\u00e8me angle, au nord-est. \u00c0&hellip;<\/p>\n","protected":false},"author":1,"featured_media":0,"parent":0,"menu_order":0,"comment_status":"closed","ping_status":"closed","template":"","meta":{"footnotes":""},"class_list":["post-614","page","type-page","status-publish","hentry","entry","no-media"],"yoast_head":"<!-- This site is optimized with the Yoast SEO plugin v23.6 - https:\/\/yoast.com\/wordpress\/plugins\/seo\/ -->\r\n<title>Le ch\u00e2teau<\/title>\r\n<meta name=\"description\" content=\"[vc_row][vc_column][vc_custom_heading text=&quot;Il Castello&quot;][\/vc_column][\/vc_row][vc_row][vc_column][vc_single_image image=&quot;624&quot;][vc_column_text]Le ch\u00e2teau[\/vc_column_text][\/vc_column][\/vc_row][vc_row][vc_column][vc_column_text]Le ch\u00e2teau Le ch\u00e2teau de Caiazzo domine la large vall\u00e9e du Moyen Volturno et le centre historique de la ville. De forme quadrangulaire, il poss\u00e8de trois tours rondes aux angles, construites en pierre calcaire et reposant directement sur la roche, ainsi qu&#039;une tour carr\u00e9e dans le quatri\u00e8me angle, au nord-est. \u00c0\u2026\" \/>\r\n<meta name=\"robots\" content=\"index, follow, max-snippet:-1, max-image-preview:large, max-video-preview:-1\" \/>\r\n<link rel=\"canonical\" href=\"http:\/\/[vc_row][vc_column][vc_custom_heading%20text=Il%20Castello][\/vc_column%5D%5B\/vc_row%5D%5Bvc_row%5D%5Bvc_column%5D%5Bvc_single_image%20image=624%5D%5Bvc_column_text%5DLe%20ch\u00e2teau%5B\/vc_column_text%5D%5B\/vc_column%5D%5B\/vc_row%5D%5Bvc_row%5D%5Bvc_column%5D%5Bvc_column_text%5DLe%20ch\u00e2teau%20Le%20ch\u00e2teau%20de%20Caiazzo%20domine%20la%20large%20vall\u00e9e%20du%20Moyen%20Volturno%20et%20le%20centre%20historique%20de%20la%20ville.%20De%20forme%20quadrangulaire,%20il%20poss\u00e8de%20trois%20tours%20rondes%20aux%20angles,%20construites%20en%20pierre%20calcaire%20et%20reposant%20directement%20sur%20la%20roche,%20ainsi%20qu'une%20tour%20carr\u00e9e%20dans%20le%20quatri\u00e8me%20angle,%20au%20nord-est.%20\u00c0\u2026\" \/>\r\n<meta property=\"og:locale\" content=\"fr_FR\" \/>\r\n<meta property=\"og:type\" content=\"article\" \/>\r\n<meta property=\"og:title\" content=\"Le ch\u00e2teau\" \/>\r\n<meta property=\"og:description\" content=\"[vc_row][vc_column][vc_custom_heading text=&quot;Il Castello&quot;][\/vc_column][\/vc_row][vc_row][vc_column][vc_single_image image=&quot;624&quot;][vc_column_text]Le ch\u00e2teau[\/vc_column_text][\/vc_column][\/vc_row][vc_row][vc_column][vc_column_text]Le ch\u00e2teau Le ch\u00e2teau de Caiazzo domine la large vall\u00e9e du Moyen Volturno et le centre historique de la ville. De forme quadrangulaire, il poss\u00e8de trois tours rondes aux angles, construites en pierre calcaire et reposant directement sur la roche, ainsi qu&#039;une tour carr\u00e9e dans le quatri\u00e8me angle, au nord-est. \u00c0\u2026\" \/>\r\n<meta property=\"og:url\" content=\"https:\/\/www.visitcaiazzo.it\/fr\/le-chateau\/\" \/>\r\n<meta property=\"og:site_name\" content=\"VisitCaiazzo\" \/>\r\n<meta property=\"article:publisher\" content=\"https:\/\/www.facebook.com\/associazioneculturalegiovannimarcuccio\" \/>\r\n<meta property=\"article:modified_time\" content=\"2022-11-08T22:20:21+00:00\" \/>\r\n<meta name=\"twitter:card\" content=\"summary_large_image\" \/>\r\n<meta name=\"twitter:label1\" content=\"Dur\u00e9e de lecture estim\u00e9e\" \/>\n\t<meta name=\"twitter:data1\" content=\"1 minute\" \/>\r\n<script type=\"application\/ld+json\" class=\"yoast-schema-graph\">{\"@context\":\"https:\/\/schema.org\",\"@graph\":[{\"@type\":\"WebPage\",\"@id\":\"https:\/\/www.visitcaiazzo.it\/fr\/le-chateau\/\",\"url\":\"https:\/\/www.visitcaiazzo.it\/fr\/le-chateau\/\",\"name\":\"Il Castello - VisitCaiazzo\",\"isPartOf\":{\"@id\":\"https:\/\/www.visitcaiazzo.it\/#website\"},\"datePublished\":\"2022-05-14T15:58:04+00:00\",\"dateModified\":\"2022-11-08T22:20:21+00:00\",\"breadcrumb\":{\"@id\":\"https:\/\/www.visitcaiazzo.it\/fr\/le-chateau\/#breadcrumb\"},\"inLanguage\":\"fr-FR\",\"potentialAction\":[{\"@type\":\"ReadAction\",\"target\":[\"https:\/\/www.visitcaiazzo.it\/fr\/le-chateau\/\"]}]},{\"@type\":\"BreadcrumbList\",\"@id\":\"https:\/\/www.visitcaiazzo.it\/fr\/le-chateau\/#breadcrumb\",\"itemListElement\":[{\"@type\":\"ListItem\",\"position\":1,\"name\":\"Home\",\"item\":\"https:\/\/www.visitcaiazzo.it\/\"},{\"@type\":\"ListItem\",\"position\":2,\"name\":\"Le ch\u00e2teau\"}]},{\"@type\":\"WebSite\",\"@id\":\"https:\/\/www.visitcaiazzo.it\/fr\/#website\",\"url\":\"https:\/\/www.visitcaiazzo.it\/fr\/\",\"name\":\"VisitCaiazzo\",\"description\":\"\",\"publisher\":{\"@id\":\"https:\/\/www.visitcaiazzo.it\/fr\/#organization\"},\"potentialAction\":[{\"@type\":\"SearchAction\",\"target\":{\"@type\":\"EntryPoint\",\"urlTemplate\":\"https:\/\/www.visitcaiazzo.it\/fr\/?s={search_term_string}\"},\"query-input\":{\"@type\":\"PropertyValueSpecification\",\"valueRequired\":true,\"valueName\":\"search_term_string\"}}],\"inLanguage\":\"fr-FR\"},{\"@type\":\"Organization\",\"@id\":\"https:\/\/www.visitcaiazzo.it\/fr\/#organization\",\"name\":\"VisitCaiazzo\",\"url\":\"https:\/\/www.visitcaiazzo.it\/fr\/\",\"logo\":{\"@type\":\"ImageObject\",\"inLanguage\":\"fr-FR\",\"@id\":\"https:\/\/www.visitcaiazzo.it\/fr\/#\/schema\/logo\/image\/\",\"url\":\"https:\/\/www.visitcaiazzo.it\/wp-content\/uploads\/2023\/06\/LOGO_DEFINITIVO-APS.png\",\"contentUrl\":\"https:\/\/www.visitcaiazzo.it\/wp-content\/uploads\/2023\/06\/LOGO_DEFINITIVO-APS.png\",\"width\":2778,\"height\":1924,\"caption\":\"VisitCaiazzo\"},\"image\":{\"@id\":\"https:\/\/www.visitcaiazzo.it\/fr\/#\/schema\/logo\/image\/\"},\"sameAs\":[\"https:\/\/www.facebook.com\/associazioneculturalegiovannimarcuccio\",\"https:\/\/www.instagram.com\/ass.culturalegiovannimarcuccio\/\",\"https:\/\/www.youtube.com\/channel\/UCPwrRd0ZNyIMsz7_0XrwkQg\",\"https:\/\/www.tiktok.com\/@ass.culturaleg.marcuccio\"]}]}<\/script>\r\n<!-- \/ Yoast SEO plugin. -->","yoast_head_json":{"title":"Le ch\u00e2teau","description":"[vc_row][vc_column][vc_custom_heading text=\"Il Castello\"][\/vc_column][\/vc_row][vc_row][vc_column][vc_single_image image=\"624\"][vc_column_text]Le ch\u00e2teau[\/vc_column_text][\/vc_column][\/vc_row][vc_row][vc_column][vc_column_text]Le ch\u00e2teau Le ch\u00e2teau de Caiazzo domine la large vall\u00e9e du Moyen Volturno et le centre historique de la ville. De forme quadrangulaire, il poss\u00e8de trois tours rondes aux angles, construites en pierre calcaire et reposant directement sur la roche, ainsi qu'une tour carr\u00e9e dans le quatri\u00e8me angle, au nord-est. \u00c0\u2026","robots":{"index":"index","follow":"follow","max-snippet":"max-snippet:-1","max-image-preview":"max-image-preview:large","max-video-preview":"max-video-preview:-1"},"canonical":"[vc_row][vc_column][vc_custom_heading text=\"Il Castello\"][\/vc_column][\/vc_row][vc_row][vc_column][vc_single_image image=\"624\"][vc_column_text]Le ch\u00e2teau[\/vc_column_text][\/vc_column][\/vc_row][vc_row][vc_column][vc_column_text]Le ch\u00e2teau Le ch\u00e2teau de Caiazzo domine la large vall\u00e9e du Moyen Volturno et le centre historique de la ville. De forme quadrangulaire, il poss\u00e8de trois tours rondes aux angles, construites en pierre calcaire et reposant directement sur la roche, ainsi qu'une tour carr\u00e9e dans le quatri\u00e8me angle, au nord-est. \u00c0\u2026","og_locale":"fr_FR","og_type":"article","og_title":"Le ch\u00e2teau","og_description":"[vc_row][vc_column][vc_custom_heading text=\"Il Castello\"][\/vc_column][\/vc_row][vc_row][vc_column][vc_single_image image=\"624\"][vc_column_text]Le ch\u00e2teau[\/vc_column_text][\/vc_column][\/vc_row][vc_row][vc_column][vc_column_text]Le ch\u00e2teau Le ch\u00e2teau de Caiazzo domine la large vall\u00e9e du Moyen Volturno et le centre historique de la ville. De forme quadrangulaire, il poss\u00e8de trois tours rondes aux angles, construites en pierre calcaire et reposant directement sur la roche, ainsi qu'une tour carr\u00e9e dans le quatri\u00e8me angle, au nord-est. \u00c0\u2026","og_url":"https:\/\/www.visitcaiazzo.it\/fr\/le-chateau\/","og_site_name":"VisitCaiazzo","article_publisher":"https:\/\/www.facebook.com\/associazioneculturalegiovannimarcuccio","article_modified_time":"2022-11-08T22:20:21+00:00","twitter_card":"summary_large_image","twitter_misc":{"Dur\u00e9e de lecture estim\u00e9e":"1 minute"},"schema":{"@context":"https:\/\/schema.org","@graph":[{"@type":"WebPage","@id":"https:\/\/www.visitcaiazzo.it\/fr\/le-chateau\/","url":"https:\/\/www.visitcaiazzo.it\/fr\/le-chateau\/","name":"Il Castello - VisitCaiazzo","isPartOf":{"@id":"https:\/\/www.visitcaiazzo.it\/#website"},"datePublished":"2022-05-14T15:58:04+00:00","dateModified":"2022-11-08T22:20:21+00:00","breadcrumb":{"@id":"https:\/\/www.visitcaiazzo.it\/fr\/le-chateau\/#breadcrumb"},"inLanguage":"fr-FR","potentialAction":[{"@type":"ReadAction","target":["https:\/\/www.visitcaiazzo.it\/fr\/le-chateau\/"]}]},{"@type":"BreadcrumbList","@id":"https:\/\/www.visitcaiazzo.it\/fr\/le-chateau\/#breadcrumb","itemListElement":[{"@type":"ListItem","position":1,"name":"Home","item":"https:\/\/www.visitcaiazzo.it\/"},{"@type":"ListItem","position":2,"name":"Le ch\u00e2teau"}]},{"@type":"WebSite","@id":"https:\/\/www.visitcaiazzo.it\/fr\/#website","url":"https:\/\/www.visitcaiazzo.it\/fr\/","name":"VisitCaiazzo","description":"","publisher":{"@id":"https:\/\/www.visitcaiazzo.it\/fr\/#organization"},"potentialAction":[{"@type":"SearchAction","target":{"@type":"EntryPoint","urlTemplate":"https:\/\/www.visitcaiazzo.it\/fr\/?s={search_term_string}"},"query-input":{"@type":"PropertyValueSpecification","valueRequired":true,"valueName":"search_term_string"}}],"inLanguage":"fr-FR"},{"@type":"Organization","@id":"https:\/\/www.visitcaiazzo.it\/fr\/#organization","name":"VisitCaiazzo","url":"https:\/\/www.visitcaiazzo.it\/fr\/","logo":{"@type":"ImageObject","inLanguage":"fr-FR","@id":"https:\/\/www.visitcaiazzo.it\/fr\/#\/schema\/logo\/image\/","url":"https:\/\/www.visitcaiazzo.it\/wp-content\/uploads\/2023\/06\/LOGO_DEFINITIVO-APS.png","contentUrl":"https:\/\/www.visitcaiazzo.it\/wp-content\/uploads\/2023\/06\/LOGO_DEFINITIVO-APS.png","width":2778,"height":1924,"caption":"VisitCaiazzo"},"image":{"@id":"https:\/\/www.visitcaiazzo.it\/fr\/#\/schema\/logo\/image\/"},"sameAs":["https:\/\/www.facebook.com\/associazioneculturalegiovannimarcuccio","https:\/\/www.instagram.com\/ass.culturalegiovannimarcuccio\/","https:\/\/www.youtube.com\/channel\/UCPwrRd0ZNyIMsz7_0XrwkQg","https:\/\/www.tiktok.com\/@ass.culturaleg.marcuccio"]}]}},"_links":{"self":[{"href":"https:\/\/www.visitcaiazzo.it\/fr\/wp-json\/wp\/v2\/pages\/614","targetHints":{"allow":["GET"]}}],"collection":[{"href":"https:\/\/www.visitcaiazzo.it\/fr\/wp-json\/wp\/v2\/pages"}],"about":[{"href":"https:\/\/www.visitcaiazzo.it\/fr\/wp-json\/wp\/v2\/types\/page"}],"author":[{"embeddable":true,"href":"https:\/\/www.visitcaiazzo.it\/fr\/wp-json\/wp\/v2\/users\/1"}],"replies":[{"embeddable":true,"href":"https:\/\/www.visitcaiazzo.it\/fr\/wp-json\/wp\/v2\/comments?post=614"}],"version-history":[{"count":1,"href":"https:\/\/www.visitcaiazzo.it\/fr\/wp-json\/wp\/v2\/pages\/614\/revisions"}],"predecessor-version":[{"id":1504,"href":"https:\/\/www.visitcaiazzo.it\/fr\/wp-json\/wp\/v2\/pages\/614\/revisions\/1504"}],"wp:attachment":[{"href":"https:\/\/www.visitcaiazzo.it\/fr\/wp-json\/wp\/v2\/media?parent=614"}],"curies":[{"name":"wp","href":"https:\/\/api.w.org\/{rel}","templated":true}]}}