{"id":584,"date":"2022-05-07T15:22:16","date_gmt":"2022-05-07T13:22:16","guid":{"rendered":"https:\/\/www.visitcaiazzo.it\/?page_id=584"},"modified":"2022-09-17T13:25:49","modified_gmt":"2022-09-17T11:25:49","slug":"la-ruota-degli-esposti","status":"publish","type":"page","link":"https:\/\/www.visitcaiazzo.it\/fr\/la-roue-des-exposes\/","title":{"rendered":"La roue des expos\u00e9s"},"content":{"rendered":"<div class=\"wpb-content-wrapper\">[vc_row][vc_column][vc_custom_heading text=&#8221;<strong style=\"color: var(--wpex-text-2); font-family: var(--wpex-body-font-family, var(--wpex-font-sans)); font-size: var(--wpex-body-font-size, 13px);\">LA ROUE DES EXPOS\u00c9S<\/strong>&#8220;][\/vc_column][\/vc_row][vc_row][vc_column][vc_single_image image=&#8221;585&#8221;][vc_column_text]<em style=\"color: var(--wpex-text-2); font-family: var(--wpex-body-font-family, var(--wpex-font-sans)); font-size: var(--wpex-body-font-size, 13px);\">La roue des expos\u00e9s<\/em>[\/vc_column_text][\/vc_column][\/vc_row][vc_row][vc_column][vc_column_text]<strong style=\"color: var(--wpex-text-2); font-family: var(--wpex-body-font-family, var(--wpex-font-sans)); font-size: var(--wpex-body-font-size, 13px);\"><strong style=\"color: var(--wpex-text-2); font-family: var(--wpex-body-font-family, var(--wpex-font-sans)); font-size: var(--wpex-body-font-size, 13px);\">LA ROUE DES EXPOS\u00c9S<\/p>\n<p><\/strong><\/strong>Li\u00e9e \u00e0 l&#8217;h\u00f4pital et \u00e0 l&#8217;institution de l&#8217;Annunziata se trouvait la &#8220;Roue des Expos\u00e9s&#8221;.<\/p>\n<p>La pratique de l&#8217;Oblation consistait \u00e0 laisser ses enfants dans des couvents. Il devint habituel d&#8217;utiliser la m\u00e9thode de la roue pour les familles en difficult\u00e9, ce qui leur permettait d&#8217;abandonner leurs enfants dans un parfait anonymat. Les enfants \u00e9taient appel\u00e9s &#8220;esposti&#8221; (expos\u00e9s) ou &#8220;proietti&#8221;, termes dont sont issus des noms de famille tels que le napolitain Esposito et le romain Proietti.<\/p>\n<p>Comme il \u00e9tait honteux pour les enfants trouv\u00e9s d&#8217;avoir \u00e9t\u00e9 abandonn\u00e9s, dans de nombreuses institutions, on leur donnait des noms de saints du jour, de figures chr\u00e9tiennes ou d&#8217;\u00e9l\u00e9ments li\u00e9s au mois ou aux conditions sociales. Il arrivait aussi souvent que les enfants aient avec eux, au moment de l&#8217;abandon, des signes ou des symboles distinctifs qui permettaient d\u2019identifier les familles d&#8217;origine, qui ne pouvaient temporairement pas s&#8217;occuper de leurs enfants, mais qui plus tard les recherchaient et les reprenaient avec eux.<\/p>\n<p>C&#8217;est le pape Innocent III, selon certaines sources, qui a cr\u00e9\u00e9 \u00e0 l&#8217;h\u00f4pital Saint Spirito un service sp\u00e9cial consacr\u00e9 aux enfants abandonn\u00e9s pour \u00e9viter que ces pauvres innocents ne soient tu\u00e9s ou abandonn\u00e9s dans le froid. Le mouvement s&#8217;est r\u00e9pandu en Italie, en France, en Gr\u00e8ce et en Espagne.<\/p>\n<p>En Italie, \u00e9tant donn\u00e9 l&#8217;influence napol\u00e9onienne sur le Royaume de Naples, la Roue des Expos\u00e9s fut \u00e9galement \u00e9tablie officiellement dans les municipalit\u00e9s du sud de l&#8217;Italie. L&#8217;une des premi\u00e8res structures a \u00e9t\u00e9 l&#8217;Annunziata \u00e0 Naples, qui a vu le jour en 1304. Le syst\u00e8me de la roue \u00e9tait donc souvent associ\u00e9 \u00e0 l&#8217;Annunziata, comme celle de Caiazzo, g\u00e9r\u00e9e par les religieuses du couvent des Clarisses. Le syst\u00e8me de la roue a \u00e9t\u00e9 aboli en 1923 sous le gouvernement de Mussolini.[\/vc_column_text][\/vc_column][\/vc_row]\n<\/div>","protected":false},"excerpt":{"rendered":"<p>[vc_row][vc_column][vc_custom_heading text=&#8221;LA ROUE DES EXPOS\u00c9S&#8220;][\/vc_column][\/vc_row][vc_row][vc_column][vc_single_image image=&#8221;585&#8221;][vc_column_text]La roue des expos\u00e9s[\/vc_column_text][\/vc_column][\/vc_row][vc_row][vc_column][vc_column_text]LA ROUE DES EXPOS\u00c9S Li\u00e9e \u00e0 l&#8217;h\u00f4pital et \u00e0 l&#8217;institution de l&#8217;Annunziata se trouvait la &#8220;Roue des Expos\u00e9s&#8221;. La pratique de l&#8217;Oblation consistait \u00e0 laisser ses enfants dans des couvents. Il devint habituel d&#8217;utiliser la m\u00e9thode de la roue pour les familles en difficult\u00e9, ce qui leur&hellip;<\/p>\n","protected":false},"author":1,"featured_media":0,"parent":0,"menu_order":0,"comment_status":"closed","ping_status":"closed","template":"","meta":{"footnotes":""},"class_list":["post-584","page","type-page","status-publish","hentry","entry","no-media"],"yoast_head":"<!-- This site is optimized with the Yoast SEO plugin v23.6 - https:\/\/yoast.com\/wordpress\/plugins\/seo\/ -->\r\n<title>La roue des expos\u00e9s<\/title>\r\n<meta name=\"description\" content=\"[vc_row][vc_column][vc_custom_heading text=&quot;LA ROUE DES EXPOS\u00c9S&quot;][\/vc_column][\/vc_row][vc_row][vc_column][vc_single_image image=&quot;585&quot;][vc_column_text]La roue des expos\u00e9s[\/vc_column_text][\/vc_column][\/vc_row][vc_row][vc_column][vc_column_text]LA ROUE DES EXPOS\u00c9S Li\u00e9e \u00e0 l&#039;h\u00f4pital et \u00e0 l&#039;institution de l&#039;Annunziata se trouvait la &quot;Roue des Expos\u00e9s&quot;. La pratique de l&#039;Oblation consistait \u00e0 laisser ses enfants dans des couvents. Il devint habituel d&#039;utiliser la m\u00e9thode de la roue pour les familles en difficult\u00e9, ce qui leur\u2026\" \/>\r\n<meta name=\"robots\" content=\"index, follow, max-snippet:-1, max-image-preview:large, max-video-preview:-1\" \/>\r\n<link rel=\"canonical\" href=\"http:\/\/[vc_row][vc_column][vc_custom_heading%20text=LA%20ROUE%20DES%20EXPOS\u00c9S][\/vc_column%5D%5B\/vc_row%5D%5Bvc_row%5D%5Bvc_column%5D%5Bvc_single_image%20image=585%5D%5Bvc_column_text%5DLa%20roue%20des%20expos\u00e9s%5B\/vc_column_text%5D%5B\/vc_column%5D%5B\/vc_row%5D%5Bvc_row%5D%5Bvc_column%5D%5Bvc_column_text%5DLA%20ROUE%20DES%20EXPOS\u00c9S%20Li\u00e9e%20\u00e0%20l'h\u00f4pital%20et%20\u00e0%20l'institution%20de%20l'Annunziata%20se%20trouvait%20la%20Roue%20des%20Expos\u00e9s.%20La%20pratique%20de%20l'Oblation%20consistait%20\u00e0%20laisser%20ses%20enfants%20dans%20des%20couvents.%20Il%20devint%20habituel%20d'utiliser%20la%20m\u00e9thode%20de%20la%20roue%20pour%20les%20familles%20en%20difficult\u00e9,%20ce%20qui%20leur\u2026\" \/>\r\n<meta property=\"og:locale\" content=\"fr_FR\" \/>\r\n<meta property=\"og:type\" content=\"article\" \/>\r\n<meta property=\"og:title\" content=\"La roue des expos\u00e9s\" \/>\r\n<meta property=\"og:description\" content=\"[vc_row][vc_column][vc_custom_heading text=&quot;LA ROUE DES EXPOS\u00c9S&quot;][\/vc_column][\/vc_row][vc_row][vc_column][vc_single_image image=&quot;585&quot;][vc_column_text]La roue des expos\u00e9s[\/vc_column_text][\/vc_column][\/vc_row][vc_row][vc_column][vc_column_text]LA ROUE DES EXPOS\u00c9S Li\u00e9e \u00e0 l&#039;h\u00f4pital et \u00e0 l&#039;institution de l&#039;Annunziata se trouvait la &quot;Roue des Expos\u00e9s&quot;. La pratique de l&#039;Oblation consistait \u00e0 laisser ses enfants dans des couvents. Il devint habituel d&#039;utiliser la m\u00e9thode de la roue pour les familles en difficult\u00e9, ce qui leur\u2026\" \/>\r\n<meta property=\"og:url\" content=\"https:\/\/www.visitcaiazzo.it\/fr\/la-roue-des-exposes\/\" \/>\r\n<meta property=\"og:site_name\" content=\"VisitCaiazzo\" \/>\r\n<meta property=\"article:publisher\" content=\"https:\/\/www.facebook.com\/associazioneculturalegiovannimarcuccio\" \/>\r\n<meta property=\"article:modified_time\" content=\"2022-09-17T11:25:49+00:00\" \/>\r\n<meta name=\"twitter:card\" content=\"summary_large_image\" \/>\r\n<meta name=\"twitter:label1\" content=\"Dur\u00e9e de lecture estim\u00e9e\" \/>\n\t<meta name=\"twitter:data1\" content=\"2 minutes\" \/>\r\n<script type=\"application\/ld+json\" class=\"yoast-schema-graph\">{\"@context\":\"https:\/\/schema.org\",\"@graph\":[{\"@type\":\"WebPage\",\"@id\":\"https:\/\/www.visitcaiazzo.it\/fr\/la-roue-des-exposes\/\",\"url\":\"https:\/\/www.visitcaiazzo.it\/fr\/la-roue-des-exposes\/\",\"name\":\"La ruota degli esposti - VisitCaiazzo\",\"isPartOf\":{\"@id\":\"https:\/\/www.visitcaiazzo.it\/#website\"},\"datePublished\":\"2022-05-07T13:22:16+00:00\",\"dateModified\":\"2022-09-17T11:25:49+00:00\",\"breadcrumb\":{\"@id\":\"https:\/\/www.visitcaiazzo.it\/fr\/la-roue-des-exposes\/#breadcrumb\"},\"inLanguage\":\"fr-FR\",\"potentialAction\":[{\"@type\":\"ReadAction\",\"target\":[\"https:\/\/www.visitcaiazzo.it\/fr\/la-roue-des-exposes\/\"]}]},{\"@type\":\"BreadcrumbList\",\"@id\":\"https:\/\/www.visitcaiazzo.it\/fr\/la-roue-des-exposes\/#breadcrumb\",\"itemListElement\":[{\"@type\":\"ListItem\",\"position\":1,\"name\":\"Home\",\"item\":\"https:\/\/www.visitcaiazzo.it\/\"},{\"@type\":\"ListItem\",\"position\":2,\"name\":\"La roue des expos\u00e9s\"}]},{\"@type\":\"WebSite\",\"@id\":\"https:\/\/www.visitcaiazzo.it\/fr\/#website\",\"url\":\"https:\/\/www.visitcaiazzo.it\/fr\/\",\"name\":\"VisitCaiazzo\",\"description\":\"\",\"publisher\":{\"@id\":\"https:\/\/www.visitcaiazzo.it\/fr\/#organization\"},\"potentialAction\":[{\"@type\":\"SearchAction\",\"target\":{\"@type\":\"EntryPoint\",\"urlTemplate\":\"https:\/\/www.visitcaiazzo.it\/fr\/?s={search_term_string}\"},\"query-input\":{\"@type\":\"PropertyValueSpecification\",\"valueRequired\":true,\"valueName\":\"search_term_string\"}}],\"inLanguage\":\"fr-FR\"},{\"@type\":\"Organization\",\"@id\":\"https:\/\/www.visitcaiazzo.it\/fr\/#organization\",\"name\":\"VisitCaiazzo\",\"url\":\"https:\/\/www.visitcaiazzo.it\/fr\/\",\"logo\":{\"@type\":\"ImageObject\",\"inLanguage\":\"fr-FR\",\"@id\":\"https:\/\/www.visitcaiazzo.it\/fr\/#\/schema\/logo\/image\/\",\"url\":\"https:\/\/www.visitcaiazzo.it\/wp-content\/uploads\/2023\/06\/LOGO_DEFINITIVO-APS.png\",\"contentUrl\":\"https:\/\/www.visitcaiazzo.it\/wp-content\/uploads\/2023\/06\/LOGO_DEFINITIVO-APS.png\",\"width\":2778,\"height\":1924,\"caption\":\"VisitCaiazzo\"},\"image\":{\"@id\":\"https:\/\/www.visitcaiazzo.it\/fr\/#\/schema\/logo\/image\/\"},\"sameAs\":[\"https:\/\/www.facebook.com\/associazioneculturalegiovannimarcuccio\",\"https:\/\/www.instagram.com\/ass.culturalegiovannimarcuccio\/\",\"https:\/\/www.youtube.com\/channel\/UCPwrRd0ZNyIMsz7_0XrwkQg\",\"https:\/\/www.tiktok.com\/@ass.culturaleg.marcuccio\"]}]}<\/script>\r\n<!-- \/ Yoast SEO plugin. -->","yoast_head_json":{"title":"La roue des expos\u00e9s","description":"[vc_row][vc_column][vc_custom_heading text=\"LA ROUE DES EXPOS\u00c9S\"][\/vc_column][\/vc_row][vc_row][vc_column][vc_single_image image=\"585\"][vc_column_text]La roue des expos\u00e9s[\/vc_column_text][\/vc_column][\/vc_row][vc_row][vc_column][vc_column_text]LA ROUE DES EXPOS\u00c9S Li\u00e9e \u00e0 l'h\u00f4pital et \u00e0 l'institution de l'Annunziata se trouvait la \"Roue des Expos\u00e9s\". La pratique de l'Oblation consistait \u00e0 laisser ses enfants dans des couvents. Il devint habituel d'utiliser la m\u00e9thode de la roue pour les familles en difficult\u00e9, ce qui leur\u2026","robots":{"index":"index","follow":"follow","max-snippet":"max-snippet:-1","max-image-preview":"max-image-preview:large","max-video-preview":"max-video-preview:-1"},"canonical":"[vc_row][vc_column][vc_custom_heading text=\"LA ROUE DES EXPOS\u00c9S\"][\/vc_column][\/vc_row][vc_row][vc_column][vc_single_image image=\"585\"][vc_column_text]La roue des expos\u00e9s[\/vc_column_text][\/vc_column][\/vc_row][vc_row][vc_column][vc_column_text]LA ROUE DES EXPOS\u00c9S Li\u00e9e \u00e0 l'h\u00f4pital et \u00e0 l'institution de l'Annunziata se trouvait la \"Roue des Expos\u00e9s\". La pratique de l'Oblation consistait \u00e0 laisser ses enfants dans des couvents. Il devint habituel d'utiliser la m\u00e9thode de la roue pour les familles en difficult\u00e9, ce qui leur\u2026","og_locale":"fr_FR","og_type":"article","og_title":"La roue des expos\u00e9s","og_description":"[vc_row][vc_column][vc_custom_heading text=\"LA ROUE DES EXPOS\u00c9S\"][\/vc_column][\/vc_row][vc_row][vc_column][vc_single_image image=\"585\"][vc_column_text]La roue des expos\u00e9s[\/vc_column_text][\/vc_column][\/vc_row][vc_row][vc_column][vc_column_text]LA ROUE DES EXPOS\u00c9S Li\u00e9e \u00e0 l'h\u00f4pital et \u00e0 l'institution de l'Annunziata se trouvait la \"Roue des Expos\u00e9s\". La pratique de l'Oblation consistait \u00e0 laisser ses enfants dans des couvents. Il devint habituel d'utiliser la m\u00e9thode de la roue pour les familles en difficult\u00e9, ce qui leur\u2026","og_url":"https:\/\/www.visitcaiazzo.it\/fr\/la-roue-des-exposes\/","og_site_name":"VisitCaiazzo","article_publisher":"https:\/\/www.facebook.com\/associazioneculturalegiovannimarcuccio","article_modified_time":"2022-09-17T11:25:49+00:00","twitter_card":"summary_large_image","twitter_misc":{"Dur\u00e9e de lecture estim\u00e9e":"2 minutes"},"schema":{"@context":"https:\/\/schema.org","@graph":[{"@type":"WebPage","@id":"https:\/\/www.visitcaiazzo.it\/fr\/la-roue-des-exposes\/","url":"https:\/\/www.visitcaiazzo.it\/fr\/la-roue-des-exposes\/","name":"La ruota degli esposti - VisitCaiazzo","isPartOf":{"@id":"https:\/\/www.visitcaiazzo.it\/#website"},"datePublished":"2022-05-07T13:22:16+00:00","dateModified":"2022-09-17T11:25:49+00:00","breadcrumb":{"@id":"https:\/\/www.visitcaiazzo.it\/fr\/la-roue-des-exposes\/#breadcrumb"},"inLanguage":"fr-FR","potentialAction":[{"@type":"ReadAction","target":["https:\/\/www.visitcaiazzo.it\/fr\/la-roue-des-exposes\/"]}]},{"@type":"BreadcrumbList","@id":"https:\/\/www.visitcaiazzo.it\/fr\/la-roue-des-exposes\/#breadcrumb","itemListElement":[{"@type":"ListItem","position":1,"name":"Home","item":"https:\/\/www.visitcaiazzo.it\/"},{"@type":"ListItem","position":2,"name":"La roue des expos\u00e9s"}]},{"@type":"WebSite","@id":"https:\/\/www.visitcaiazzo.it\/fr\/#website","url":"https:\/\/www.visitcaiazzo.it\/fr\/","name":"VisitCaiazzo","description":"","publisher":{"@id":"https:\/\/www.visitcaiazzo.it\/fr\/#organization"},"potentialAction":[{"@type":"SearchAction","target":{"@type":"EntryPoint","urlTemplate":"https:\/\/www.visitcaiazzo.it\/fr\/?s={search_term_string}"},"query-input":{"@type":"PropertyValueSpecification","valueRequired":true,"valueName":"search_term_string"}}],"inLanguage":"fr-FR"},{"@type":"Organization","@id":"https:\/\/www.visitcaiazzo.it\/fr\/#organization","name":"VisitCaiazzo","url":"https:\/\/www.visitcaiazzo.it\/fr\/","logo":{"@type":"ImageObject","inLanguage":"fr-FR","@id":"https:\/\/www.visitcaiazzo.it\/fr\/#\/schema\/logo\/image\/","url":"https:\/\/www.visitcaiazzo.it\/wp-content\/uploads\/2023\/06\/LOGO_DEFINITIVO-APS.png","contentUrl":"https:\/\/www.visitcaiazzo.it\/wp-content\/uploads\/2023\/06\/LOGO_DEFINITIVO-APS.png","width":2778,"height":1924,"caption":"VisitCaiazzo"},"image":{"@id":"https:\/\/www.visitcaiazzo.it\/fr\/#\/schema\/logo\/image\/"},"sameAs":["https:\/\/www.facebook.com\/associazioneculturalegiovannimarcuccio","https:\/\/www.instagram.com\/ass.culturalegiovannimarcuccio\/","https:\/\/www.youtube.com\/channel\/UCPwrRd0ZNyIMsz7_0XrwkQg","https:\/\/www.tiktok.com\/@ass.culturaleg.marcuccio"]}]}},"_links":{"self":[{"href":"https:\/\/www.visitcaiazzo.it\/fr\/wp-json\/wp\/v2\/pages\/584","targetHints":{"allow":["GET"]}}],"collection":[{"href":"https:\/\/www.visitcaiazzo.it\/fr\/wp-json\/wp\/v2\/pages"}],"about":[{"href":"https:\/\/www.visitcaiazzo.it\/fr\/wp-json\/wp\/v2\/types\/page"}],"author":[{"embeddable":true,"href":"https:\/\/www.visitcaiazzo.it\/fr\/wp-json\/wp\/v2\/users\/1"}],"replies":[{"embeddable":true,"href":"https:\/\/www.visitcaiazzo.it\/fr\/wp-json\/wp\/v2\/comments?post=584"}],"version-history":[{"count":0,"href":"https:\/\/www.visitcaiazzo.it\/fr\/wp-json\/wp\/v2\/pages\/584\/revisions"}],"wp:attachment":[{"href":"https:\/\/www.visitcaiazzo.it\/fr\/wp-json\/wp\/v2\/media?parent=584"}],"curies":[{"name":"wp","href":"https:\/\/api.w.org\/{rel}","templated":true}]}}