{"id":874,"date":"2022-06-11T17:20:12","date_gmt":"2022-06-11T15:20:12","guid":{"rendered":"https:\/\/www.visitcaiazzo.it\/?page_id=874"},"modified":"2025-03-13T11:59:05","modified_gmt":"2025-03-13T10:59:05","slug":"area-archeologica-palazzo-mazziotti","status":"publish","type":"page","link":"https:\/\/www.visitcaiazzo.it\/es\/zona-arqueologica-palacio-mazziotti\/","title":{"rendered":"Zona arqueol\u00f3gica Palacio Mazziotti"},"content":{"rendered":"<div class=\"wpb-content-wrapper\">[vc_row][vc_column][vc_custom_heading text=&#8221;Area Archeologica Palazzo Mazziotti&#8221;][\/vc_column][\/vc_row][vc_row][vc_column][vc_single_image image=&#8221;875&#8243;][vc_column_text]Zona arqueol\u00f3gica Palacio Mazziotti[\/vc_column_text][\/vc_column][\/vc_row][vc_row][vc_column][vc_column_text]<strong>ZONA ARQUEOL\u00d3GICA DEL PALACIO MAZZIOTTI<br \/>\n<\/strong><\/p>\n<p>\u25cb Casa de finales del siglo IV-III a.C. (situada alrededor de el patio emergido)<\/p>\n<p>\u25cb Casa segunda mitad del siglo II a.C. finales-principios del siglo II a.C. (situada alrededor del patio emergido)<\/p>\n<p>\u25cb Mamposter\u00eda siglos IV-V d.C. (la m\u00e1s importante<\/p>\n<p>se extiende a lo largo de la carretera que va del Peque\u00f1o Teatro Jovinelli a Via Umberto I)<\/p>\n<p>\u25cb Casa medieval (situada alrededor del patio emergido)<\/p>\n<p>Durante los trabajos de restauraci\u00f3n realizados en la d\u00e9cada de 1990, se encontraron algunas estructuras antiguas cubiertas de tierra de aluvi\u00f3n bajo las cuales emergi\u00f3 un camino batido que se remonta a la \u00e9poca altoimperial.<\/p>\n<p>Bajo el camino batido hab\u00eda un pavimento que conten\u00eda material de finales del siglo IV a.C. y de principios de la \u00e9poca imperial.<\/p>\n<p>Las estructuras investigadas pertenecen a distintas fases de construcci\u00f3n de un mismo edificio, fechables entre la primera mitad del siglo II y principios del siglo I a.C., con la excepci\u00f3n de unos pocos muros. Los restos de muros identificados delimitan un patio (abajo a la derecha si nos situamos en la puerta que da acceso desde el Palacio Mazziotti a la zona arqueol\u00f3gica) y tres salas adyacentes con estructuras en trabajos inciertos de piedra caliza y mortero. Tambi\u00e9n se encontr\u00f3 un sistema de canalizaci\u00f3n de agua perteneciente a la fase republicana.<\/p>\n<p>Encontramos entonces un sistema de tuber\u00edas de terracota que desemboca en un desag\u00fce cubierto con grandes bloques de piedra caliza que regulaba el flujo de agua contenida en dos dep\u00f3sitos.<\/p>\n<p>Uno es el pozo situado en el interior del patio, el agua se canalizaba por conductos hacia el sur hasta el segundo aljibe que ocupa el sector pavimentado situado debajo y a la derecha de la pasarela.<\/p>\n<p>En la esquina sureste se encontr\u00f3 una letrina cuyo conducto desemboca en un canal\u00f3n situado a mayor profundidad. Junto a la letrina, separada por un tabique, hay un lugar llamado \u201clararium\u201d que en la casa romana estaba reservado al culto dom\u00e9stico.<\/p>\n<p>Al sur de estas estancias se acced\u00eda a un p\u00f3rtico, del que quedan partes de dos peque\u00f1as columnas de ladrillo y bloques de toba gris atribuibles a la \u00e9poca imperial.<\/p>\n<p>En las proximidades tambi\u00e9n se han hallado restos que atestiguan el procesamiento de aceitunas en la fase romana, de hecho, es visible un gran mortarium.<\/p>\n<p>Al oeste del patio hay un muro con una abertura taponada y, junto a este \u00faltima, el desag\u00fce principal revestido de tejas. En la Antig\u00fcedad Tard\u00eda, en el suroeste de la estructura, se utilizaron materiales despojados para construir los muros mencionados, tal vez para contener la zona o para delimitar un camino.<\/p>\n<p>Bas\u00e1ndose en el examen de los restos, se ha supuesto que la zona estuvo habitada ya en el siglo IV a.C. El paleosuelo indicar\u00eda que el nivel de habitaci\u00f3n m\u00e1s antiguo tal vez estuviera relacionado con edificios construidos con materiales perecederos, como la madera. La siguiente fase constructiva se sit\u00faa a partir de la segunda mitad del siglo II a.C. y parece pertenecer a una \u00ednsula m\u00e1s o menos comparable al barrio actual, cuyo abandono debi\u00f3 de producirse entre finales del siglo I a.C. y principios del II a.C.<\/p>\n<p>Otros materiales hallados atestiguan una ocupaci\u00f3n posterior en \u00e9poca tardoantigua, hasta la construcci\u00f3n del actual palacio, cuando este sector se utiliz\u00f3 como jard\u00edn.<\/p>\n<p>Lamentablemente, las numerosas transformaciones a las que se ha visto sometida la zona han alterado considerablemente el contexto arqueol\u00f3gico.[\/vc_column_text][\/vc_column][\/vc_row][vc_row][vc_column][vc_single_image image=&#8221;876&#8243;][\/vc_column][vc_column][vc_single_image image=&#8221;877&#8243;][\/vc_column][vc_column][vc_single_image image=&#8221;878&#8243;][\/vc_column][vc_column][\/vc_column][\/vc_row]\n<p>&nbsp;<\/p>\n<\/div>","protected":false},"excerpt":{"rendered":"<p>[vc_row][vc_column][vc_custom_heading text=&#8221;Area Archeologica Palazzo Mazziotti&#8221;][\/vc_column][\/vc_row][vc_row][vc_column][vc_single_image image=&#8221;875&#8243;][vc_column_text]Zona arqueol\u00f3gica Palacio Mazziotti[\/vc_column_text][\/vc_column][\/vc_row][vc_row][vc_column][vc_column_text]ZONA ARQUEOL\u00d3GICA DEL PALACIO MAZZIOTTI \u25cb Casa de finales del siglo IV-III a.C. (situada alrededor de el patio emergido) \u25cb Casa segunda mitad del siglo II a.C. finales-principios del siglo II a.C. (situada alrededor del patio emergido) \u25cb Mamposter\u00eda siglos IV-V d.C. (la m\u00e1s importante se extiende&hellip;<\/p>\n","protected":false},"author":1,"featured_media":0,"parent":0,"menu_order":0,"comment_status":"closed","ping_status":"closed","template":"","meta":{"footnotes":""},"class_list":["post-874","page","type-page","status-publish","hentry","entry","no-media"],"yoast_head":"<!-- This site is optimized with the Yoast SEO plugin v23.6 - https:\/\/yoast.com\/wordpress\/plugins\/seo\/ -->\r\n<title>Zona arqueol\u00f3gica Palacio Mazziotti<\/title>\r\n<meta name=\"description\" content=\"[vc_row][vc_column][vc_custom_heading text=&quot;Area Archeologica Palazzo Mazziotti&quot;][\/vc_column][\/vc_row][vc_row][vc_column][vc_single_image image=&quot;875&quot;][vc_column_text]Zona arqueol\u00f3gica Palacio Mazziotti[\/vc_column_text][\/vc_column][\/vc_row][vc_row][vc_column][vc_column_text]ZONA ARQUEOL\u00d3GICA DEL PALACIO MAZZIOTTI \u25cb Casa de finales del siglo IV-III a.C. (situada alrededor de el patio emergido) \u25cb Casa segunda mitad del siglo II a.C. finales-principios del siglo II a.C. (situada alrededor del patio emergido) \u25cb Mamposter\u00eda siglos IV-V d.C. (la m\u00e1s importante se extiende&hellip;\" \/>\r\n<meta name=\"robots\" content=\"index, follow, max-snippet:-1, max-image-preview:large, max-video-preview:-1\" \/>\r\n<link rel=\"canonical\" href=\"http:\/\/[vc_row][vc_column][vc_custom_heading%20text=Area%20Archeologica%20Palazzo%20Mazziotti][\/vc_column%5D%5B\/vc_row%5D%5Bvc_row%5D%5Bvc_column%5D%5Bvc_single_image%20image=875%5D%5Bvc_column_text%5DZona%20arqueol\u00f3gica%20Palacio%20Mazziotti%5B\/vc_column_text%5D%5B\/vc_column%5D%5B\/vc_row%5D%5Bvc_row%5D%5Bvc_column%5D%5Bvc_column_text%5DZONA%20ARQUEOL\u00d3GICA%20DEL%20PALACIO%20MAZZIOTTI%20\u25cb%20Casa%20de%20finales%20del%20siglo%20IV-III%20a.C.%20(situada%20alrededor%20de%20el%20patio%20emergido)%20\u25cb%20Casa%20segunda%20mitad%20del%20siglo%20II%20a.C.%20finales-principios%20del%20siglo%20II%20a.C.%20(situada%20alrededor%20del%20patio%20emergido)%20\u25cb%20Mamposter\u00eda%20siglos%20IV-V%20d.C.%20(la%20m\u00e1s%20importante%20se%20extiende&hellip;\" \/>\r\n<meta property=\"og:locale\" content=\"es_ES\" \/>\r\n<meta property=\"og:type\" content=\"article\" \/>\r\n<meta property=\"og:title\" content=\"Zona arqueol\u00f3gica Palacio Mazziotti\" \/>\r\n<meta property=\"og:description\" content=\"[vc_row][vc_column][vc_custom_heading text=&quot;Area Archeologica Palazzo Mazziotti&quot;][\/vc_column][\/vc_row][vc_row][vc_column][vc_single_image image=&quot;875&quot;][vc_column_text]Zona arqueol\u00f3gica Palacio Mazziotti[\/vc_column_text][\/vc_column][\/vc_row][vc_row][vc_column][vc_column_text]ZONA ARQUEOL\u00d3GICA DEL PALACIO MAZZIOTTI \u25cb Casa de finales del siglo IV-III a.C. (situada alrededor de el patio emergido) \u25cb Casa segunda mitad del siglo II a.C. finales-principios del siglo II a.C. (situada alrededor del patio emergido) \u25cb Mamposter\u00eda siglos IV-V d.C. (la m\u00e1s importante se extiende&hellip;\" \/>\r\n<meta property=\"og:url\" content=\"https:\/\/www.visitcaiazzo.it\/es\/zona-arqueologica-palacio-mazziotti\/\" \/>\r\n<meta property=\"og:site_name\" content=\"VisitCaiazzo\" \/>\r\n<meta property=\"article:publisher\" content=\"https:\/\/www.facebook.com\/associazioneculturalegiovannimarcuccio\" \/>\r\n<meta property=\"article:modified_time\" content=\"2025-03-13T10:59:05+00:00\" \/>\r\n<meta name=\"twitter:card\" content=\"summary_large_image\" \/>\r\n<meta name=\"twitter:label1\" content=\"Tiempo de lectura\" \/>\n\t<meta name=\"twitter:data1\" content=\"4 minutos\" \/>\r\n<script type=\"application\/ld+json\" class=\"yoast-schema-graph\">{\"@context\":\"https:\/\/schema.org\",\"@graph\":[{\"@type\":\"WebPage\",\"@id\":\"https:\/\/www.visitcaiazzo.it\/es\/zona-arqueologica-palacio-mazziotti\/\",\"url\":\"https:\/\/www.visitcaiazzo.it\/es\/zona-arqueologica-palacio-mazziotti\/\",\"name\":\"Area archeologica palazzo mazziotti - VisitCaiazzo\",\"isPartOf\":{\"@id\":\"https:\/\/www.visitcaiazzo.it\/#website\"},\"datePublished\":\"2022-06-11T15:20:12+00:00\",\"dateModified\":\"2025-03-13T10:59:05+00:00\",\"breadcrumb\":{\"@id\":\"https:\/\/www.visitcaiazzo.it\/es\/zona-arqueologica-palacio-mazziotti\/#breadcrumb\"},\"inLanguage\":\"es\",\"potentialAction\":[{\"@type\":\"ReadAction\",\"target\":[\"https:\/\/www.visitcaiazzo.it\/es\/zona-arqueologica-palacio-mazziotti\/\"]}]},{\"@type\":\"BreadcrumbList\",\"@id\":\"https:\/\/www.visitcaiazzo.it\/es\/zona-arqueologica-palacio-mazziotti\/#breadcrumb\",\"itemListElement\":[{\"@type\":\"ListItem\",\"position\":1,\"name\":\"Home\",\"item\":\"https:\/\/www.visitcaiazzo.it\/\"},{\"@type\":\"ListItem\",\"position\":2,\"name\":\"Zona arqueol\u00f3gica Palacio Mazziotti\"}]},{\"@type\":\"WebSite\",\"@id\":\"https:\/\/www.visitcaiazzo.it\/es\/#website\",\"url\":\"https:\/\/www.visitcaiazzo.it\/es\/\",\"name\":\"VisitCaiazzo\",\"description\":\"\",\"publisher\":{\"@id\":\"https:\/\/www.visitcaiazzo.it\/es\/#organization\"},\"potentialAction\":[{\"@type\":\"SearchAction\",\"target\":{\"@type\":\"EntryPoint\",\"urlTemplate\":\"https:\/\/www.visitcaiazzo.it\/es\/?s={search_term_string}\"},\"query-input\":{\"@type\":\"PropertyValueSpecification\",\"valueRequired\":true,\"valueName\":\"search_term_string\"}}],\"inLanguage\":\"es\"},{\"@type\":\"Organization\",\"@id\":\"https:\/\/www.visitcaiazzo.it\/es\/#organization\",\"name\":\"VisitCaiazzo\",\"url\":\"https:\/\/www.visitcaiazzo.it\/es\/\",\"logo\":{\"@type\":\"ImageObject\",\"inLanguage\":\"es\",\"@id\":\"https:\/\/www.visitcaiazzo.it\/es\/#\/schema\/logo\/image\/\",\"url\":\"https:\/\/www.visitcaiazzo.it\/wp-content\/uploads\/2023\/06\/LOGO_DEFINITIVO-APS.png\",\"contentUrl\":\"https:\/\/www.visitcaiazzo.it\/wp-content\/uploads\/2023\/06\/LOGO_DEFINITIVO-APS.png\",\"width\":2778,\"height\":1924,\"caption\":\"VisitCaiazzo\"},\"image\":{\"@id\":\"https:\/\/www.visitcaiazzo.it\/es\/#\/schema\/logo\/image\/\"},\"sameAs\":[\"https:\/\/www.facebook.com\/associazioneculturalegiovannimarcuccio\",\"https:\/\/www.instagram.com\/ass.culturalegiovannimarcuccio\/\",\"https:\/\/www.youtube.com\/channel\/UCPwrRd0ZNyIMsz7_0XrwkQg\",\"https:\/\/www.tiktok.com\/@ass.culturaleg.marcuccio\"]}]}<\/script>\r\n<!-- \/ Yoast SEO plugin. -->","yoast_head_json":{"title":"Zona arqueol\u00f3gica Palacio Mazziotti","description":"[vc_row][vc_column][vc_custom_heading text=\"Area Archeologica Palazzo Mazziotti\"][\/vc_column][\/vc_row][vc_row][vc_column][vc_single_image image=\"875\"][vc_column_text]Zona arqueol\u00f3gica Palacio Mazziotti[\/vc_column_text][\/vc_column][\/vc_row][vc_row][vc_column][vc_column_text]ZONA ARQUEOL\u00d3GICA DEL PALACIO MAZZIOTTI \u25cb Casa de finales del siglo IV-III a.C. (situada alrededor de el patio emergido) \u25cb Casa segunda mitad del siglo II a.C. finales-principios del siglo II a.C. (situada alrededor del patio emergido) \u25cb Mamposter\u00eda siglos IV-V d.C. (la m\u00e1s importante se extiende&hellip;","robots":{"index":"index","follow":"follow","max-snippet":"max-snippet:-1","max-image-preview":"max-image-preview:large","max-video-preview":"max-video-preview:-1"},"canonical":"[vc_row][vc_column][vc_custom_heading text=\"Area Archeologica Palazzo Mazziotti\"][\/vc_column][\/vc_row][vc_row][vc_column][vc_single_image image=\"875\"][vc_column_text]Zona arqueol\u00f3gica Palacio Mazziotti[\/vc_column_text][\/vc_column][\/vc_row][vc_row][vc_column][vc_column_text]ZONA ARQUEOL\u00d3GICA DEL PALACIO MAZZIOTTI \u25cb Casa de finales del siglo IV-III a.C. (situada alrededor de el patio emergido) \u25cb Casa segunda mitad del siglo II a.C. finales-principios del siglo II a.C. (situada alrededor del patio emergido) \u25cb Mamposter\u00eda siglos IV-V d.C. (la m\u00e1s importante se extiende&hellip;","og_locale":"es_ES","og_type":"article","og_title":"Zona arqueol\u00f3gica Palacio Mazziotti","og_description":"[vc_row][vc_column][vc_custom_heading text=\"Area Archeologica Palazzo Mazziotti\"][\/vc_column][\/vc_row][vc_row][vc_column][vc_single_image image=\"875\"][vc_column_text]Zona arqueol\u00f3gica Palacio Mazziotti[\/vc_column_text][\/vc_column][\/vc_row][vc_row][vc_column][vc_column_text]ZONA ARQUEOL\u00d3GICA DEL PALACIO MAZZIOTTI \u25cb Casa de finales del siglo IV-III a.C. (situada alrededor de el patio emergido) \u25cb Casa segunda mitad del siglo II a.C. finales-principios del siglo II a.C. (situada alrededor del patio emergido) \u25cb Mamposter\u00eda siglos IV-V d.C. (la m\u00e1s importante se extiende&hellip;","og_url":"https:\/\/www.visitcaiazzo.it\/es\/zona-arqueologica-palacio-mazziotti\/","og_site_name":"VisitCaiazzo","article_publisher":"https:\/\/www.facebook.com\/associazioneculturalegiovannimarcuccio","article_modified_time":"2025-03-13T10:59:05+00:00","twitter_card":"summary_large_image","twitter_misc":{"Tiempo de lectura":"4 minutos"},"schema":{"@context":"https:\/\/schema.org","@graph":[{"@type":"WebPage","@id":"https:\/\/www.visitcaiazzo.it\/es\/zona-arqueologica-palacio-mazziotti\/","url":"https:\/\/www.visitcaiazzo.it\/es\/zona-arqueologica-palacio-mazziotti\/","name":"Area archeologica palazzo mazziotti - VisitCaiazzo","isPartOf":{"@id":"https:\/\/www.visitcaiazzo.it\/#website"},"datePublished":"2022-06-11T15:20:12+00:00","dateModified":"2025-03-13T10:59:05+00:00","breadcrumb":{"@id":"https:\/\/www.visitcaiazzo.it\/es\/zona-arqueologica-palacio-mazziotti\/#breadcrumb"},"inLanguage":"es","potentialAction":[{"@type":"ReadAction","target":["https:\/\/www.visitcaiazzo.it\/es\/zona-arqueologica-palacio-mazziotti\/"]}]},{"@type":"BreadcrumbList","@id":"https:\/\/www.visitcaiazzo.it\/es\/zona-arqueologica-palacio-mazziotti\/#breadcrumb","itemListElement":[{"@type":"ListItem","position":1,"name":"Home","item":"https:\/\/www.visitcaiazzo.it\/"},{"@type":"ListItem","position":2,"name":"Zona arqueol\u00f3gica Palacio Mazziotti"}]},{"@type":"WebSite","@id":"https:\/\/www.visitcaiazzo.it\/es\/#website","url":"https:\/\/www.visitcaiazzo.it\/es\/","name":"VisitCaiazzo","description":"","publisher":{"@id":"https:\/\/www.visitcaiazzo.it\/es\/#organization"},"potentialAction":[{"@type":"SearchAction","target":{"@type":"EntryPoint","urlTemplate":"https:\/\/www.visitcaiazzo.it\/es\/?s={search_term_string}"},"query-input":{"@type":"PropertyValueSpecification","valueRequired":true,"valueName":"search_term_string"}}],"inLanguage":"es"},{"@type":"Organization","@id":"https:\/\/www.visitcaiazzo.it\/es\/#organization","name":"VisitCaiazzo","url":"https:\/\/www.visitcaiazzo.it\/es\/","logo":{"@type":"ImageObject","inLanguage":"es","@id":"https:\/\/www.visitcaiazzo.it\/es\/#\/schema\/logo\/image\/","url":"https:\/\/www.visitcaiazzo.it\/wp-content\/uploads\/2023\/06\/LOGO_DEFINITIVO-APS.png","contentUrl":"https:\/\/www.visitcaiazzo.it\/wp-content\/uploads\/2023\/06\/LOGO_DEFINITIVO-APS.png","width":2778,"height":1924,"caption":"VisitCaiazzo"},"image":{"@id":"https:\/\/www.visitcaiazzo.it\/es\/#\/schema\/logo\/image\/"},"sameAs":["https:\/\/www.facebook.com\/associazioneculturalegiovannimarcuccio","https:\/\/www.instagram.com\/ass.culturalegiovannimarcuccio\/","https:\/\/www.youtube.com\/channel\/UCPwrRd0ZNyIMsz7_0XrwkQg","https:\/\/www.tiktok.com\/@ass.culturaleg.marcuccio"]}]}},"_links":{"self":[{"href":"https:\/\/www.visitcaiazzo.it\/es\/wp-json\/wp\/v2\/pages\/874","targetHints":{"allow":["GET"]}}],"collection":[{"href":"https:\/\/www.visitcaiazzo.it\/es\/wp-json\/wp\/v2\/pages"}],"about":[{"href":"https:\/\/www.visitcaiazzo.it\/es\/wp-json\/wp\/v2\/types\/page"}],"author":[{"embeddable":true,"href":"https:\/\/www.visitcaiazzo.it\/es\/wp-json\/wp\/v2\/users\/1"}],"replies":[{"embeddable":true,"href":"https:\/\/www.visitcaiazzo.it\/es\/wp-json\/wp\/v2\/comments?post=874"}],"version-history":[{"count":3,"href":"https:\/\/www.visitcaiazzo.it\/es\/wp-json\/wp\/v2\/pages\/874\/revisions"}],"predecessor-version":[{"id":1670,"href":"https:\/\/www.visitcaiazzo.it\/es\/wp-json\/wp\/v2\/pages\/874\/revisions\/1670"}],"wp:attachment":[{"href":"https:\/\/www.visitcaiazzo.it\/es\/wp-json\/wp\/v2\/media?parent=874"}],"curies":[{"name":"wp","href":"https:\/\/api.w.org\/{rel}","templated":true}]}}