{"id":855,"date":"2022-06-11T11:51:10","date_gmt":"2022-06-11T09:51:10","guid":{"rendered":"https:\/\/www.visitcaiazzo.it\/?page_id=855"},"modified":"2025-03-14T11:31:44","modified_gmt":"2025-03-14T10:31:44","slug":"palazzo-savastano","status":"publish","type":"page","link":"https:\/\/www.visitcaiazzo.it\/es\/palacio-savastano\/","title":{"rendered":"Palacio Savastano"},"content":{"rendered":"<div class=\"wpb-content-wrapper\">[vc_row][vc_column][vc_custom_heading text=&#8221;<strong style=\"color: var(--wpex-text-2); font-family: var(--wpex-body-font-family, var(--wpex-font-sans)); font-size: var(--wpex-body-font-size, 13px);\">Palacio Savastano<\/strong>&#8220;][\/vc_column][\/vc_row][vc_row][vc_column][vc_single_image image=&#8221;856&#8221;][vc_column_text]<strong style=\"color: var(--wpex-text-2); font-family: var(--wpex-body-font-family, var(--wpex-font-sans)); font-size: var(--wpex-body-font-size, 13px);\">Palacio Savastano<\/strong>[\/vc_column_text][\/vc_column][\/vc_row][vc_row][vc_column][vc_column_text]<strong style=\"color: var(--wpex-text-2); font-family: var(--wpex-body-font-family, var(--wpex-font-sans)); font-size: var(--wpex-body-font-size, 13px);\"><strong style=\"color: var(--wpex-text-2); font-family: var(--wpex-body-font-family, var(--wpex-font-sans)); font-size: var(--wpex-body-font-size, 13px);\">Palacio Savastano<\/p>\n<p><\/strong><\/strong>La familia Savastano, originaria de Veroli desde el siglo XVIII, se traslad\u00f3 probablemente a Campania con Francesco Paolo Savastano, licenciado en Derecho en la Universidad de N\u00e1poles en 1774.<\/p>\n<p>El origen del apellido debe buscarse en algunas transcripciones y cambios fon\u00e9ticos dialectales del nombre de persona Sebastiano que perteneci\u00f3 a un progenitor desconocido.<\/p>\n<p>La clara nobleza de la familia queda patente por la presencia tanto en Capua como en Caiazzo de palacios nobiliarios hom\u00f3nimos y de extensas propiedades de terrenos.<\/p>\n<p>El Palacio Savastano se encuentra en el centro hist\u00f3rico de Caiazzo, en calle Aulo Attilio Caiatino, y es un imponente edificio de propiedad privada.[\/vc_column_text][\/vc_column][\/vc_row][vc_row][vc_column][vc_single_image image=&#8221;857&#8243;][\/vc_column][\/vc_row][vc_row][vc_column][vc_column_text]Adem\u00e1s, hay ep\u00edgrafes romanos en el palacio, por ejemplo la inscripci\u00f3n IUSTITIAM en la jamba derecha del portal.[\/vc_column_text][\/vc_column][\/vc_row][vc_row][vc_column][vc_single_image image=&#8221;858&#8243;][vc_column_text]<em>Detalle de ventanas enmarcadas<\/em>[\/vc_column_text][\/vc_column][\/vc_row][vc_row][vc_column][vc_column_text]En la fachada principal del plan noble encontramos 7 ventanas enmarcadas por estucos mixtil\u00edneos, cada una coronada por un medio busto de terracota que representa un d\u00eda de la semana.[\/vc_column_text][\/vc_column][\/vc_row][vc_row][vc_column][vc_single_image image=&#8221;859&#8243;][vc_column_text]<em>Detalle de la tienda<\/em>[\/vc_column_text][\/vc_column][\/vc_row][vc_row][vc_column][vc_column_text]Bajo estas 7 ventanas encontramos 6 talleres divididos en el centro por el sencillo pero majestuoso portal que da acceso al patio de estilo napolitano.[\/vc_column_text][\/vc_column][\/vc_row][vc_row][vc_column][vc_raw_html]JTNDaDMlM0UlM0NwJTNFJTNDYiUzRSUzQ2ElMjBocmVmJTNEJTIyaHR0cHMlM0ElMkYlMkZ3d3cudmlzaXRjYWlhenpvLml0JTJGcGFsYXp6by1zYXZhc3Rhbm8lMkZpbnRlcm5vLXBhbGF6em8tc2F2YXN0YW5vJTIyJTNFSW50ZXJubyUyMFBhbGF6em8lMjBTYXZhc3Rhbm8lM0MlMkZhJTNFJTNDJTJGYiUzRSUzQyUyRnAlM0UlM0MlMkZoMyUzRQ==[\/vc_raw_html][\/vc_column][\/vc_row]\n<\/div>","protected":false},"excerpt":{"rendered":"<p>[vc_row][vc_column][vc_custom_heading text=&#8221;Palacio Savastano&#8220;][\/vc_column][\/vc_row][vc_row][vc_column][vc_single_image image=&#8221;856&#8221;][vc_column_text]Palacio Savastano[\/vc_column_text][\/vc_column][\/vc_row][vc_row][vc_column][vc_column_text]Palacio Savastano La familia Savastano, originaria de Veroli desde el siglo XVIII, se traslad\u00f3 probablemente a Campania con Francesco Paolo Savastano, licenciado en Derecho en la Universidad de N\u00e1poles en 1774. El origen del apellido debe buscarse en algunas transcripciones y cambios fon\u00e9ticos dialectales del nombre de persona Sebastiano que perteneci\u00f3&hellip;<\/p>\n","protected":false},"author":1,"featured_media":0,"parent":0,"menu_order":0,"comment_status":"closed","ping_status":"closed","template":"","meta":{"footnotes":""},"class_list":["post-855","page","type-page","status-publish","hentry","entry","no-media"],"yoast_head":"<!-- This site is optimized with the Yoast SEO plugin v23.6 - https:\/\/yoast.com\/wordpress\/plugins\/seo\/ -->\r\n<title>Palacio Savastano<\/title>\r\n<meta name=\"description\" content=\"[vc_row][vc_column][vc_custom_heading text=&quot;Palacio Savastano&quot;][\/vc_column][\/vc_row][vc_row][vc_column][vc_single_image image=&quot;856&quot;][vc_column_text]Palacio Savastano[\/vc_column_text][\/vc_column][\/vc_row][vc_row][vc_column][vc_column_text]Palacio Savastano La familia Savastano, originaria de Veroli desde el siglo XVIII, se traslad\u00f3 probablemente a Campania con Francesco Paolo Savastano, licenciado en Derecho en la Universidad de N\u00e1poles en 1774. El origen del apellido debe buscarse en algunas transcripciones y cambios fon\u00e9ticos dialectales del nombre de persona Sebastiano que perteneci\u00f3&hellip;\" \/>\r\n<meta name=\"robots\" content=\"index, follow, max-snippet:-1, max-image-preview:large, max-video-preview:-1\" \/>\r\n<link rel=\"canonical\" href=\"http:\/\/[vc_row][vc_column][vc_custom_heading%20text=Palacio%20Savastano][\/vc_column%5D%5B\/vc_row%5D%5Bvc_row%5D%5Bvc_column%5D%5Bvc_single_image%20image=856%5D%5Bvc_column_text%5DPalacio%20Savastano%5B\/vc_column_text%5D%5B\/vc_column%5D%5B\/vc_row%5D%5Bvc_row%5D%5Bvc_column%5D%5Bvc_column_text%5DPalacio%20Savastano%20La%20familia%20Savastano,%20originaria%20de%20Veroli%20desde%20el%20siglo%20XVIII,%20se%20traslad\u00f3%20probablemente%20a%20Campania%20con%20Francesco%20Paolo%20Savastano,%20licenciado%20en%20Derecho%20en%20la%20Universidad%20de%20N\u00e1poles%20en%201774.%20El%20origen%20del%20apellido%20debe%20buscarse%20en%20algunas%20transcripciones%20y%20cambios%20fon\u00e9ticos%20dialectales%20del%20nombre%20de%20persona%20Sebastiano%20que%20perteneci\u00f3&hellip;\" \/>\r\n<meta property=\"og:locale\" content=\"es_ES\" \/>\r\n<meta property=\"og:type\" content=\"article\" \/>\r\n<meta property=\"og:title\" content=\"Palacio Savastano\" \/>\r\n<meta property=\"og:description\" content=\"[vc_row][vc_column][vc_custom_heading text=&quot;Palacio Savastano&quot;][\/vc_column][\/vc_row][vc_row][vc_column][vc_single_image image=&quot;856&quot;][vc_column_text]Palacio Savastano[\/vc_column_text][\/vc_column][\/vc_row][vc_row][vc_column][vc_column_text]Palacio Savastano La familia Savastano, originaria de Veroli desde el siglo XVIII, se traslad\u00f3 probablemente a Campania con Francesco Paolo Savastano, licenciado en Derecho en la Universidad de N\u00e1poles en 1774. El origen del apellido debe buscarse en algunas transcripciones y cambios fon\u00e9ticos dialectales del nombre de persona Sebastiano que perteneci\u00f3&hellip;\" \/>\r\n<meta property=\"og:url\" content=\"https:\/\/www.visitcaiazzo.it\/es\/palacio-savastano\/\" \/>\r\n<meta property=\"og:site_name\" content=\"VisitCaiazzo\" \/>\r\n<meta property=\"article:publisher\" content=\"https:\/\/www.facebook.com\/associazioneculturalegiovannimarcuccio\" \/>\r\n<meta property=\"article:modified_time\" content=\"2025-03-14T10:31:44+00:00\" \/>\r\n<meta name=\"twitter:card\" content=\"summary_large_image\" \/>\r\n<meta name=\"twitter:label1\" content=\"Tiempo de lectura\" \/>\n\t<meta name=\"twitter:data1\" content=\"1 minuto\" \/>\r\n<script type=\"application\/ld+json\" class=\"yoast-schema-graph\">{\"@context\":\"https:\/\/schema.org\",\"@graph\":[{\"@type\":\"WebPage\",\"@id\":\"https:\/\/www.visitcaiazzo.it\/es\/palacio-savastano\/\",\"url\":\"https:\/\/www.visitcaiazzo.it\/es\/palacio-savastano\/\",\"name\":\"Palazzo Savastano - VisitCaiazzo\",\"isPartOf\":{\"@id\":\"https:\/\/www.visitcaiazzo.it\/#website\"},\"datePublished\":\"2022-06-11T09:51:10+00:00\",\"dateModified\":\"2025-03-14T10:31:44+00:00\",\"breadcrumb\":{\"@id\":\"https:\/\/www.visitcaiazzo.it\/es\/palacio-savastano\/#breadcrumb\"},\"inLanguage\":\"es\",\"potentialAction\":[{\"@type\":\"ReadAction\",\"target\":[\"https:\/\/www.visitcaiazzo.it\/es\/palacio-savastano\/\"]}]},{\"@type\":\"BreadcrumbList\",\"@id\":\"https:\/\/www.visitcaiazzo.it\/es\/palacio-savastano\/#breadcrumb\",\"itemListElement\":[{\"@type\":\"ListItem\",\"position\":1,\"name\":\"Home\",\"item\":\"https:\/\/www.visitcaiazzo.it\/\"},{\"@type\":\"ListItem\",\"position\":2,\"name\":\"Palacio Savastano\"}]},{\"@type\":\"WebSite\",\"@id\":\"https:\/\/www.visitcaiazzo.it\/es\/#website\",\"url\":\"https:\/\/www.visitcaiazzo.it\/es\/\",\"name\":\"VisitCaiazzo\",\"description\":\"\",\"publisher\":{\"@id\":\"https:\/\/www.visitcaiazzo.it\/es\/#organization\"},\"potentialAction\":[{\"@type\":\"SearchAction\",\"target\":{\"@type\":\"EntryPoint\",\"urlTemplate\":\"https:\/\/www.visitcaiazzo.it\/es\/?s={search_term_string}\"},\"query-input\":{\"@type\":\"PropertyValueSpecification\",\"valueRequired\":true,\"valueName\":\"search_term_string\"}}],\"inLanguage\":\"es\"},{\"@type\":\"Organization\",\"@id\":\"https:\/\/www.visitcaiazzo.it\/es\/#organization\",\"name\":\"VisitCaiazzo\",\"url\":\"https:\/\/www.visitcaiazzo.it\/es\/\",\"logo\":{\"@type\":\"ImageObject\",\"inLanguage\":\"es\",\"@id\":\"https:\/\/www.visitcaiazzo.it\/es\/#\/schema\/logo\/image\/\",\"url\":\"https:\/\/www.visitcaiazzo.it\/wp-content\/uploads\/2023\/06\/LOGO_DEFINITIVO-APS.png\",\"contentUrl\":\"https:\/\/www.visitcaiazzo.it\/wp-content\/uploads\/2023\/06\/LOGO_DEFINITIVO-APS.png\",\"width\":2778,\"height\":1924,\"caption\":\"VisitCaiazzo\"},\"image\":{\"@id\":\"https:\/\/www.visitcaiazzo.it\/es\/#\/schema\/logo\/image\/\"},\"sameAs\":[\"https:\/\/www.facebook.com\/associazioneculturalegiovannimarcuccio\",\"https:\/\/www.instagram.com\/ass.culturalegiovannimarcuccio\/\",\"https:\/\/www.youtube.com\/channel\/UCPwrRd0ZNyIMsz7_0XrwkQg\",\"https:\/\/www.tiktok.com\/@ass.culturaleg.marcuccio\"]}]}<\/script>\r\n<!-- \/ Yoast SEO plugin. -->","yoast_head_json":{"title":"Palacio Savastano","description":"[vc_row][vc_column][vc_custom_heading text=\"Palacio Savastano\"][\/vc_column][\/vc_row][vc_row][vc_column][vc_single_image image=\"856\"][vc_column_text]Palacio Savastano[\/vc_column_text][\/vc_column][\/vc_row][vc_row][vc_column][vc_column_text]Palacio Savastano La familia Savastano, originaria de Veroli desde el siglo XVIII, se traslad\u00f3 probablemente a Campania con Francesco Paolo Savastano, licenciado en Derecho en la Universidad de N\u00e1poles en 1774. El origen del apellido debe buscarse en algunas transcripciones y cambios fon\u00e9ticos dialectales del nombre de persona Sebastiano que perteneci\u00f3&hellip;","robots":{"index":"index","follow":"follow","max-snippet":"max-snippet:-1","max-image-preview":"max-image-preview:large","max-video-preview":"max-video-preview:-1"},"canonical":"[vc_row][vc_column][vc_custom_heading text=\"Palacio Savastano\"][\/vc_column][\/vc_row][vc_row][vc_column][vc_single_image image=\"856\"][vc_column_text]Palacio Savastano[\/vc_column_text][\/vc_column][\/vc_row][vc_row][vc_column][vc_column_text]Palacio Savastano La familia Savastano, originaria de Veroli desde el siglo XVIII, se traslad\u00f3 probablemente a Campania con Francesco Paolo Savastano, licenciado en Derecho en la Universidad de N\u00e1poles en 1774. El origen del apellido debe buscarse en algunas transcripciones y cambios fon\u00e9ticos dialectales del nombre de persona Sebastiano que perteneci\u00f3&hellip;","og_locale":"es_ES","og_type":"article","og_title":"Palacio Savastano","og_description":"[vc_row][vc_column][vc_custom_heading text=\"Palacio Savastano\"][\/vc_column][\/vc_row][vc_row][vc_column][vc_single_image image=\"856\"][vc_column_text]Palacio Savastano[\/vc_column_text][\/vc_column][\/vc_row][vc_row][vc_column][vc_column_text]Palacio Savastano La familia Savastano, originaria de Veroli desde el siglo XVIII, se traslad\u00f3 probablemente a Campania con Francesco Paolo Savastano, licenciado en Derecho en la Universidad de N\u00e1poles en 1774. El origen del apellido debe buscarse en algunas transcripciones y cambios fon\u00e9ticos dialectales del nombre de persona Sebastiano que perteneci\u00f3&hellip;","og_url":"https:\/\/www.visitcaiazzo.it\/es\/palacio-savastano\/","og_site_name":"VisitCaiazzo","article_publisher":"https:\/\/www.facebook.com\/associazioneculturalegiovannimarcuccio","article_modified_time":"2025-03-14T10:31:44+00:00","twitter_card":"summary_large_image","twitter_misc":{"Tiempo de lectura":"1 minuto"},"schema":{"@context":"https:\/\/schema.org","@graph":[{"@type":"WebPage","@id":"https:\/\/www.visitcaiazzo.it\/es\/palacio-savastano\/","url":"https:\/\/www.visitcaiazzo.it\/es\/palacio-savastano\/","name":"Palazzo Savastano - VisitCaiazzo","isPartOf":{"@id":"https:\/\/www.visitcaiazzo.it\/#website"},"datePublished":"2022-06-11T09:51:10+00:00","dateModified":"2025-03-14T10:31:44+00:00","breadcrumb":{"@id":"https:\/\/www.visitcaiazzo.it\/es\/palacio-savastano\/#breadcrumb"},"inLanguage":"es","potentialAction":[{"@type":"ReadAction","target":["https:\/\/www.visitcaiazzo.it\/es\/palacio-savastano\/"]}]},{"@type":"BreadcrumbList","@id":"https:\/\/www.visitcaiazzo.it\/es\/palacio-savastano\/#breadcrumb","itemListElement":[{"@type":"ListItem","position":1,"name":"Home","item":"https:\/\/www.visitcaiazzo.it\/"},{"@type":"ListItem","position":2,"name":"Palacio Savastano"}]},{"@type":"WebSite","@id":"https:\/\/www.visitcaiazzo.it\/es\/#website","url":"https:\/\/www.visitcaiazzo.it\/es\/","name":"VisitCaiazzo","description":"","publisher":{"@id":"https:\/\/www.visitcaiazzo.it\/es\/#organization"},"potentialAction":[{"@type":"SearchAction","target":{"@type":"EntryPoint","urlTemplate":"https:\/\/www.visitcaiazzo.it\/es\/?s={search_term_string}"},"query-input":{"@type":"PropertyValueSpecification","valueRequired":true,"valueName":"search_term_string"}}],"inLanguage":"es"},{"@type":"Organization","@id":"https:\/\/www.visitcaiazzo.it\/es\/#organization","name":"VisitCaiazzo","url":"https:\/\/www.visitcaiazzo.it\/es\/","logo":{"@type":"ImageObject","inLanguage":"es","@id":"https:\/\/www.visitcaiazzo.it\/es\/#\/schema\/logo\/image\/","url":"https:\/\/www.visitcaiazzo.it\/wp-content\/uploads\/2023\/06\/LOGO_DEFINITIVO-APS.png","contentUrl":"https:\/\/www.visitcaiazzo.it\/wp-content\/uploads\/2023\/06\/LOGO_DEFINITIVO-APS.png","width":2778,"height":1924,"caption":"VisitCaiazzo"},"image":{"@id":"https:\/\/www.visitcaiazzo.it\/es\/#\/schema\/logo\/image\/"},"sameAs":["https:\/\/www.facebook.com\/associazioneculturalegiovannimarcuccio","https:\/\/www.instagram.com\/ass.culturalegiovannimarcuccio\/","https:\/\/www.youtube.com\/channel\/UCPwrRd0ZNyIMsz7_0XrwkQg","https:\/\/www.tiktok.com\/@ass.culturaleg.marcuccio"]}]}},"_links":{"self":[{"href":"https:\/\/www.visitcaiazzo.it\/es\/wp-json\/wp\/v2\/pages\/855","targetHints":{"allow":["GET"]}}],"collection":[{"href":"https:\/\/www.visitcaiazzo.it\/es\/wp-json\/wp\/v2\/pages"}],"about":[{"href":"https:\/\/www.visitcaiazzo.it\/es\/wp-json\/wp\/v2\/types\/page"}],"author":[{"embeddable":true,"href":"https:\/\/www.visitcaiazzo.it\/es\/wp-json\/wp\/v2\/users\/1"}],"replies":[{"embeddable":true,"href":"https:\/\/www.visitcaiazzo.it\/es\/wp-json\/wp\/v2\/comments?post=855"}],"version-history":[{"count":3,"href":"https:\/\/www.visitcaiazzo.it\/es\/wp-json\/wp\/v2\/pages\/855\/revisions"}],"predecessor-version":[{"id":1678,"href":"https:\/\/www.visitcaiazzo.it\/es\/wp-json\/wp\/v2\/pages\/855\/revisions\/1678"}],"wp:attachment":[{"href":"https:\/\/www.visitcaiazzo.it\/es\/wp-json\/wp\/v2\/media?parent=855"}],"curies":[{"name":"wp","href":"https:\/\/api.w.org\/{rel}","templated":true}]}}