{"id":848,"date":"2022-06-10T20:13:19","date_gmt":"2022-06-10T18:13:19","guid":{"rendered":"https:\/\/www.visitcaiazzo.it\/?page_id=848"},"modified":"2025-03-13T11:40:21","modified_gmt":"2025-03-13T10:40:21","slug":"interni-chiesa-santapollonia","status":"publish","type":"page","link":"https:\/\/www.visitcaiazzo.it\/es\/iglesia-de-santa-apollonia\/interni-chiesa-santapollonia\/","title":{"rendered":"Interni Chiesa Sant\u2019Apollonia"},"content":{"rendered":"<div class=\"wpb-content-wrapper\">[vc_row][vc_column][vc_custom_heading text=&#8221;Interni Chiesa Sant&#8217;Apollonia&#8221;][\/vc_column][\/vc_row][vc_row][vc_column][vc_single_image image=&#8221;849&#8243;][vc_column_text]Interno Chiesa Sant&#8217;Apollonia[\/vc_column_text][\/vc_column][\/vc_row][vc_row][vc_column][vc_single_image image=&#8221;850&#8243;][vc_column_text]Altare Maggiore[\/vc_column_text][\/vc_column][\/vc_row][vc_row][vc_column][vc_single_image image=&#8221;851&#8243;][vc_column_text]Dipinto Madonna[\/vc_column_text][\/vc_column][\/vc_row][vc_row][vc_column][vc_single_image image=&#8221;852&#8243;][vc_column_text]Particolare Altare Maggiore[\/vc_column_text][\/vc_column][\/vc_row][vc_row][vc_column][vc_single_image image=&#8221;853&#8243;][vc_column_text]Cupola Chiesa Sant&#8217;Apollonia[\/vc_column_text][\/vc_column][\/vc_row][vc_row][vc_column][vc_column_text css=&#8221;&#8221;]La Chiesa di Sant&#8217;Apollonia, situata nel centro storico di Caiazzo in via Salita Manselli, \u00e8 di origine antichissime e fu eretta dalla confraternita di Santa Apollonia nel 1776 sulla precedente Chiesa di Sant&#8217;Antonio. Sant&#8217; Apollonia sub\u00ec il martirio per la fede durante la persecuzione di Decio. Apollonia fin dai pi\u00f9 teneri anni venne educata nella religione cristiana. Accesa di ardente amore per Ges\u00f9, decise di darsi interamente a Lui, facendo voto di perpetua verginit\u00e0. L&#8217;affresco all&#8217;interno della chiesa raffigura una croce che rappresenta l&#8217;amore che sant&#8217;Apollonia provava per Ges\u00f9. Successivamente viene raffigurata una palma e una pinza, infatti secondo la leggenda, quando usc\u00ec il decreto di persecuzione, Apollonia prodig\u00f2 tutti i suoi averi in favore dei cristiani. Venne subito scoperta, arrestata e rinchiusa in una orrenda prigione, dove pass\u00f2 una notte. Il giorno dopo, venne presentata al prefetto ed interrogata circa la sua fede e lei dichiar\u00f2 il suo amore per il vero dio. Questa confessione le cost\u00f2 la vita e le furono subito rotti tutti i denti, da questo proviene la raffigurazione della pinza, e fu condannata ad essere bruciata viva. In breve venne preparata una grande catasta di legna, e tra una numerosa folla di pagani venne condotta al luogo del martirio. Una grande serenit\u00e0 traspariva dal volto di Apollonia : ci\u00f2 spinse il prefetto a farle altre interrogazioni e a prometterle gli onori e beni del mondo. Ma essa invariabilmente rispondeva: \u00ab Sono cristiana; breve \u00e8 il patire, ma eterno \u00e8 il gaudio \u00bb. Appiccato il fuoco al rogo, venne nuovamente interrogata. Apollonia non rispose e stette un istante in preghiera. Volto pertanto lo sguardo al cielo si ricord\u00f2 che Ges\u00f9 l&#8217;attendeva. E cos\u00ec, spinta da questo pensiero, si gett\u00f2 da se stessa tra le fiamme. In breve il sacrificio fu consumato, e lo spirito suo, sciolto dal corpo, se ne vol\u00f2 al suo Celeste Sposo a ricevere la doppia corona della verginit\u00e0 e del martirio.Venne poi eretta in Roma una chiesa in suo onore. Essa \u00e8 invocata come protettrice contro il mal di denti.[\/vc_column_text][\/vc_column][\/vc_row]\n<\/div>","protected":false},"excerpt":{"rendered":"<p>[vc_row][vc_column][vc_custom_heading text=&#8221;Interni Chiesa Sant&#8217;Apollonia&#8221;][\/vc_column][\/vc_row][vc_row][vc_column][vc_single_image image=&#8221;849&#8243;][vc_column_text]Interno Chiesa Sant&#8217;Apollonia[\/vc_column_text][\/vc_column][\/vc_row][vc_row][vc_column][vc_single_image image=&#8221;850&#8243;][vc_column_text]Altare Maggiore[\/vc_column_text][\/vc_column][\/vc_row][vc_row][vc_column][vc_single_image image=&#8221;851&#8243;][vc_column_text]Dipinto Madonna[\/vc_column_text][\/vc_column][\/vc_row][vc_row][vc_column][vc_single_image image=&#8221;852&#8243;][vc_column_text]Particolare Altare Maggiore[\/vc_column_text][\/vc_column][\/vc_row][vc_row][vc_column][vc_single_image image=&#8221;853&#8243;][vc_column_text]Cupola Chiesa Sant&#8217;Apollonia[\/vc_column_text][\/vc_column][\/vc_row][vc_row][vc_column][vc_column_text css=&#8221;&#8221;]La Chiesa di Sant&#8217;Apollonia, situata nel centro storico di Caiazzo in via Salita Manselli, \u00e8 di origine antichissime e fu eretta dalla confraternita di Santa Apollonia nel 1776 sulla precedente Chiesa di Sant&#8217;Antonio. Sant&#8217; Apollonia sub\u00ec il martirio&hellip;<\/p>\n","protected":false},"author":1,"featured_media":0,"parent":836,"menu_order":0,"comment_status":"closed","ping_status":"closed","template":"","meta":{"footnotes":""},"class_list":["post-848","page","type-page","status-publish","hentry","entry","no-media"],"yoast_head":"<!-- This site is optimized with the Yoast SEO plugin v23.6 - https:\/\/yoast.com\/wordpress\/plugins\/seo\/ -->\r\n<title>Interni Chiesa Sant\u2019Apollonia<\/title>\r\n<meta name=\"description\" content=\"[vc_row][vc_column][vc_custom_heading text=&quot;Interni Chiesa Sant&#039;Apollonia&quot;][\/vc_column][\/vc_row][vc_row][vc_column][vc_single_image image=&quot;849&quot;][vc_column_text]Interno Chiesa Sant&#039;Apollonia[\/vc_column_text][\/vc_column][\/vc_row][vc_row][vc_column][vc_single_image image=&quot;850&quot;][vc_column_text]Altare Maggiore[\/vc_column_text][\/vc_column][\/vc_row][vc_row][vc_column][vc_single_image image=&quot;851&quot;][vc_column_text]Dipinto Madonna[\/vc_column_text][\/vc_column][\/vc_row][vc_row][vc_column][vc_single_image image=&quot;852&quot;][vc_column_text]Particolare Altare Maggiore[\/vc_column_text][\/vc_column][\/vc_row][vc_row][vc_column][vc_single_image image=&quot;853&quot;][vc_column_text]Cupola Chiesa Sant&#039;Apollonia[\/vc_column_text][\/vc_column][\/vc_row][vc_row][vc_column][vc_column_text css=&quot;&quot;]La Chiesa di Sant&#039;Apollonia, situata nel centro storico di Caiazzo in via Salita Manselli, \u00e8 di origine antichissime e fu eretta dalla confraternita di Santa Apollonia nel 1776 sulla precedente Chiesa di Sant&#039;Antonio. Sant&#039; Apollonia sub\u00ec il martirio&hellip;\" \/>\r\n<meta name=\"robots\" content=\"index, follow, max-snippet:-1, max-image-preview:large, max-video-preview:-1\" \/>\r\n<link rel=\"canonical\" href=\"http:\/\/[vc_row][vc_column][vc_custom_heading%20text=Interni%20Chiesa%20Sant'Apollonia][\/vc_column%5D%5B\/vc_row%5D%5Bvc_row%5D%5Bvc_column%5D%5Bvc_single_image%20image=849%5D%5Bvc_column_text%5DInterno%20Chiesa%20Sant'Apollonia%5B\/vc_column_text%5D%5B\/vc_column%5D%5B\/vc_row%5D%5Bvc_row%5D%5Bvc_column%5D%5Bvc_single_image%20image=850%5D%5Bvc_column_text%5DAltare%20Maggiore%5B\/vc_column_text%5D%5B\/vc_column%5D%5B\/vc_row%5D%5Bvc_row%5D%5Bvc_column%5D%5Bvc_single_image%20image=851%5D%5Bvc_column_text%5DDipinto%20Madonna%5B\/vc_column_text%5D%5B\/vc_column%5D%5B\/vc_row%5D%5Bvc_row%5D%5Bvc_column%5D%5Bvc_single_image%20image=852%5D%5Bvc_column_text%5DParticolare%20Altare%20Maggiore%5B\/vc_column_text%5D%5B\/vc_column%5D%5B\/vc_row%5D%5Bvc_row%5D%5Bvc_column%5D%5Bvc_single_image%20image=853%5D%5Bvc_column_text%5DCupola%20Chiesa%20Sant'Apollonia%5B\/vc_column_text%5D%5B\/vc_column%5D%5B\/vc_row%5D%5Bvc_row%5D%5Bvc_column%5D%5Bvc_column_text%20css=%5DLa%20Chiesa%20di%20Sant'Apollonia,%20situata%20nel%20centro%20storico%20di%20Caiazzo%20in%20via%20Salita%20Manselli,%20\u00e8%20di%20origine%20antichissime%20e%20fu%20eretta%20dalla%20confraternita%20di%20Santa%20Apollonia%20nel%201776%20sulla%20precedente%20Chiesa%20di%20Sant'Antonio.%20Sant'%20Apollonia%20sub\u00ec%20il%20martirio&hellip;\" \/>\r\n<meta property=\"og:locale\" content=\"es_ES\" \/>\r\n<meta property=\"og:type\" content=\"article\" \/>\r\n<meta property=\"og:title\" content=\"Interni Chiesa Sant\u2019Apollonia\" \/>\r\n<meta property=\"og:description\" content=\"[vc_row][vc_column][vc_custom_heading text=&quot;Interni Chiesa Sant&#039;Apollonia&quot;][\/vc_column][\/vc_row][vc_row][vc_column][vc_single_image image=&quot;849&quot;][vc_column_text]Interno Chiesa Sant&#039;Apollonia[\/vc_column_text][\/vc_column][\/vc_row][vc_row][vc_column][vc_single_image image=&quot;850&quot;][vc_column_text]Altare Maggiore[\/vc_column_text][\/vc_column][\/vc_row][vc_row][vc_column][vc_single_image image=&quot;851&quot;][vc_column_text]Dipinto Madonna[\/vc_column_text][\/vc_column][\/vc_row][vc_row][vc_column][vc_single_image image=&quot;852&quot;][vc_column_text]Particolare Altare Maggiore[\/vc_column_text][\/vc_column][\/vc_row][vc_row][vc_column][vc_single_image image=&quot;853&quot;][vc_column_text]Cupola Chiesa Sant&#039;Apollonia[\/vc_column_text][\/vc_column][\/vc_row][vc_row][vc_column][vc_column_text css=&quot;&quot;]La Chiesa di Sant&#039;Apollonia, situata nel centro storico di Caiazzo in via Salita Manselli, \u00e8 di origine antichissime e fu eretta dalla confraternita di Santa Apollonia nel 1776 sulla precedente Chiesa di Sant&#039;Antonio. Sant&#039; Apollonia sub\u00ec il martirio&hellip;\" \/>\r\n<meta property=\"og:url\" content=\"https:\/\/www.visitcaiazzo.it\/es\/iglesia-de-santa-apollonia\/interni-chiesa-santapollonia\/\" \/>\r\n<meta property=\"og:site_name\" content=\"VisitCaiazzo\" \/>\r\n<meta property=\"article:publisher\" content=\"https:\/\/www.facebook.com\/associazioneculturalegiovannimarcuccio\" \/>\r\n<meta property=\"article:modified_time\" content=\"2025-03-13T10:40:21+00:00\" \/>\r\n<meta name=\"twitter:card\" content=\"summary_large_image\" \/>\r\n<meta name=\"twitter:label1\" content=\"Tiempo de lectura\" \/>\n\t<meta name=\"twitter:data1\" content=\"3 minutos\" \/>\r\n<script type=\"application\/ld+json\" class=\"yoast-schema-graph\">{\"@context\":\"https:\/\/schema.org\",\"@graph\":[{\"@type\":\"WebPage\",\"@id\":\"https:\/\/www.visitcaiazzo.it\/es\/iglesia-de-santa-apollonia\/interni-chiesa-santapollonia\/\",\"url\":\"https:\/\/www.visitcaiazzo.it\/es\/iglesia-de-santa-apollonia\/interni-chiesa-santapollonia\/\",\"name\":\"Interni Chiesa Sant\u2019Apollonia - VisitCaiazzo\",\"isPartOf\":{\"@id\":\"https:\/\/www.visitcaiazzo.it\/#website\"},\"datePublished\":\"2022-06-10T18:13:19+00:00\",\"dateModified\":\"2025-03-13T10:40:21+00:00\",\"breadcrumb\":{\"@id\":\"https:\/\/www.visitcaiazzo.it\/es\/iglesia-de-santa-apollonia\/interni-chiesa-santapollonia\/#breadcrumb\"},\"inLanguage\":\"es\",\"potentialAction\":[{\"@type\":\"ReadAction\",\"target\":[\"https:\/\/www.visitcaiazzo.it\/es\/iglesia-de-santa-apollonia\/interni-chiesa-santapollonia\/\"]}]},{\"@type\":\"BreadcrumbList\",\"@id\":\"https:\/\/www.visitcaiazzo.it\/es\/iglesia-de-santa-apollonia\/interni-chiesa-santapollonia\/#breadcrumb\",\"itemListElement\":[{\"@type\":\"ListItem\",\"position\":1,\"name\":\"Home\",\"item\":\"https:\/\/www.visitcaiazzo.it\/\"},{\"@type\":\"ListItem\",\"position\":2,\"name\":\"Iglesia de Santa Apollonia\",\"item\":\"https:\/\/www.visitcaiazzo.it\/chiesa-di-santapollonia\/\"},{\"@type\":\"ListItem\",\"position\":3,\"name\":\"Interni Chiesa Sant\u2019Apollonia\"}]},{\"@type\":\"WebSite\",\"@id\":\"https:\/\/www.visitcaiazzo.it\/es\/#website\",\"url\":\"https:\/\/www.visitcaiazzo.it\/es\/\",\"name\":\"VisitCaiazzo\",\"description\":\"\",\"publisher\":{\"@id\":\"https:\/\/www.visitcaiazzo.it\/es\/#organization\"},\"potentialAction\":[{\"@type\":\"SearchAction\",\"target\":{\"@type\":\"EntryPoint\",\"urlTemplate\":\"https:\/\/www.visitcaiazzo.it\/es\/?s={search_term_string}\"},\"query-input\":{\"@type\":\"PropertyValueSpecification\",\"valueRequired\":true,\"valueName\":\"search_term_string\"}}],\"inLanguage\":\"es\"},{\"@type\":\"Organization\",\"@id\":\"https:\/\/www.visitcaiazzo.it\/es\/#organization\",\"name\":\"VisitCaiazzo\",\"url\":\"https:\/\/www.visitcaiazzo.it\/es\/\",\"logo\":{\"@type\":\"ImageObject\",\"inLanguage\":\"es\",\"@id\":\"https:\/\/www.visitcaiazzo.it\/es\/#\/schema\/logo\/image\/\",\"url\":\"https:\/\/www.visitcaiazzo.it\/wp-content\/uploads\/2023\/06\/LOGO_DEFINITIVO-APS.png\",\"contentUrl\":\"https:\/\/www.visitcaiazzo.it\/wp-content\/uploads\/2023\/06\/LOGO_DEFINITIVO-APS.png\",\"width\":2778,\"height\":1924,\"caption\":\"VisitCaiazzo\"},\"image\":{\"@id\":\"https:\/\/www.visitcaiazzo.it\/es\/#\/schema\/logo\/image\/\"},\"sameAs\":[\"https:\/\/www.facebook.com\/associazioneculturalegiovannimarcuccio\",\"https:\/\/www.instagram.com\/ass.culturalegiovannimarcuccio\/\",\"https:\/\/www.youtube.com\/channel\/UCPwrRd0ZNyIMsz7_0XrwkQg\",\"https:\/\/www.tiktok.com\/@ass.culturaleg.marcuccio\"]}]}<\/script>\r\n<!-- \/ Yoast SEO plugin. -->","yoast_head_json":{"title":"Interni Chiesa Sant\u2019Apollonia","description":"[vc_row][vc_column][vc_custom_heading text=\"Interni Chiesa Sant'Apollonia\"][\/vc_column][\/vc_row][vc_row][vc_column][vc_single_image image=\"849\"][vc_column_text]Interno Chiesa Sant'Apollonia[\/vc_column_text][\/vc_column][\/vc_row][vc_row][vc_column][vc_single_image image=\"850\"][vc_column_text]Altare Maggiore[\/vc_column_text][\/vc_column][\/vc_row][vc_row][vc_column][vc_single_image image=\"851\"][vc_column_text]Dipinto Madonna[\/vc_column_text][\/vc_column][\/vc_row][vc_row][vc_column][vc_single_image image=\"852\"][vc_column_text]Particolare Altare Maggiore[\/vc_column_text][\/vc_column][\/vc_row][vc_row][vc_column][vc_single_image image=\"853\"][vc_column_text]Cupola Chiesa Sant'Apollonia[\/vc_column_text][\/vc_column][\/vc_row][vc_row][vc_column][vc_column_text css=\"\"]La Chiesa di Sant'Apollonia, situata nel centro storico di Caiazzo in via Salita Manselli, \u00e8 di origine antichissime e fu eretta dalla confraternita di Santa Apollonia nel 1776 sulla precedente Chiesa di Sant'Antonio. Sant' Apollonia sub\u00ec il martirio&hellip;","robots":{"index":"index","follow":"follow","max-snippet":"max-snippet:-1","max-image-preview":"max-image-preview:large","max-video-preview":"max-video-preview:-1"},"canonical":"[vc_row][vc_column][vc_custom_heading text=\"Interni Chiesa Sant'Apollonia\"][\/vc_column][\/vc_row][vc_row][vc_column][vc_single_image image=\"849\"][vc_column_text]Interno Chiesa Sant'Apollonia[\/vc_column_text][\/vc_column][\/vc_row][vc_row][vc_column][vc_single_image image=\"850\"][vc_column_text]Altare Maggiore[\/vc_column_text][\/vc_column][\/vc_row][vc_row][vc_column][vc_single_image image=\"851\"][vc_column_text]Dipinto Madonna[\/vc_column_text][\/vc_column][\/vc_row][vc_row][vc_column][vc_single_image image=\"852\"][vc_column_text]Particolare Altare Maggiore[\/vc_column_text][\/vc_column][\/vc_row][vc_row][vc_column][vc_single_image image=\"853\"][vc_column_text]Cupola Chiesa Sant'Apollonia[\/vc_column_text][\/vc_column][\/vc_row][vc_row][vc_column][vc_column_text css=\"\"]La Chiesa di Sant'Apollonia, situata nel centro storico di Caiazzo in via Salita Manselli, \u00e8 di origine antichissime e fu eretta dalla confraternita di Santa Apollonia nel 1776 sulla precedente Chiesa di Sant'Antonio. Sant' Apollonia sub\u00ec il martirio&hellip;","og_locale":"es_ES","og_type":"article","og_title":"Interni Chiesa Sant\u2019Apollonia","og_description":"[vc_row][vc_column][vc_custom_heading text=\"Interni Chiesa Sant'Apollonia\"][\/vc_column][\/vc_row][vc_row][vc_column][vc_single_image image=\"849\"][vc_column_text]Interno Chiesa Sant'Apollonia[\/vc_column_text][\/vc_column][\/vc_row][vc_row][vc_column][vc_single_image image=\"850\"][vc_column_text]Altare Maggiore[\/vc_column_text][\/vc_column][\/vc_row][vc_row][vc_column][vc_single_image image=\"851\"][vc_column_text]Dipinto Madonna[\/vc_column_text][\/vc_column][\/vc_row][vc_row][vc_column][vc_single_image image=\"852\"][vc_column_text]Particolare Altare Maggiore[\/vc_column_text][\/vc_column][\/vc_row][vc_row][vc_column][vc_single_image image=\"853\"][vc_column_text]Cupola Chiesa Sant'Apollonia[\/vc_column_text][\/vc_column][\/vc_row][vc_row][vc_column][vc_column_text css=\"\"]La Chiesa di Sant'Apollonia, situata nel centro storico di Caiazzo in via Salita Manselli, \u00e8 di origine antichissime e fu eretta dalla confraternita di Santa Apollonia nel 1776 sulla precedente Chiesa di Sant'Antonio. Sant' Apollonia sub\u00ec il martirio&hellip;","og_url":"https:\/\/www.visitcaiazzo.it\/es\/iglesia-de-santa-apollonia\/interni-chiesa-santapollonia\/","og_site_name":"VisitCaiazzo","article_publisher":"https:\/\/www.facebook.com\/associazioneculturalegiovannimarcuccio","article_modified_time":"2025-03-13T10:40:21+00:00","twitter_card":"summary_large_image","twitter_misc":{"Tiempo de lectura":"3 minutos"},"schema":{"@context":"https:\/\/schema.org","@graph":[{"@type":"WebPage","@id":"https:\/\/www.visitcaiazzo.it\/es\/iglesia-de-santa-apollonia\/interni-chiesa-santapollonia\/","url":"https:\/\/www.visitcaiazzo.it\/es\/iglesia-de-santa-apollonia\/interni-chiesa-santapollonia\/","name":"Interni Chiesa Sant\u2019Apollonia - VisitCaiazzo","isPartOf":{"@id":"https:\/\/www.visitcaiazzo.it\/#website"},"datePublished":"2022-06-10T18:13:19+00:00","dateModified":"2025-03-13T10:40:21+00:00","breadcrumb":{"@id":"https:\/\/www.visitcaiazzo.it\/es\/iglesia-de-santa-apollonia\/interni-chiesa-santapollonia\/#breadcrumb"},"inLanguage":"es","potentialAction":[{"@type":"ReadAction","target":["https:\/\/www.visitcaiazzo.it\/es\/iglesia-de-santa-apollonia\/interni-chiesa-santapollonia\/"]}]},{"@type":"BreadcrumbList","@id":"https:\/\/www.visitcaiazzo.it\/es\/iglesia-de-santa-apollonia\/interni-chiesa-santapollonia\/#breadcrumb","itemListElement":[{"@type":"ListItem","position":1,"name":"Home","item":"https:\/\/www.visitcaiazzo.it\/"},{"@type":"ListItem","position":2,"name":"Iglesia de Santa Apollonia","item":"https:\/\/www.visitcaiazzo.it\/chiesa-di-santapollonia\/"},{"@type":"ListItem","position":3,"name":"Interni Chiesa Sant\u2019Apollonia"}]},{"@type":"WebSite","@id":"https:\/\/www.visitcaiazzo.it\/es\/#website","url":"https:\/\/www.visitcaiazzo.it\/es\/","name":"VisitCaiazzo","description":"","publisher":{"@id":"https:\/\/www.visitcaiazzo.it\/es\/#organization"},"potentialAction":[{"@type":"SearchAction","target":{"@type":"EntryPoint","urlTemplate":"https:\/\/www.visitcaiazzo.it\/es\/?s={search_term_string}"},"query-input":{"@type":"PropertyValueSpecification","valueRequired":true,"valueName":"search_term_string"}}],"inLanguage":"es"},{"@type":"Organization","@id":"https:\/\/www.visitcaiazzo.it\/es\/#organization","name":"VisitCaiazzo","url":"https:\/\/www.visitcaiazzo.it\/es\/","logo":{"@type":"ImageObject","inLanguage":"es","@id":"https:\/\/www.visitcaiazzo.it\/es\/#\/schema\/logo\/image\/","url":"https:\/\/www.visitcaiazzo.it\/wp-content\/uploads\/2023\/06\/LOGO_DEFINITIVO-APS.png","contentUrl":"https:\/\/www.visitcaiazzo.it\/wp-content\/uploads\/2023\/06\/LOGO_DEFINITIVO-APS.png","width":2778,"height":1924,"caption":"VisitCaiazzo"},"image":{"@id":"https:\/\/www.visitcaiazzo.it\/es\/#\/schema\/logo\/image\/"},"sameAs":["https:\/\/www.facebook.com\/associazioneculturalegiovannimarcuccio","https:\/\/www.instagram.com\/ass.culturalegiovannimarcuccio\/","https:\/\/www.youtube.com\/channel\/UCPwrRd0ZNyIMsz7_0XrwkQg","https:\/\/www.tiktok.com\/@ass.culturaleg.marcuccio"]}]}},"_links":{"self":[{"href":"https:\/\/www.visitcaiazzo.it\/es\/wp-json\/wp\/v2\/pages\/848","targetHints":{"allow":["GET"]}}],"collection":[{"href":"https:\/\/www.visitcaiazzo.it\/es\/wp-json\/wp\/v2\/pages"}],"about":[{"href":"https:\/\/www.visitcaiazzo.it\/es\/wp-json\/wp\/v2\/types\/page"}],"author":[{"embeddable":true,"href":"https:\/\/www.visitcaiazzo.it\/es\/wp-json\/wp\/v2\/users\/1"}],"replies":[{"embeddable":true,"href":"https:\/\/www.visitcaiazzo.it\/es\/wp-json\/wp\/v2\/comments?post=848"}],"version-history":[{"count":2,"href":"https:\/\/www.visitcaiazzo.it\/es\/wp-json\/wp\/v2\/pages\/848\/revisions"}],"predecessor-version":[{"id":1667,"href":"https:\/\/www.visitcaiazzo.it\/es\/wp-json\/wp\/v2\/pages\/848\/revisions\/1667"}],"up":[{"embeddable":true,"href":"https:\/\/www.visitcaiazzo.it\/es\/wp-json\/wp\/v2\/pages\/836"}],"wp:attachment":[{"href":"https:\/\/www.visitcaiazzo.it\/es\/wp-json\/wp\/v2\/media?parent=848"}],"curies":[{"name":"wp","href":"https:\/\/api.w.org\/{rel}","templated":true}]}}