{"id":821,"date":"2022-06-10T16:51:03","date_gmt":"2022-06-10T14:51:03","guid":{"rendered":"https:\/\/www.visitcaiazzo.it\/?page_id=821"},"modified":"2025-03-13T11:48:01","modified_gmt":"2025-03-13T10:48:01","slug":"abitazione-teresa-musco","status":"publish","type":"page","link":"https:\/\/www.visitcaiazzo.it\/es\/abitacion-teresa-musco\/","title":{"rendered":"Abitaci\u00f3n Teresa Musco"},"content":{"rendered":"<div class=\"wpb-content-wrapper\">[vc_row][vc_column][vc_custom_heading text=&#8221;Teresa Musco&#8221;][\/vc_column][\/vc_row][vc_row][vc_column][vc_single_image image=&#8221;822&#8243;][vc_column_text]Abitaci\u00f3n Teresa Musco[\/vc_column_text][\/vc_column][\/vc_row][vc_row][vc_column][vc_column_text]<strong><strong>Teresa Musco<br \/>\n<\/strong><\/strong>Tradicionalmente, cada a\u00f1o, en el mes de septiembre se celebra una misa en sufragio de Teresa Musco, una m\u00edstica de Caiazzo cuya casa est\u00e1 ubicada a pocos metros de la iglesia, en uno de los caracter\u00edsticos callejones de Caiazzo.<\/p>\n<p>Teresa Musco naci\u00f3 en Caiazzo el 7 de junio de 1943 y falleci\u00f3 a la edad de 33 a\u00f1os el d\u00eda 19 de agosto de 1976.<\/p>\n<p>Desde su infancia, la ni\u00f1a empieza su agitado camino de fe y sufrimiento. A lo largo de su vida tiene visiones de Jes\u00fas, de Nuestra Se\u00f1ora, del \u00c1ngel Gabriele y del Padre P\u00edo.<\/p>\n<p>Ella sufri\u00f3 la violencia psicol\u00f3gica del padre-patr\u00f3n y las condiciones humildes de una familia de trabajadores honrados; desde muy peque\u00f1a la joven sol\u00eda cuidar de la casa, de sus hermanos y del peque\u00f1o burro de la familia.<\/p>\n<p>Teresa, gracias a algunas misteriosas intervenciones divinas, encontraba sumas de dinero con las que ayudaba a su madre y a sus hermanos.<\/p>\n<p>El padre la trataba con dureza llegando incluso a echarla de casa, ac\u00fasandola de ladrona y mentirosa.<\/p>\n<p>Ella vivi\u00f3 tambi\u00e9n, y sobre todo, el sufrimiento de la Pasi\u00f3n de Cristo: desde los 25 a\u00f1os su cuerpo llevaba los estigmas en las manos y en los pies y la herida en el costado: \u201clas cinco rosas\u201d que la Virgen revel\u00f3 que vendr\u00edan como regalo a Teresa, para estar cada vez m\u00e1s cerca de su Esposo celestial.<\/p>\n<p>La Virgen, que se le aparec\u00eda a menudo en visiones, con la que Teresa hablaba en arameo antiguo, la impuls\u00f3 un d\u00eda a escribir: \u201cHija m\u00eda, ofrece, sufre y calla\u201d, dictado que ella sigui\u00f3 durante toda su vida con modestia y una fe firme.<\/p>\n<p>En su Diario, donde anotaba los encuentros, las palabras y los episodios que presenciaba y protagonizaba, Teresa escribe tambi\u00e9n:<\/p>\n<p>\u201cS\u00f3lo Dios como fin\u2026 Jes\u00fas por modelo\u2026 Mar\u00eda por gu\u00eda\u2026 el \u00c1ngel por ayuda\u2026 yo siempre en el sacrificio.\u201d<\/p>\n<p>Durante su vida, ella, iba a menudo al hospital a causa de dolores abdominales, de una rodilla hinchada y luego, a partir de cierto momento, a causa de la fiebre y de las dolorosas heridas del calvario de Cristo.<\/p>\n<p>Cuando ten\u00eda 20 a\u00f1os, la visit\u00f3 por primera vez el monje de Pietrelcina, el que ten\u00eda el don de la bilocaci\u00f3n (estar en dos lugares a la vez), que Teresa describe as\u00ed: \u201cEl monje con la barba blanca sigue tray\u00e9ndome Jes\u00fas, todos los d\u00edas: entonces en mi coraz\u00f3n, hay un lugar para amar y un perfume de rosas me envuelve.\u201d<\/p>\n<p>Durante los \u00faltimos a\u00f1os de su vida, en su casa de Caserta, donde en alg\u00fan momento encontr\u00f3 refugio tras ser echada por su padre, las estatuillas, las santas im\u00e1gines comenzaron a llorar sangre.<\/p>\n<p>El proceso de beatificaci\u00f3n a\u00fan no se ha concluido, las comunidades de Caiazzo y de Caserta esperan confiadamente desde hace muchos a\u00f1os.<\/p>\n<p>En 1993, en Caserta se cre\u00f3 la Fundaci\u00f3n Teresa Musco, con su p\u00e1gina Web, para conmemorar y dar a conocer la vida y las obras de la m\u00edstica, adem\u00e1s promover la Canonizaci\u00f3n.<br \/>\n[\/vc_column_text][\/vc_column][\/vc_row][vc_row][vc_column][vc_raw_html]JTNDaDMlM0UlM0NwJTNFJTNDYiUzRSUzQ2ElMjBocmVmJTNEJTIyaHR0cHMlM0ElMkYlMkZ3d3cudmlzaXRjYWlhenpvLml0JTJGYWJpdGF6aW9uZS10ZXJlc2EtbXVzY28lMkZpbnRlcm5vLXRlcmVzYS1tdXNjbyUyRiUyMCUyMiUzRUludGVybmklMjBkZWxsYSUyMENhc2ElMjBkaSUyMFRlcmVzYSUyME11c2NvJTNDJTJGYSUzRSUzQyUyRmIlM0UlM0MlMkZwJTNFJTNDJTJGaDMlM0U=[\/vc_raw_html][\/vc_column][\/vc_row]\n<\/div>","protected":false},"excerpt":{"rendered":"<p>[vc_row][vc_column][vc_custom_heading text=&#8221;Teresa Musco&#8221;][\/vc_column][\/vc_row][vc_row][vc_column][vc_single_image image=&#8221;822&#8243;][vc_column_text]Abitaci\u00f3n Teresa Musco[\/vc_column_text][\/vc_column][\/vc_row][vc_row][vc_column][vc_column_text]Teresa Musco Tradicionalmente, cada a\u00f1o, en el mes de septiembre se celebra una misa en sufragio de Teresa Musco, una m\u00edstica de Caiazzo cuya casa est\u00e1 ubicada a pocos metros de la iglesia, en uno de los caracter\u00edsticos callejones de Caiazzo. Teresa Musco naci\u00f3 en Caiazzo el 7 de junio&hellip;<\/p>\n","protected":false},"author":1,"featured_media":0,"parent":0,"menu_order":0,"comment_status":"closed","ping_status":"closed","template":"","meta":{"footnotes":""},"class_list":["post-821","page","type-page","status-publish","hentry","entry","no-media"],"yoast_head":"<!-- This site is optimized with the Yoast SEO plugin v23.6 - https:\/\/yoast.com\/wordpress\/plugins\/seo\/ -->\r\n<title>Abitaci\u00f3n Teresa Musco<\/title>\r\n<meta name=\"description\" content=\"[vc_row][vc_column][vc_custom_heading text=&quot;Teresa Musco&quot;][\/vc_column][\/vc_row][vc_row][vc_column][vc_single_image image=&quot;822&quot;][vc_column_text]Abitaci\u00f3n Teresa Musco[\/vc_column_text][\/vc_column][\/vc_row][vc_row][vc_column][vc_column_text]Teresa Musco Tradicionalmente, cada a\u00f1o, en el mes de septiembre se celebra una misa en sufragio de Teresa Musco, una m\u00edstica de Caiazzo cuya casa est\u00e1 ubicada a pocos metros de la iglesia, en uno de los caracter\u00edsticos callejones de Caiazzo. Teresa Musco naci\u00f3 en Caiazzo el 7 de junio&hellip;\" \/>\r\n<meta name=\"robots\" content=\"index, follow, max-snippet:-1, max-image-preview:large, max-video-preview:-1\" \/>\r\n<link rel=\"canonical\" href=\"http:\/\/[vc_row][vc_column][vc_custom_heading%20text=Teresa%20Musco][\/vc_column%5D%5B\/vc_row%5D%5Bvc_row%5D%5Bvc_column%5D%5Bvc_single_image%20image=822%5D%5Bvc_column_text%5DAbitaci\u00f3n%20Teresa%20Musco%5B\/vc_column_text%5D%5B\/vc_column%5D%5B\/vc_row%5D%5Bvc_row%5D%5Bvc_column%5D%5Bvc_column_text%5DTeresa%20Musco%20Tradicionalmente,%20cada%20a\u00f1o,%20en%20el%20mes%20de%20septiembre%20se%20celebra%20una%20misa%20en%20sufragio%20de%20Teresa%20Musco,%20una%20m\u00edstica%20de%20Caiazzo%20cuya%20casa%20est\u00e1%20ubicada%20a%20pocos%20metros%20de%20la%20iglesia,%20en%20uno%20de%20los%20caracter\u00edsticos%20callejones%20de%20Caiazzo.%20Teresa%20Musco%20naci\u00f3%20en%20Caiazzo%20el%207%20de%20junio&hellip;\" \/>\r\n<meta property=\"og:locale\" content=\"es_ES\" \/>\r\n<meta property=\"og:type\" content=\"article\" \/>\r\n<meta property=\"og:title\" content=\"Abitaci\u00f3n Teresa Musco\" \/>\r\n<meta property=\"og:description\" content=\"[vc_row][vc_column][vc_custom_heading text=&quot;Teresa Musco&quot;][\/vc_column][\/vc_row][vc_row][vc_column][vc_single_image image=&quot;822&quot;][vc_column_text]Abitaci\u00f3n Teresa Musco[\/vc_column_text][\/vc_column][\/vc_row][vc_row][vc_column][vc_column_text]Teresa Musco Tradicionalmente, cada a\u00f1o, en el mes de septiembre se celebra una misa en sufragio de Teresa Musco, una m\u00edstica de Caiazzo cuya casa est\u00e1 ubicada a pocos metros de la iglesia, en uno de los caracter\u00edsticos callejones de Caiazzo. Teresa Musco naci\u00f3 en Caiazzo el 7 de junio&hellip;\" \/>\r\n<meta property=\"og:url\" content=\"https:\/\/www.visitcaiazzo.it\/es\/abitacion-teresa-musco\/\" \/>\r\n<meta property=\"og:site_name\" content=\"VisitCaiazzo\" \/>\r\n<meta property=\"article:publisher\" content=\"https:\/\/www.facebook.com\/associazioneculturalegiovannimarcuccio\" \/>\r\n<meta property=\"article:modified_time\" content=\"2025-03-13T10:48:01+00:00\" \/>\r\n<meta name=\"twitter:card\" content=\"summary_large_image\" \/>\r\n<meta name=\"twitter:label1\" content=\"Tiempo de lectura\" \/>\n\t<meta name=\"twitter:data1\" content=\"3 minutos\" \/>\r\n<script type=\"application\/ld+json\" class=\"yoast-schema-graph\">{\"@context\":\"https:\/\/schema.org\",\"@graph\":[{\"@type\":\"WebPage\",\"@id\":\"https:\/\/www.visitcaiazzo.it\/es\/abitacion-teresa-musco\/\",\"url\":\"https:\/\/www.visitcaiazzo.it\/es\/abitacion-teresa-musco\/\",\"name\":\"Abitazione Teresa Musco - VisitCaiazzo\",\"isPartOf\":{\"@id\":\"https:\/\/www.visitcaiazzo.it\/#website\"},\"datePublished\":\"2022-06-10T14:51:03+00:00\",\"dateModified\":\"2025-03-13T10:48:01+00:00\",\"breadcrumb\":{\"@id\":\"https:\/\/www.visitcaiazzo.it\/es\/abitacion-teresa-musco\/#breadcrumb\"},\"inLanguage\":\"es\",\"potentialAction\":[{\"@type\":\"ReadAction\",\"target\":[\"https:\/\/www.visitcaiazzo.it\/es\/abitacion-teresa-musco\/\"]}]},{\"@type\":\"BreadcrumbList\",\"@id\":\"https:\/\/www.visitcaiazzo.it\/es\/abitacion-teresa-musco\/#breadcrumb\",\"itemListElement\":[{\"@type\":\"ListItem\",\"position\":1,\"name\":\"Home\",\"item\":\"https:\/\/www.visitcaiazzo.it\/\"},{\"@type\":\"ListItem\",\"position\":2,\"name\":\"Abitaci\u00f3n Teresa Musco\"}]},{\"@type\":\"WebSite\",\"@id\":\"https:\/\/www.visitcaiazzo.it\/es\/#website\",\"url\":\"https:\/\/www.visitcaiazzo.it\/es\/\",\"name\":\"VisitCaiazzo\",\"description\":\"\",\"publisher\":{\"@id\":\"https:\/\/www.visitcaiazzo.it\/es\/#organization\"},\"potentialAction\":[{\"@type\":\"SearchAction\",\"target\":{\"@type\":\"EntryPoint\",\"urlTemplate\":\"https:\/\/www.visitcaiazzo.it\/es\/?s={search_term_string}\"},\"query-input\":{\"@type\":\"PropertyValueSpecification\",\"valueRequired\":true,\"valueName\":\"search_term_string\"}}],\"inLanguage\":\"es\"},{\"@type\":\"Organization\",\"@id\":\"https:\/\/www.visitcaiazzo.it\/es\/#organization\",\"name\":\"VisitCaiazzo\",\"url\":\"https:\/\/www.visitcaiazzo.it\/es\/\",\"logo\":{\"@type\":\"ImageObject\",\"inLanguage\":\"es\",\"@id\":\"https:\/\/www.visitcaiazzo.it\/es\/#\/schema\/logo\/image\/\",\"url\":\"https:\/\/www.visitcaiazzo.it\/wp-content\/uploads\/2023\/06\/LOGO_DEFINITIVO-APS.png\",\"contentUrl\":\"https:\/\/www.visitcaiazzo.it\/wp-content\/uploads\/2023\/06\/LOGO_DEFINITIVO-APS.png\",\"width\":2778,\"height\":1924,\"caption\":\"VisitCaiazzo\"},\"image\":{\"@id\":\"https:\/\/www.visitcaiazzo.it\/es\/#\/schema\/logo\/image\/\"},\"sameAs\":[\"https:\/\/www.facebook.com\/associazioneculturalegiovannimarcuccio\",\"https:\/\/www.instagram.com\/ass.culturalegiovannimarcuccio\/\",\"https:\/\/www.youtube.com\/channel\/UCPwrRd0ZNyIMsz7_0XrwkQg\",\"https:\/\/www.tiktok.com\/@ass.culturaleg.marcuccio\"]}]}<\/script>\r\n<!-- \/ Yoast SEO plugin. -->","yoast_head_json":{"title":"Abitaci\u00f3n Teresa Musco","description":"[vc_row][vc_column][vc_custom_heading text=\"Teresa Musco\"][\/vc_column][\/vc_row][vc_row][vc_column][vc_single_image image=\"822\"][vc_column_text]Abitaci\u00f3n Teresa Musco[\/vc_column_text][\/vc_column][\/vc_row][vc_row][vc_column][vc_column_text]Teresa Musco Tradicionalmente, cada a\u00f1o, en el mes de septiembre se celebra una misa en sufragio de Teresa Musco, una m\u00edstica de Caiazzo cuya casa est\u00e1 ubicada a pocos metros de la iglesia, en uno de los caracter\u00edsticos callejones de Caiazzo. Teresa Musco naci\u00f3 en Caiazzo el 7 de junio&hellip;","robots":{"index":"index","follow":"follow","max-snippet":"max-snippet:-1","max-image-preview":"max-image-preview:large","max-video-preview":"max-video-preview:-1"},"canonical":"[vc_row][vc_column][vc_custom_heading text=\"Teresa Musco\"][\/vc_column][\/vc_row][vc_row][vc_column][vc_single_image image=\"822\"][vc_column_text]Abitaci\u00f3n Teresa Musco[\/vc_column_text][\/vc_column][\/vc_row][vc_row][vc_column][vc_column_text]Teresa Musco Tradicionalmente, cada a\u00f1o, en el mes de septiembre se celebra una misa en sufragio de Teresa Musco, una m\u00edstica de Caiazzo cuya casa est\u00e1 ubicada a pocos metros de la iglesia, en uno de los caracter\u00edsticos callejones de Caiazzo. Teresa Musco naci\u00f3 en Caiazzo el 7 de junio&hellip;","og_locale":"es_ES","og_type":"article","og_title":"Abitaci\u00f3n Teresa Musco","og_description":"[vc_row][vc_column][vc_custom_heading text=\"Teresa Musco\"][\/vc_column][\/vc_row][vc_row][vc_column][vc_single_image image=\"822\"][vc_column_text]Abitaci\u00f3n Teresa Musco[\/vc_column_text][\/vc_column][\/vc_row][vc_row][vc_column][vc_column_text]Teresa Musco Tradicionalmente, cada a\u00f1o, en el mes de septiembre se celebra una misa en sufragio de Teresa Musco, una m\u00edstica de Caiazzo cuya casa est\u00e1 ubicada a pocos metros de la iglesia, en uno de los caracter\u00edsticos callejones de Caiazzo. Teresa Musco naci\u00f3 en Caiazzo el 7 de junio&hellip;","og_url":"https:\/\/www.visitcaiazzo.it\/es\/abitacion-teresa-musco\/","og_site_name":"VisitCaiazzo","article_publisher":"https:\/\/www.facebook.com\/associazioneculturalegiovannimarcuccio","article_modified_time":"2025-03-13T10:48:01+00:00","twitter_card":"summary_large_image","twitter_misc":{"Tiempo de lectura":"3 minutos"},"schema":{"@context":"https:\/\/schema.org","@graph":[{"@type":"WebPage","@id":"https:\/\/www.visitcaiazzo.it\/es\/abitacion-teresa-musco\/","url":"https:\/\/www.visitcaiazzo.it\/es\/abitacion-teresa-musco\/","name":"Abitazione Teresa Musco - VisitCaiazzo","isPartOf":{"@id":"https:\/\/www.visitcaiazzo.it\/#website"},"datePublished":"2022-06-10T14:51:03+00:00","dateModified":"2025-03-13T10:48:01+00:00","breadcrumb":{"@id":"https:\/\/www.visitcaiazzo.it\/es\/abitacion-teresa-musco\/#breadcrumb"},"inLanguage":"es","potentialAction":[{"@type":"ReadAction","target":["https:\/\/www.visitcaiazzo.it\/es\/abitacion-teresa-musco\/"]}]},{"@type":"BreadcrumbList","@id":"https:\/\/www.visitcaiazzo.it\/es\/abitacion-teresa-musco\/#breadcrumb","itemListElement":[{"@type":"ListItem","position":1,"name":"Home","item":"https:\/\/www.visitcaiazzo.it\/"},{"@type":"ListItem","position":2,"name":"Abitaci\u00f3n Teresa Musco"}]},{"@type":"WebSite","@id":"https:\/\/www.visitcaiazzo.it\/es\/#website","url":"https:\/\/www.visitcaiazzo.it\/es\/","name":"VisitCaiazzo","description":"","publisher":{"@id":"https:\/\/www.visitcaiazzo.it\/es\/#organization"},"potentialAction":[{"@type":"SearchAction","target":{"@type":"EntryPoint","urlTemplate":"https:\/\/www.visitcaiazzo.it\/es\/?s={search_term_string}"},"query-input":{"@type":"PropertyValueSpecification","valueRequired":true,"valueName":"search_term_string"}}],"inLanguage":"es"},{"@type":"Organization","@id":"https:\/\/www.visitcaiazzo.it\/es\/#organization","name":"VisitCaiazzo","url":"https:\/\/www.visitcaiazzo.it\/es\/","logo":{"@type":"ImageObject","inLanguage":"es","@id":"https:\/\/www.visitcaiazzo.it\/es\/#\/schema\/logo\/image\/","url":"https:\/\/www.visitcaiazzo.it\/wp-content\/uploads\/2023\/06\/LOGO_DEFINITIVO-APS.png","contentUrl":"https:\/\/www.visitcaiazzo.it\/wp-content\/uploads\/2023\/06\/LOGO_DEFINITIVO-APS.png","width":2778,"height":1924,"caption":"VisitCaiazzo"},"image":{"@id":"https:\/\/www.visitcaiazzo.it\/es\/#\/schema\/logo\/image\/"},"sameAs":["https:\/\/www.facebook.com\/associazioneculturalegiovannimarcuccio","https:\/\/www.instagram.com\/ass.culturalegiovannimarcuccio\/","https:\/\/www.youtube.com\/channel\/UCPwrRd0ZNyIMsz7_0XrwkQg","https:\/\/www.tiktok.com\/@ass.culturaleg.marcuccio"]}]}},"_links":{"self":[{"href":"https:\/\/www.visitcaiazzo.it\/es\/wp-json\/wp\/v2\/pages\/821","targetHints":{"allow":["GET"]}}],"collection":[{"href":"https:\/\/www.visitcaiazzo.it\/es\/wp-json\/wp\/v2\/pages"}],"about":[{"href":"https:\/\/www.visitcaiazzo.it\/es\/wp-json\/wp\/v2\/types\/page"}],"author":[{"embeddable":true,"href":"https:\/\/www.visitcaiazzo.it\/es\/wp-json\/wp\/v2\/users\/1"}],"replies":[{"embeddable":true,"href":"https:\/\/www.visitcaiazzo.it\/es\/wp-json\/wp\/v2\/comments?post=821"}],"version-history":[{"count":1,"href":"https:\/\/www.visitcaiazzo.it\/es\/wp-json\/wp\/v2\/pages\/821\/revisions"}],"predecessor-version":[{"id":1668,"href":"https:\/\/www.visitcaiazzo.it\/es\/wp-json\/wp\/v2\/pages\/821\/revisions\/1668"}],"wp:attachment":[{"href":"https:\/\/www.visitcaiazzo.it\/es\/wp-json\/wp\/v2\/media?parent=821"}],"curies":[{"name":"wp","href":"https:\/\/api.w.org\/{rel}","templated":true}]}}