{"id":790,"date":"2022-05-28T17:35:09","date_gmt":"2022-05-28T15:35:09","guid":{"rendered":"https:\/\/www.visitcaiazzo.it\/?page_id=790"},"modified":"2022-09-17T13:22:04","modified_gmt":"2022-09-17T11:22:04","slug":"il-campanile","status":"publish","type":"page","link":"https:\/\/www.visitcaiazzo.it\/es\/el-campanario\/","title":{"rendered":"El campanario"},"content":{"rendered":"<div class=\"wpb-content-wrapper\">[vc_row][vc_column][vc_custom_heading text=&#8221;El campanario&#8221;][\/vc_column][\/vc_row][vc_row][vc_column][vc_single_image image=&#8221;791&#8243;][vc_column_text]El campanario[\/vc_column_text][\/vc_column][\/vc_row][vc_row][vc_column][vc_column_text]<strong>El campanario<\/strong><\/p>\n<p>El campanario se levanta desprendido de la estructura en el jard\u00edn del Episcopio, hoy espacio perteneciente a las monjas Hijas Pobres de la Visitaci\u00f3n de Mar\u00eda con el Centro Madre Claudia.<\/p>\n<p>Est\u00e1 equipado con cuatro campanas, la segunda de las cuales, construida en 1625, est\u00e1 dedicada a Santo Stefano, mientras que la cuarta est\u00e1 dedicada a San Ferdinando.<span style=\"color: var(--wpex-text-2); font-family: var(--wpex-body-font-family, var(--wpex-font-sans)); font-size: var(--wpex-body-font-size, 13px);\">[\/vc_column_text][\/vc_column][\/vc_row]<\/span><\/p>\n<\/div>","protected":false},"excerpt":{"rendered":"<p>[vc_row][vc_column][vc_custom_heading text=&#8221;El campanario&#8221;][\/vc_column][\/vc_row][vc_row][vc_column][vc_single_image image=&#8221;791&#8243;][vc_column_text]El campanario[\/vc_column_text][\/vc_column][\/vc_row][vc_row][vc_column][vc_column_text]El campanario El campanario se levanta desprendido de la estructura en el jard\u00edn del Episcopio, hoy espacio perteneciente a las monjas Hijas Pobres de la Visitaci\u00f3n de Mar\u00eda con el Centro Madre Claudia. Est\u00e1 equipado con cuatro campanas, la segunda de las cuales, construida en 1625, est\u00e1 dedicada a Santo Stefano,&hellip;<\/p>\n","protected":false},"author":1,"featured_media":0,"parent":0,"menu_order":0,"comment_status":"closed","ping_status":"closed","template":"","meta":{"footnotes":""},"class_list":["post-790","page","type-page","status-publish","hentry","entry","no-media"],"yoast_head":"<!-- This site is optimized with the Yoast SEO plugin v23.6 - https:\/\/yoast.com\/wordpress\/plugins\/seo\/ -->\r\n<title>El campanario<\/title>\r\n<meta name=\"description\" content=\"[vc_row][vc_column][vc_custom_heading text=&quot;El campanario&quot;][\/vc_column][\/vc_row][vc_row][vc_column][vc_single_image image=&quot;791&quot;][vc_column_text]El campanario[\/vc_column_text][\/vc_column][\/vc_row][vc_row][vc_column][vc_column_text]El campanario El campanario se levanta desprendido de la estructura en el jard\u00edn del Episcopio, hoy espacio perteneciente a las monjas Hijas Pobres de la Visitaci\u00f3n de Mar\u00eda con el Centro Madre Claudia. Est\u00e1 equipado con cuatro campanas, la segunda de las cuales, construida en 1625, est\u00e1 dedicada a Santo Stefano,&hellip;\" \/>\r\n<meta name=\"robots\" content=\"index, follow, max-snippet:-1, max-image-preview:large, max-video-preview:-1\" \/>\r\n<link rel=\"canonical\" href=\"http:\/\/[vc_row][vc_column][vc_custom_heading%20text=El%20campanario][\/vc_column%5D%5B\/vc_row%5D%5Bvc_row%5D%5Bvc_column%5D%5Bvc_single_image%20image=791%5D%5Bvc_column_text%5DEl%20campanario%5B\/vc_column_text%5D%5B\/vc_column%5D%5B\/vc_row%5D%5Bvc_row%5D%5Bvc_column%5D%5Bvc_column_text%5DEl%20campanario%20El%20campanario%20se%20levanta%20desprendido%20de%20la%20estructura%20en%20el%20jard\u00edn%20del%20Episcopio,%20hoy%20espacio%20perteneciente%20a%20las%20monjas%20Hijas%20Pobres%20de%20la%20Visitaci\u00f3n%20de%20Mar\u00eda%20con%20el%20Centro%20Madre%20Claudia.%20Est\u00e1%20equipado%20con%20cuatro%20campanas,%20la%20segunda%20de%20las%20cuales,%20construida%20en%201625,%20est\u00e1%20dedicada%20a%20Santo%20Stefano,&hellip;\" \/>\r\n<meta property=\"og:locale\" content=\"es_ES\" \/>\r\n<meta property=\"og:type\" content=\"article\" \/>\r\n<meta property=\"og:title\" content=\"El campanario\" \/>\r\n<meta property=\"og:description\" content=\"[vc_row][vc_column][vc_custom_heading text=&quot;El campanario&quot;][\/vc_column][\/vc_row][vc_row][vc_column][vc_single_image image=&quot;791&quot;][vc_column_text]El campanario[\/vc_column_text][\/vc_column][\/vc_row][vc_row][vc_column][vc_column_text]El campanario El campanario se levanta desprendido de la estructura en el jard\u00edn del Episcopio, hoy espacio perteneciente a las monjas Hijas Pobres de la Visitaci\u00f3n de Mar\u00eda con el Centro Madre Claudia. Est\u00e1 equipado con cuatro campanas, la segunda de las cuales, construida en 1625, est\u00e1 dedicada a Santo Stefano,&hellip;\" \/>\r\n<meta property=\"og:url\" content=\"https:\/\/www.visitcaiazzo.it\/es\/el-campanario\/\" \/>\r\n<meta property=\"og:site_name\" content=\"VisitCaiazzo\" \/>\r\n<meta property=\"article:publisher\" content=\"https:\/\/www.facebook.com\/associazioneculturalegiovannimarcuccio\" \/>\r\n<meta property=\"article:modified_time\" content=\"2022-09-17T11:22:04+00:00\" \/>\r\n<meta name=\"twitter:card\" content=\"summary_large_image\" \/>\r\n<script type=\"application\/ld+json\" class=\"yoast-schema-graph\">{\"@context\":\"https:\/\/schema.org\",\"@graph\":[{\"@type\":\"WebPage\",\"@id\":\"https:\/\/www.visitcaiazzo.it\/es\/el-campanario\/\",\"url\":\"https:\/\/www.visitcaiazzo.it\/es\/el-campanario\/\",\"name\":\"Il Campanile - VisitCaiazzo\",\"isPartOf\":{\"@id\":\"https:\/\/www.visitcaiazzo.it\/#website\"},\"datePublished\":\"2022-05-28T15:35:09+00:00\",\"dateModified\":\"2022-09-17T11:22:04+00:00\",\"breadcrumb\":{\"@id\":\"https:\/\/www.visitcaiazzo.it\/es\/el-campanario\/#breadcrumb\"},\"inLanguage\":\"es\",\"potentialAction\":[{\"@type\":\"ReadAction\",\"target\":[\"https:\/\/www.visitcaiazzo.it\/es\/el-campanario\/\"]}]},{\"@type\":\"BreadcrumbList\",\"@id\":\"https:\/\/www.visitcaiazzo.it\/es\/el-campanario\/#breadcrumb\",\"itemListElement\":[{\"@type\":\"ListItem\",\"position\":1,\"name\":\"Home\",\"item\":\"https:\/\/www.visitcaiazzo.it\/\"},{\"@type\":\"ListItem\",\"position\":2,\"name\":\"El campanario\"}]},{\"@type\":\"WebSite\",\"@id\":\"https:\/\/www.visitcaiazzo.it\/es\/#website\",\"url\":\"https:\/\/www.visitcaiazzo.it\/es\/\",\"name\":\"VisitCaiazzo\",\"description\":\"\",\"publisher\":{\"@id\":\"https:\/\/www.visitcaiazzo.it\/es\/#organization\"},\"potentialAction\":[{\"@type\":\"SearchAction\",\"target\":{\"@type\":\"EntryPoint\",\"urlTemplate\":\"https:\/\/www.visitcaiazzo.it\/es\/?s={search_term_string}\"},\"query-input\":{\"@type\":\"PropertyValueSpecification\",\"valueRequired\":true,\"valueName\":\"search_term_string\"}}],\"inLanguage\":\"es\"},{\"@type\":\"Organization\",\"@id\":\"https:\/\/www.visitcaiazzo.it\/es\/#organization\",\"name\":\"VisitCaiazzo\",\"url\":\"https:\/\/www.visitcaiazzo.it\/es\/\",\"logo\":{\"@type\":\"ImageObject\",\"inLanguage\":\"es\",\"@id\":\"https:\/\/www.visitcaiazzo.it\/es\/#\/schema\/logo\/image\/\",\"url\":\"https:\/\/www.visitcaiazzo.it\/wp-content\/uploads\/2023\/06\/LOGO_DEFINITIVO-APS.png\",\"contentUrl\":\"https:\/\/www.visitcaiazzo.it\/wp-content\/uploads\/2023\/06\/LOGO_DEFINITIVO-APS.png\",\"width\":2778,\"height\":1924,\"caption\":\"VisitCaiazzo\"},\"image\":{\"@id\":\"https:\/\/www.visitcaiazzo.it\/es\/#\/schema\/logo\/image\/\"},\"sameAs\":[\"https:\/\/www.facebook.com\/associazioneculturalegiovannimarcuccio\",\"https:\/\/www.instagram.com\/ass.culturalegiovannimarcuccio\/\",\"https:\/\/www.youtube.com\/channel\/UCPwrRd0ZNyIMsz7_0XrwkQg\",\"https:\/\/www.tiktok.com\/@ass.culturaleg.marcuccio\"]}]}<\/script>\r\n<!-- \/ Yoast SEO plugin. -->","yoast_head_json":{"title":"El campanario","description":"[vc_row][vc_column][vc_custom_heading text=\"El campanario\"][\/vc_column][\/vc_row][vc_row][vc_column][vc_single_image image=\"791\"][vc_column_text]El campanario[\/vc_column_text][\/vc_column][\/vc_row][vc_row][vc_column][vc_column_text]El campanario El campanario se levanta desprendido de la estructura en el jard\u00edn del Episcopio, hoy espacio perteneciente a las monjas Hijas Pobres de la Visitaci\u00f3n de Mar\u00eda con el Centro Madre Claudia. Est\u00e1 equipado con cuatro campanas, la segunda de las cuales, construida en 1625, est\u00e1 dedicada a Santo Stefano,&hellip;","robots":{"index":"index","follow":"follow","max-snippet":"max-snippet:-1","max-image-preview":"max-image-preview:large","max-video-preview":"max-video-preview:-1"},"canonical":"[vc_row][vc_column][vc_custom_heading text=\"El campanario\"][\/vc_column][\/vc_row][vc_row][vc_column][vc_single_image image=\"791\"][vc_column_text]El campanario[\/vc_column_text][\/vc_column][\/vc_row][vc_row][vc_column][vc_column_text]El campanario El campanario se levanta desprendido de la estructura en el jard\u00edn del Episcopio, hoy espacio perteneciente a las monjas Hijas Pobres de la Visitaci\u00f3n de Mar\u00eda con el Centro Madre Claudia. Est\u00e1 equipado con cuatro campanas, la segunda de las cuales, construida en 1625, est\u00e1 dedicada a Santo Stefano,&hellip;","og_locale":"es_ES","og_type":"article","og_title":"El campanario","og_description":"[vc_row][vc_column][vc_custom_heading text=\"El campanario\"][\/vc_column][\/vc_row][vc_row][vc_column][vc_single_image image=\"791\"][vc_column_text]El campanario[\/vc_column_text][\/vc_column][\/vc_row][vc_row][vc_column][vc_column_text]El campanario El campanario se levanta desprendido de la estructura en el jard\u00edn del Episcopio, hoy espacio perteneciente a las monjas Hijas Pobres de la Visitaci\u00f3n de Mar\u00eda con el Centro Madre Claudia. Est\u00e1 equipado con cuatro campanas, la segunda de las cuales, construida en 1625, est\u00e1 dedicada a Santo Stefano,&hellip;","og_url":"https:\/\/www.visitcaiazzo.it\/es\/el-campanario\/","og_site_name":"VisitCaiazzo","article_publisher":"https:\/\/www.facebook.com\/associazioneculturalegiovannimarcuccio","article_modified_time":"2022-09-17T11:22:04+00:00","twitter_card":"summary_large_image","schema":{"@context":"https:\/\/schema.org","@graph":[{"@type":"WebPage","@id":"https:\/\/www.visitcaiazzo.it\/es\/el-campanario\/","url":"https:\/\/www.visitcaiazzo.it\/es\/el-campanario\/","name":"Il Campanile - VisitCaiazzo","isPartOf":{"@id":"https:\/\/www.visitcaiazzo.it\/#website"},"datePublished":"2022-05-28T15:35:09+00:00","dateModified":"2022-09-17T11:22:04+00:00","breadcrumb":{"@id":"https:\/\/www.visitcaiazzo.it\/es\/el-campanario\/#breadcrumb"},"inLanguage":"es","potentialAction":[{"@type":"ReadAction","target":["https:\/\/www.visitcaiazzo.it\/es\/el-campanario\/"]}]},{"@type":"BreadcrumbList","@id":"https:\/\/www.visitcaiazzo.it\/es\/el-campanario\/#breadcrumb","itemListElement":[{"@type":"ListItem","position":1,"name":"Home","item":"https:\/\/www.visitcaiazzo.it\/"},{"@type":"ListItem","position":2,"name":"El campanario"}]},{"@type":"WebSite","@id":"https:\/\/www.visitcaiazzo.it\/es\/#website","url":"https:\/\/www.visitcaiazzo.it\/es\/","name":"VisitCaiazzo","description":"","publisher":{"@id":"https:\/\/www.visitcaiazzo.it\/es\/#organization"},"potentialAction":[{"@type":"SearchAction","target":{"@type":"EntryPoint","urlTemplate":"https:\/\/www.visitcaiazzo.it\/es\/?s={search_term_string}"},"query-input":{"@type":"PropertyValueSpecification","valueRequired":true,"valueName":"search_term_string"}}],"inLanguage":"es"},{"@type":"Organization","@id":"https:\/\/www.visitcaiazzo.it\/es\/#organization","name":"VisitCaiazzo","url":"https:\/\/www.visitcaiazzo.it\/es\/","logo":{"@type":"ImageObject","inLanguage":"es","@id":"https:\/\/www.visitcaiazzo.it\/es\/#\/schema\/logo\/image\/","url":"https:\/\/www.visitcaiazzo.it\/wp-content\/uploads\/2023\/06\/LOGO_DEFINITIVO-APS.png","contentUrl":"https:\/\/www.visitcaiazzo.it\/wp-content\/uploads\/2023\/06\/LOGO_DEFINITIVO-APS.png","width":2778,"height":1924,"caption":"VisitCaiazzo"},"image":{"@id":"https:\/\/www.visitcaiazzo.it\/es\/#\/schema\/logo\/image\/"},"sameAs":["https:\/\/www.facebook.com\/associazioneculturalegiovannimarcuccio","https:\/\/www.instagram.com\/ass.culturalegiovannimarcuccio\/","https:\/\/www.youtube.com\/channel\/UCPwrRd0ZNyIMsz7_0XrwkQg","https:\/\/www.tiktok.com\/@ass.culturaleg.marcuccio"]}]}},"_links":{"self":[{"href":"https:\/\/www.visitcaiazzo.it\/es\/wp-json\/wp\/v2\/pages\/790","targetHints":{"allow":["GET"]}}],"collection":[{"href":"https:\/\/www.visitcaiazzo.it\/es\/wp-json\/wp\/v2\/pages"}],"about":[{"href":"https:\/\/www.visitcaiazzo.it\/es\/wp-json\/wp\/v2\/types\/page"}],"author":[{"embeddable":true,"href":"https:\/\/www.visitcaiazzo.it\/es\/wp-json\/wp\/v2\/users\/1"}],"replies":[{"embeddable":true,"href":"https:\/\/www.visitcaiazzo.it\/es\/wp-json\/wp\/v2\/comments?post=790"}],"version-history":[{"count":0,"href":"https:\/\/www.visitcaiazzo.it\/es\/wp-json\/wp\/v2\/pages\/790\/revisions"}],"wp:attachment":[{"href":"https:\/\/www.visitcaiazzo.it\/es\/wp-json\/wp\/v2\/media?parent=790"}],"curies":[{"name":"wp","href":"https:\/\/api.w.org\/{rel}","templated":true}]}}