{"id":626,"date":"2022-05-13T18:11:19","date_gmt":"2022-05-13T16:11:19","guid":{"rendered":"https:\/\/www.visitcaiazzo.it\/?page_id=626"},"modified":"2022-11-09T17:08:28","modified_gmt":"2022-11-09T16:08:28","slug":"storia-del-castello","status":"publish","type":"page","link":"https:\/\/www.visitcaiazzo.it\/es\/el-castillo\/historia-del-castillo\/","title":{"rendered":"Historia del Castillo"},"content":{"rendered":"<div class=\"wpb-content-wrapper\">[vc_row][vc_column][vc_custom_heading text=&#8221;Historia del Castillo&#8221;][\/vc_column][\/vc_row][vc_row][vc_column][vc_column_text]<strong><strong><span style=\"color: var(--wpex-text-2); font-family: var(--wpex-body-font-family, var(--wpex-font-sans)); font-size: var(--wpex-body-font-size, 13px);\">Historias de la familia propietaria<\/p>\n<p><\/span><\/strong><\/strong>En la segunda mitad del siglo IX, el Castillo longobardo estaba en manos de Teodorico, Conde de Caiazzo. En \u00e9poca normanda surgi\u00f3 Rainulfo, que acompa\u00f1\u00f3 a Roma al abad Desiderio, elejido papa con el nombre de Vittorio III. Con la conquista del reino por parte de Ruggiero II, el Castillo se dot\u00f3 de una guardici\u00f3n permanente.<\/p>\n<p>En 1229, bajo los Suevos, Caiazzo, asediada por las tropas papales dirigidas por Giovanni Brienne, fue liberada gracias a la intervenci\u00f3n directa de Federico II. El propio emperador se aloj\u00f3 en el Castillo, y ten\u00eda en alta estima el pueblo de Caiazzo, que era el hogar de su secretario Pier delle Vigne.<\/p>\n<p>Seg\u00fan un documento papal, en junio 1251 Caiazzo pas\u00f3 a formar parte de las posesiones de Riccardo, Conde de Caserta.<\/p>\n<p>En el periodo de los Angevinos, Caiazzo fue concedida por Carlo I a Bonifacio de Galimberto, y luego pas\u00f3 a manos de Guglielmo Glignette, en 1269.<\/p>\n<p>Mientras que, posteriormente, fueron se\u00f1ores y residentes del Castillo la familia Sanseverino y la familia Origlia, y despu\u00e9s Lucrezia d\u2019Alagno.<\/p>\n<p>En 1596, el feudo fue adquirido por Matteo de Capua, pr\u00edncipe de Conca. Durante este periodo Giovan Battista Marino, secretario de la familia De Capua, compuso su famoso \u201cAdone\u201d propio en el Castillo de Caiazzo. En 1607, el feudo fue vendido al marqu\u00e9s Bardo Corsi, patricio florentino. El feudo estuve en manos de la familia Corsi hasta 1836, cuando los \u00faltimos descedientes vendieron el Castillo al se\u00f1or Giuseppe Andrea de Angelis por 150.000 ducados. En la actualidad, el Castillo sigue perteneciendo a la familia de Angelis.<\/p>\n<p>Actualmente se puede acceder al Castillo por dos entradas: una al norte y otra al sur.<\/p>\n<p>El Castillo de Caiazzo fue fundado en el siglo IX por los Longobardos, en particular por el Conde de Capua, Landone conocido como el viejo. El Castillo fue protagonista de luchas fratricidas entre sus sucesores.<\/p>\n<p>Bajo los Normandos se realiz\u00f3 una primera restauraci\u00f3n, a la que sigui\u00f3 otra por parte de los Aragoneses. El modelo de asentamiento respond\u00eda a la necesidad de eludir los ataques enemigos y de encontrar refugio de los ambientes pantanosos causados por las inundaciones del r\u00edo Volturno.<\/p>\n<p>La estructura actual es el resultado de la uni\u00f3n de dos cuerpos diferentes.<\/p>\n<p>Para llegar al edificio, situado en el punto m\u00e1s alto de la colina, hay dos callejuelas a las que se accede por una escalera de piedra local que permaneci\u00f3o intacta incluso despu\u00e9s de la Segunda Guerra Mundial.<\/p>\n<p>Tras cruzar el antiguo foso a la izquierda, encontramos una peque\u00f1a plaza donde, en \u00e9poca medieval, probablemente terminaba un muro fronterizo.<\/p>\n<p>En esta colina se encontraron restos de cer\u00e1mica y fragmentos de obras arquitect\u00f3nicas romanas, algunos de los cuales fueron reutilizados a lo largo de los muros del castillo.<\/p>\n<p>Desde el Castillo se puede ver todo el valle del Medio Volturno, esta ubicaci\u00f3n estrat\u00e9gica atestigua que el Castillo de Caiazzo formaba, junto con el Castillo de Limatola y el de Morrone, la tr\u00edada de fortificaciones de la zona.<\/p>\n<p>Rodeado de murallas cuadrangulares, el edificio tiene tres torres circulares situadas en las esquinas y un torre\u00f3n que ya exist\u00eda en 1135.<\/p>\n<p><span style=\"color: var(--wpex-text-2); font-family: var(--wpex-body-font-family, var(--wpex-font-sans)); font-size: var(--wpex-body-font-size, 13px);\">[\/vc_column_text][\/vc_column][\/vc_row][vc_row][vc_column][vc_single_image image=&#8221;629&#8243;][vc_column_text]<\/span><em>Entrada al Castillo<\/em><span style=\"color: var(--wpex-text-2); font-family: var(--wpex-body-font-family, var(--wpex-font-sans)); font-size: var(--wpex-body-font-size, 13px);\">[\/vc_column_text][\/vc_column][\/vc_row][vc_row][vc_column][vc_column_text]<\/span>El acceso al Castillo es posible a trav\u00e9s dos entradas, la primera bordeando el muro perimetral y terminando bajo la torre cuadrada, mientras que la otra est\u00e0 situada en el lado sur y es caracterizada por un portal coronado por el escudo de armas de la familia Corsi.<\/p>\n<p>En lo que concierne el escudo, esto est\u00e1 dividido en dos campos, verde en la parte superior y rojo en la inferior, con un le\u00f3n en el centro de colores opuestos y una banda plateada que cruza el escudo.<\/p>\n<p>El recorrido desde la entrada principal es probablemente el antiguo foso, reformado en \u00e9poca aragonesa y luego en el siglo XIX, para permitir el paso de carruajes y el acceso al aparcamiento.<\/p>\n<p>El acceso oficial al Castillo es posible gracias a un portal doble de toba, donde en la \u00e9poca medieval hab\u00eda un puente levadizo.<\/p>\n<p>&nbsp;<\/p>\n<p><strong>La estructura del Castillo de Caiazzo <\/strong><\/p>\n<p>M\u00e1s all\u00e1 de la entrada, un largo pasillo a la izquierda conduce a un nivel inferior donde encontramos un refectorio, un almac\u00e9n, un establo y la cocina, excavada en un banco de piedra caliza y cubierta por una b\u00f3veda fuerte y bien conservada.<\/p>\n<p>Aunque hay elementos decorativos del siglo XIX (may\u00f3licas), las cocinas conservan su disposici\u00f3n medieval original. A la izquierda encontramos tinas de piedra y un pozo, a la derecha una gran campana en la t\u00edpica cocina de le\u00f1a y carb\u00f3n, mientras que al final de la sala encontramos dos hornos para hacer pan.<\/p>\n<p>Pasada la entrada, un largo pasillo a la izquierda conduce a un nivel inferior donde encontramos una guarnicioner\u00eda, el establo, el refectorio, un almac\u00e9n y las cocinas.<\/p>\n<p>La guarnicioner\u00eda es un largo pasillo que serv\u00eda de almac\u00e9n diario para los arreos que los caballos llevaban (silla, estribos, cabezada, riendas, bocado, arreos y pecheras).<\/p>\n<p>En la siguiente sala se encuentra el establo propiamente dicho, donde hay pesebres y agujeros en el suelo donde se fijaban los postes a los que se ataban los animales.<\/p>\n<p>Adem\u00e1s se encuentra el refectorio (la sala donde la servidumbre com\u00eda), al que se accede a trav\u00e9s de una puerta de madera construida para el rodaje del drama teatral La Strega di Frasso (<em>la Bruja de Frasso<\/em>), obra dirigida por Giovanni Marcuccio y Sergio Pacelli en las dependencias del Castillo con actores locales.<\/p>\n<p>La obra prima, estrenada en 1985 por Arnaldo Delehaye con la participaci\u00f3n de Sergio Pacelli, se reprodujo en muchos pueblos.<\/p>\n<p>La historia teatral relata un hecho real, ocurrido en 1400: el juicio por brujer\u00eda de Maria da Prata que, seg\u00fan la Santa Inquisici\u00f3n, hab\u00eda tenido relaciones con el diablo y hablaba con los animales; por tales cargos ella fue juzgada y quemada en la hoguera.<\/p>\n<p>Las dependencias que siguen son por un lado el almac\u00e9n de alimentos, por otro lado las cocinas.<\/p>\n<p>Las <strong>cocinas<\/strong> presentan en el lado derecho un sistema revestido de may\u00f3lica del siglo XIX; a continuaci\u00f3n vemos los hornillos a la \u00e9poca alimentados, inicialmente, con residuos org\u00e1nicos animales y, m\u00e1s tarde con le\u00f1a y carb\u00f3n; al fondo, dos hornos t\u00edpicamente medievales que datan de alrededor de 1400.<\/p>\n<p>En el lado opuesto de la sala, encontramos una serie de tinas de piedra (lavaderos), un gran pozo excavado en piedra caliza, cuya agua procede de una cisterna semicircular subyacente que, seg\u00fan Pasquale Ladone, se remonta a la \u00e9poca romana.<\/p>\n<p>Saliendo de las cocinas y continuando hacia el patio, se encuentra el conjunto arquitect\u00f3nico que consta de habitaciones residenciales, capilla y Torre perif\u00e9rica.<span style=\"color: var(--wpex-text-2); font-family: var(--wpex-body-font-family, var(--wpex-font-sans)); font-size: var(--wpex-body-font-size, 13px);\">[\/vc_column_text][\/vc_column][\/vc_row][vc_row][vc_column][vc_raw_html]JTNDaDMlM0UlM0NwJTNFJTNDYiUzRSUzQ2ElMjBocmVmJTNEJTIyaHR0cHMlM0ElMkYlMkZ3d3cudmlzaXRjYWlhenpvLml0JTJGaWwtY2FzdGVsbG8lMkZzdG9yaWEtZGVsLWNhc3RlbGxvJTJGZ2xpLWludGVybmktZGVsLWNhc3RlbGxvJTJGJTIyJTNFSW50ZXJuaSUyMGRlbCUyMGNhc3RlbGxvJTNDJTJGYSUzRSUzQyUyRmIlM0UlM0MlMkZwJTNFJTNDJTJGaDMlM0U=[\/vc_raw_html][\/vc_column][\/vc_row]<\/span><\/p>\n<\/div>","protected":false},"excerpt":{"rendered":"<p>[vc_row][vc_column][vc_custom_heading text=&#8221;Historia del Castillo&#8221;][\/vc_column][\/vc_row][vc_row][vc_column][vc_column_text]Historias de la familia propietaria En la segunda mitad del siglo IX, el Castillo longobardo estaba en manos de Teodorico, Conde de Caiazzo. En \u00e9poca normanda surgi\u00f3 Rainulfo, que acompa\u00f1\u00f3 a Roma al abad Desiderio, elejido papa con el nombre de Vittorio III. Con la conquista del reino por parte de Ruggiero&hellip;<\/p>\n","protected":false},"author":1,"featured_media":0,"parent":614,"menu_order":0,"comment_status":"closed","ping_status":"closed","template":"","meta":{"footnotes":""},"class_list":["post-626","page","type-page","status-publish","hentry","entry","no-media"],"yoast_head":"<!-- This site is optimized with the Yoast SEO plugin v23.6 - https:\/\/yoast.com\/wordpress\/plugins\/seo\/ -->\r\n<title>Historia del Castillo<\/title>\r\n<meta name=\"description\" content=\"[vc_row][vc_column][vc_custom_heading text=&quot;Historia del Castillo&quot;][\/vc_column][\/vc_row][vc_row][vc_column][vc_column_text]Historias de la familia propietaria En la segunda mitad del siglo IX, el Castillo longobardo estaba en manos de Teodorico, Conde de Caiazzo. En \u00e9poca normanda surgi\u00f3 Rainulfo, que acompa\u00f1\u00f3 a Roma al abad Desiderio, elejido papa con el nombre de Vittorio III. Con la conquista del reino por parte de Ruggiero&hellip;\" \/>\r\n<meta name=\"robots\" content=\"index, follow, max-snippet:-1, max-image-preview:large, max-video-preview:-1\" \/>\r\n<link rel=\"canonical\" href=\"http:\/\/[vc_row][vc_column][vc_custom_heading%20text=Historia%20del%20Castillo][\/vc_column%5D%5B\/vc_row%5D%5Bvc_row%5D%5Bvc_column%5D%5Bvc_column_text%5DHistorias%20de%20la%20familia%20propietaria%20En%20la%20segunda%20mitad%20del%20siglo%20IX,%20el%20Castillo%20longobardo%20estaba%20en%20manos%20de%20Teodorico,%20Conde%20de%20Caiazzo.%20En%20\u00e9poca%20normanda%20surgi\u00f3%20Rainulfo,%20que%20acompa\u00f1\u00f3%20a%20Roma%20al%20abad%20Desiderio,%20elejido%20papa%20con%20el%20nombre%20de%20Vittorio%20III.%20Con%20la%20conquista%20del%20reino%20por%20parte%20de%20Ruggiero&hellip;\" \/>\r\n<meta property=\"og:locale\" content=\"es_ES\" \/>\r\n<meta property=\"og:type\" content=\"article\" \/>\r\n<meta property=\"og:title\" content=\"Historia del Castillo\" \/>\r\n<meta property=\"og:description\" content=\"[vc_row][vc_column][vc_custom_heading text=&quot;Historia del Castillo&quot;][\/vc_column][\/vc_row][vc_row][vc_column][vc_column_text]Historias de la familia propietaria En la segunda mitad del siglo IX, el Castillo longobardo estaba en manos de Teodorico, Conde de Caiazzo. En \u00e9poca normanda surgi\u00f3 Rainulfo, que acompa\u00f1\u00f3 a Roma al abad Desiderio, elejido papa con el nombre de Vittorio III. Con la conquista del reino por parte de Ruggiero&hellip;\" \/>\r\n<meta property=\"og:url\" content=\"https:\/\/www.visitcaiazzo.it\/es\/el-castillo\/historia-del-castillo\/\" \/>\r\n<meta property=\"og:site_name\" content=\"VisitCaiazzo\" \/>\r\n<meta property=\"article:publisher\" content=\"https:\/\/www.facebook.com\/associazioneculturalegiovannimarcuccio\" \/>\r\n<meta property=\"article:modified_time\" content=\"2022-11-09T16:08:28+00:00\" \/>\r\n<meta name=\"twitter:card\" content=\"summary_large_image\" \/>\r\n<meta name=\"twitter:label1\" content=\"Tiempo de lectura\" \/>\n\t<meta name=\"twitter:data1\" content=\"5 minutos\" \/>\r\n<script type=\"application\/ld+json\" class=\"yoast-schema-graph\">{\"@context\":\"https:\/\/schema.org\",\"@graph\":[{\"@type\":\"WebPage\",\"@id\":\"https:\/\/www.visitcaiazzo.it\/es\/el-castillo\/historia-del-castillo\/\",\"url\":\"https:\/\/www.visitcaiazzo.it\/es\/el-castillo\/historia-del-castillo\/\",\"name\":\"Storia Del Castello - VisitCaiazzo\",\"isPartOf\":{\"@id\":\"https:\/\/www.visitcaiazzo.it\/#website\"},\"datePublished\":\"2022-05-13T16:11:19+00:00\",\"dateModified\":\"2022-11-09T16:08:28+00:00\",\"breadcrumb\":{\"@id\":\"https:\/\/www.visitcaiazzo.it\/es\/el-castillo\/historia-del-castillo\/#breadcrumb\"},\"inLanguage\":\"es\",\"potentialAction\":[{\"@type\":\"ReadAction\",\"target\":[\"https:\/\/www.visitcaiazzo.it\/es\/el-castillo\/historia-del-castillo\/\"]}]},{\"@type\":\"BreadcrumbList\",\"@id\":\"https:\/\/www.visitcaiazzo.it\/es\/el-castillo\/historia-del-castillo\/#breadcrumb\",\"itemListElement\":[{\"@type\":\"ListItem\",\"position\":1,\"name\":\"Home\",\"item\":\"https:\/\/www.visitcaiazzo.it\/\"},{\"@type\":\"ListItem\",\"position\":2,\"name\":\"El Castillo\",\"item\":\"https:\/\/www.visitcaiazzo.it\/il-castello\/\"},{\"@type\":\"ListItem\",\"position\":3,\"name\":\"Historia del Castillo\"}]},{\"@type\":\"WebSite\",\"@id\":\"https:\/\/www.visitcaiazzo.it\/es\/#website\",\"url\":\"https:\/\/www.visitcaiazzo.it\/es\/\",\"name\":\"VisitCaiazzo\",\"description\":\"\",\"publisher\":{\"@id\":\"https:\/\/www.visitcaiazzo.it\/es\/#organization\"},\"potentialAction\":[{\"@type\":\"SearchAction\",\"target\":{\"@type\":\"EntryPoint\",\"urlTemplate\":\"https:\/\/www.visitcaiazzo.it\/es\/?s={search_term_string}\"},\"query-input\":{\"@type\":\"PropertyValueSpecification\",\"valueRequired\":true,\"valueName\":\"search_term_string\"}}],\"inLanguage\":\"es\"},{\"@type\":\"Organization\",\"@id\":\"https:\/\/www.visitcaiazzo.it\/es\/#organization\",\"name\":\"VisitCaiazzo\",\"url\":\"https:\/\/www.visitcaiazzo.it\/es\/\",\"logo\":{\"@type\":\"ImageObject\",\"inLanguage\":\"es\",\"@id\":\"https:\/\/www.visitcaiazzo.it\/es\/#\/schema\/logo\/image\/\",\"url\":\"https:\/\/www.visitcaiazzo.it\/wp-content\/uploads\/2023\/06\/LOGO_DEFINITIVO-APS.png\",\"contentUrl\":\"https:\/\/www.visitcaiazzo.it\/wp-content\/uploads\/2023\/06\/LOGO_DEFINITIVO-APS.png\",\"width\":2778,\"height\":1924,\"caption\":\"VisitCaiazzo\"},\"image\":{\"@id\":\"https:\/\/www.visitcaiazzo.it\/es\/#\/schema\/logo\/image\/\"},\"sameAs\":[\"https:\/\/www.facebook.com\/associazioneculturalegiovannimarcuccio\",\"https:\/\/www.instagram.com\/ass.culturalegiovannimarcuccio\/\",\"https:\/\/www.youtube.com\/channel\/UCPwrRd0ZNyIMsz7_0XrwkQg\",\"https:\/\/www.tiktok.com\/@ass.culturaleg.marcuccio\"]}]}<\/script>\r\n<!-- \/ Yoast SEO plugin. -->","yoast_head_json":{"title":"Historia del Castillo","description":"[vc_row][vc_column][vc_custom_heading text=\"Historia del Castillo\"][\/vc_column][\/vc_row][vc_row][vc_column][vc_column_text]Historias de la familia propietaria En la segunda mitad del siglo IX, el Castillo longobardo estaba en manos de Teodorico, Conde de Caiazzo. En \u00e9poca normanda surgi\u00f3 Rainulfo, que acompa\u00f1\u00f3 a Roma al abad Desiderio, elejido papa con el nombre de Vittorio III. Con la conquista del reino por parte de Ruggiero&hellip;","robots":{"index":"index","follow":"follow","max-snippet":"max-snippet:-1","max-image-preview":"max-image-preview:large","max-video-preview":"max-video-preview:-1"},"canonical":"[vc_row][vc_column][vc_custom_heading text=\"Historia del Castillo\"][\/vc_column][\/vc_row][vc_row][vc_column][vc_column_text]Historias de la familia propietaria En la segunda mitad del siglo IX, el Castillo longobardo estaba en manos de Teodorico, Conde de Caiazzo. En \u00e9poca normanda surgi\u00f3 Rainulfo, que acompa\u00f1\u00f3 a Roma al abad Desiderio, elejido papa con el nombre de Vittorio III. Con la conquista del reino por parte de Ruggiero&hellip;","og_locale":"es_ES","og_type":"article","og_title":"Historia del Castillo","og_description":"[vc_row][vc_column][vc_custom_heading text=\"Historia del Castillo\"][\/vc_column][\/vc_row][vc_row][vc_column][vc_column_text]Historias de la familia propietaria En la segunda mitad del siglo IX, el Castillo longobardo estaba en manos de Teodorico, Conde de Caiazzo. En \u00e9poca normanda surgi\u00f3 Rainulfo, que acompa\u00f1\u00f3 a Roma al abad Desiderio, elejido papa con el nombre de Vittorio III. Con la conquista del reino por parte de Ruggiero&hellip;","og_url":"https:\/\/www.visitcaiazzo.it\/es\/el-castillo\/historia-del-castillo\/","og_site_name":"VisitCaiazzo","article_publisher":"https:\/\/www.facebook.com\/associazioneculturalegiovannimarcuccio","article_modified_time":"2022-11-09T16:08:28+00:00","twitter_card":"summary_large_image","twitter_misc":{"Tiempo de lectura":"5 minutos"},"schema":{"@context":"https:\/\/schema.org","@graph":[{"@type":"WebPage","@id":"https:\/\/www.visitcaiazzo.it\/es\/el-castillo\/historia-del-castillo\/","url":"https:\/\/www.visitcaiazzo.it\/es\/el-castillo\/historia-del-castillo\/","name":"Storia Del Castello - VisitCaiazzo","isPartOf":{"@id":"https:\/\/www.visitcaiazzo.it\/#website"},"datePublished":"2022-05-13T16:11:19+00:00","dateModified":"2022-11-09T16:08:28+00:00","breadcrumb":{"@id":"https:\/\/www.visitcaiazzo.it\/es\/el-castillo\/historia-del-castillo\/#breadcrumb"},"inLanguage":"es","potentialAction":[{"@type":"ReadAction","target":["https:\/\/www.visitcaiazzo.it\/es\/el-castillo\/historia-del-castillo\/"]}]},{"@type":"BreadcrumbList","@id":"https:\/\/www.visitcaiazzo.it\/es\/el-castillo\/historia-del-castillo\/#breadcrumb","itemListElement":[{"@type":"ListItem","position":1,"name":"Home","item":"https:\/\/www.visitcaiazzo.it\/"},{"@type":"ListItem","position":2,"name":"El Castillo","item":"https:\/\/www.visitcaiazzo.it\/il-castello\/"},{"@type":"ListItem","position":3,"name":"Historia del Castillo"}]},{"@type":"WebSite","@id":"https:\/\/www.visitcaiazzo.it\/es\/#website","url":"https:\/\/www.visitcaiazzo.it\/es\/","name":"VisitCaiazzo","description":"","publisher":{"@id":"https:\/\/www.visitcaiazzo.it\/es\/#organization"},"potentialAction":[{"@type":"SearchAction","target":{"@type":"EntryPoint","urlTemplate":"https:\/\/www.visitcaiazzo.it\/es\/?s={search_term_string}"},"query-input":{"@type":"PropertyValueSpecification","valueRequired":true,"valueName":"search_term_string"}}],"inLanguage":"es"},{"@type":"Organization","@id":"https:\/\/www.visitcaiazzo.it\/es\/#organization","name":"VisitCaiazzo","url":"https:\/\/www.visitcaiazzo.it\/es\/","logo":{"@type":"ImageObject","inLanguage":"es","@id":"https:\/\/www.visitcaiazzo.it\/es\/#\/schema\/logo\/image\/","url":"https:\/\/www.visitcaiazzo.it\/wp-content\/uploads\/2023\/06\/LOGO_DEFINITIVO-APS.png","contentUrl":"https:\/\/www.visitcaiazzo.it\/wp-content\/uploads\/2023\/06\/LOGO_DEFINITIVO-APS.png","width":2778,"height":1924,"caption":"VisitCaiazzo"},"image":{"@id":"https:\/\/www.visitcaiazzo.it\/es\/#\/schema\/logo\/image\/"},"sameAs":["https:\/\/www.facebook.com\/associazioneculturalegiovannimarcuccio","https:\/\/www.instagram.com\/ass.culturalegiovannimarcuccio\/","https:\/\/www.youtube.com\/channel\/UCPwrRd0ZNyIMsz7_0XrwkQg","https:\/\/www.tiktok.com\/@ass.culturaleg.marcuccio"]}]}},"_links":{"self":[{"href":"https:\/\/www.visitcaiazzo.it\/es\/wp-json\/wp\/v2\/pages\/626","targetHints":{"allow":["GET"]}}],"collection":[{"href":"https:\/\/www.visitcaiazzo.it\/es\/wp-json\/wp\/v2\/pages"}],"about":[{"href":"https:\/\/www.visitcaiazzo.it\/es\/wp-json\/wp\/v2\/types\/page"}],"author":[{"embeddable":true,"href":"https:\/\/www.visitcaiazzo.it\/es\/wp-json\/wp\/v2\/users\/1"}],"replies":[{"embeddable":true,"href":"https:\/\/www.visitcaiazzo.it\/es\/wp-json\/wp\/v2\/comments?post=626"}],"version-history":[{"count":2,"href":"https:\/\/www.visitcaiazzo.it\/es\/wp-json\/wp\/v2\/pages\/626\/revisions"}],"predecessor-version":[{"id":1506,"href":"https:\/\/www.visitcaiazzo.it\/es\/wp-json\/wp\/v2\/pages\/626\/revisions\/1506"}],"up":[{"embeddable":true,"href":"https:\/\/www.visitcaiazzo.it\/es\/wp-json\/wp\/v2\/pages\/614"}],"wp:attachment":[{"href":"https:\/\/www.visitcaiazzo.it\/es\/wp-json\/wp\/v2\/media?parent=626"}],"curies":[{"name":"wp","href":"https:\/\/api.w.org\/{rel}","templated":true}]}}