{"id":584,"date":"2022-05-07T15:22:16","date_gmt":"2022-05-07T13:22:16","guid":{"rendered":"https:\/\/www.visitcaiazzo.it\/?page_id=584"},"modified":"2022-09-17T13:25:49","modified_gmt":"2022-09-17T11:25:49","slug":"la-ruota-degli-esposti","status":"publish","type":"page","link":"https:\/\/www.visitcaiazzo.it\/es\/la-rueda-de-los-expuestos\/","title":{"rendered":"La rueda de los Expuestos"},"content":{"rendered":"<div class=\"wpb-content-wrapper\">[vc_row][vc_column][vc_custom_heading text=&#8221;<strong style=\"color: var(--wpex-text-2); font-family: var(--wpex-body-font-family, var(--wpex-font-sans)); font-size: var(--wpex-body-font-size, 13px);\">LA RUEDA DE LOS EXPUESTOS<\/strong>&#8220;][\/vc_column][\/vc_row][vc_row][vc_column][vc_single_image image=&#8221;585&#8221;][vc_column_text]La rueda de los Expuestos[\/vc_column_text][\/vc_column][\/vc_row][vc_row][vc_column][vc_column_text]<strong style=\"color: var(--wpex-text-2); font-family: var(--wpex-body-font-family, var(--wpex-font-sans)); font-size: var(--wpex-body-font-size, 13px);\"><strong style=\"color: var(--wpex-text-2); font-family: var(--wpex-body-font-family, var(--wpex-font-sans)); font-size: var(--wpex-body-font-size, 13px);\">LA RUEDA DE LOS EXPUESTOS<\/p>\n<p><\/strong><\/strong>La llamada Rueda de los Expuestos estaba vinculada al Hospital y a la instituci\u00f3n de la Annunziata.<\/p>\n<p>La pr\u00e1ctica de la Oblaci\u00f3n consist\u00eda en dejar a propios hijos en los conventos. Se hizo costumbre utilizar el m\u00e9todo de la rueda, para familias en dificultades, permiti\u00e9ndoles abandonar a sus hijos en perfecto anonimato. Los ni\u00f1os eran llamados &#8220;esposti\u201d (expuestos) o &#8220;proietti\u201d (proyectados), t\u00e9rminos de los que proceden apellidos como el napolitano Esposito y el romano Proietti.<\/p>\n<p>Como era motivo de verg\u00fcenza para los exp\u00f3sitos haber sido abandonados, en muchas instituciones se les daban nombres de santos de la \u00e9poca, figuras cristianas o elementos relacionados con el mes o las condiciones sociales. Tambi\u00e9n ocurr\u00eda a menudo que, en el momento del abandono, los ni\u00f1os llevaban consigo signos o s\u00edmbolos distintivos que permit\u00edan identificar a las familias de origen, que temporalmente no pod\u00edan hacerse cargo de sus hijos pero que los buscaban y se los llevaban m\u00e1s tarde.<\/p>\n<p><span style=\"color: var(--wpex-text-2); font-family: var(--wpex-body-font-family, var(--wpex-font-sans)); font-size: var(--wpex-body-font-size, 13px);\">Fue el Papa Innocenzo III, seg\u00fan algunas fuentes, quien cre\u00f3 un departamento especial en el Hospital de Santo Spirito, dedicado a los ni\u00f1os abandonados para evitar que estos pobres inocentes fueran asesinados o abandonados en el fr\u00edo. Las ruedas se extendieron a Italia, Francia, Grecia y Espa\u00f1a. En Italia, dada la influencia napole\u00f3nica en el Reino de N\u00e1poles, la Rueda de los Expuestos tambi\u00e9n se estableci\u00f3 oficialmente en los municipios del sur de Italia. Una de las primeras estructuras fue la Annunziata de N\u00e1poles, cuyo origen se remonta a 1304. De ah\u00ed que el sistema de la rueda se asociara a menudo con la Annunziata, como la de Caiazzo, regentada por las monjas del convento de las Clarisas. El sistema de la rueda fue abolido en 1923 bajo el gobierno de Mussolini.[\/vc_column_text][\/vc_column][\/vc_row]<\/span><\/p>\n<\/div>","protected":false},"excerpt":{"rendered":"<p>[vc_row][vc_column][vc_custom_heading text=&#8221;LA RUEDA DE LOS EXPUESTOS&#8220;][\/vc_column][\/vc_row][vc_row][vc_column][vc_single_image image=&#8221;585&#8221;][vc_column_text]La rueda de los Expuestos[\/vc_column_text][\/vc_column][\/vc_row][vc_row][vc_column][vc_column_text]LA RUEDA DE LOS EXPUESTOS La llamada Rueda de los Expuestos estaba vinculada al Hospital y a la instituci\u00f3n de la Annunziata. La pr\u00e1ctica de la Oblaci\u00f3n consist\u00eda en dejar a propios hijos en los conventos. Se hizo costumbre utilizar el m\u00e9todo de la rueda,&hellip;<\/p>\n","protected":false},"author":1,"featured_media":0,"parent":0,"menu_order":0,"comment_status":"closed","ping_status":"closed","template":"","meta":{"footnotes":""},"class_list":["post-584","page","type-page","status-publish","hentry","entry","no-media"],"yoast_head":"<!-- This site is optimized with the Yoast SEO plugin v23.6 - https:\/\/yoast.com\/wordpress\/plugins\/seo\/ -->\r\n<title>La rueda de los Expuestos<\/title>\r\n<meta name=\"description\" content=\"[vc_row][vc_column][vc_custom_heading text=&quot;LA RUEDA DE LOS EXPUESTOS&quot;][\/vc_column][\/vc_row][vc_row][vc_column][vc_single_image image=&quot;585&quot;][vc_column_text]La rueda de los Expuestos[\/vc_column_text][\/vc_column][\/vc_row][vc_row][vc_column][vc_column_text]LA RUEDA DE LOS EXPUESTOS La llamada Rueda de los Expuestos estaba vinculada al Hospital y a la instituci\u00f3n de la Annunziata. La pr\u00e1ctica de la Oblaci\u00f3n consist\u00eda en dejar a propios hijos en los conventos. Se hizo costumbre utilizar el m\u00e9todo de la rueda,&hellip;\" \/>\r\n<meta name=\"robots\" content=\"index, follow, max-snippet:-1, max-image-preview:large, max-video-preview:-1\" \/>\r\n<link rel=\"canonical\" href=\"http:\/\/[vc_row][vc_column][vc_custom_heading%20text=LA%20RUEDA%20DE%20LOS%20EXPUESTOS][\/vc_column%5D%5B\/vc_row%5D%5Bvc_row%5D%5Bvc_column%5D%5Bvc_single_image%20image=585%5D%5Bvc_column_text%5DLa%20rueda%20de%20los%20Expuestos%5B\/vc_column_text%5D%5B\/vc_column%5D%5B\/vc_row%5D%5Bvc_row%5D%5Bvc_column%5D%5Bvc_column_text%5DLA%20RUEDA%20DE%20LOS%20EXPUESTOS%20La%20llamada%20Rueda%20de%20los%20Expuestos%20estaba%20vinculada%20al%20Hospital%20y%20a%20la%20instituci\u00f3n%20de%20la%20Annunziata.%20La%20pr\u00e1ctica%20de%20la%20Oblaci\u00f3n%20consist\u00eda%20en%20dejar%20a%20propios%20hijos%20en%20los%20conventos.%20Se%20hizo%20costumbre%20utilizar%20el%20m\u00e9todo%20de%20la%20rueda,&hellip;\" \/>\r\n<meta property=\"og:locale\" content=\"es_ES\" \/>\r\n<meta property=\"og:type\" content=\"article\" \/>\r\n<meta property=\"og:title\" content=\"La rueda de los Expuestos\" \/>\r\n<meta property=\"og:description\" content=\"[vc_row][vc_column][vc_custom_heading text=&quot;LA RUEDA DE LOS EXPUESTOS&quot;][\/vc_column][\/vc_row][vc_row][vc_column][vc_single_image image=&quot;585&quot;][vc_column_text]La rueda de los Expuestos[\/vc_column_text][\/vc_column][\/vc_row][vc_row][vc_column][vc_column_text]LA RUEDA DE LOS EXPUESTOS La llamada Rueda de los Expuestos estaba vinculada al Hospital y a la instituci\u00f3n de la Annunziata. La pr\u00e1ctica de la Oblaci\u00f3n consist\u00eda en dejar a propios hijos en los conventos. Se hizo costumbre utilizar el m\u00e9todo de la rueda,&hellip;\" \/>\r\n<meta property=\"og:url\" content=\"https:\/\/www.visitcaiazzo.it\/es\/la-rueda-de-los-expuestos\/\" \/>\r\n<meta property=\"og:site_name\" content=\"VisitCaiazzo\" \/>\r\n<meta property=\"article:publisher\" content=\"https:\/\/www.facebook.com\/associazioneculturalegiovannimarcuccio\" \/>\r\n<meta property=\"article:modified_time\" content=\"2022-09-17T11:25:49+00:00\" \/>\r\n<meta name=\"twitter:card\" content=\"summary_large_image\" \/>\r\n<meta name=\"twitter:label1\" content=\"Tiempo de lectura\" \/>\n\t<meta name=\"twitter:data1\" content=\"2 minutos\" \/>\r\n<script type=\"application\/ld+json\" class=\"yoast-schema-graph\">{\"@context\":\"https:\/\/schema.org\",\"@graph\":[{\"@type\":\"WebPage\",\"@id\":\"https:\/\/www.visitcaiazzo.it\/es\/la-rueda-de-los-expuestos\/\",\"url\":\"https:\/\/www.visitcaiazzo.it\/es\/la-rueda-de-los-expuestos\/\",\"name\":\"La ruota degli esposti - VisitCaiazzo\",\"isPartOf\":{\"@id\":\"https:\/\/www.visitcaiazzo.it\/#website\"},\"datePublished\":\"2022-05-07T13:22:16+00:00\",\"dateModified\":\"2022-09-17T11:25:49+00:00\",\"breadcrumb\":{\"@id\":\"https:\/\/www.visitcaiazzo.it\/es\/la-rueda-de-los-expuestos\/#breadcrumb\"},\"inLanguage\":\"es\",\"potentialAction\":[{\"@type\":\"ReadAction\",\"target\":[\"https:\/\/www.visitcaiazzo.it\/es\/la-rueda-de-los-expuestos\/\"]}]},{\"@type\":\"BreadcrumbList\",\"@id\":\"https:\/\/www.visitcaiazzo.it\/es\/la-rueda-de-los-expuestos\/#breadcrumb\",\"itemListElement\":[{\"@type\":\"ListItem\",\"position\":1,\"name\":\"Home\",\"item\":\"https:\/\/www.visitcaiazzo.it\/\"},{\"@type\":\"ListItem\",\"position\":2,\"name\":\"La rueda de los Expuestos\"}]},{\"@type\":\"WebSite\",\"@id\":\"https:\/\/www.visitcaiazzo.it\/es\/#website\",\"url\":\"https:\/\/www.visitcaiazzo.it\/es\/\",\"name\":\"VisitCaiazzo\",\"description\":\"\",\"publisher\":{\"@id\":\"https:\/\/www.visitcaiazzo.it\/es\/#organization\"},\"potentialAction\":[{\"@type\":\"SearchAction\",\"target\":{\"@type\":\"EntryPoint\",\"urlTemplate\":\"https:\/\/www.visitcaiazzo.it\/es\/?s={search_term_string}\"},\"query-input\":{\"@type\":\"PropertyValueSpecification\",\"valueRequired\":true,\"valueName\":\"search_term_string\"}}],\"inLanguage\":\"es\"},{\"@type\":\"Organization\",\"@id\":\"https:\/\/www.visitcaiazzo.it\/es\/#organization\",\"name\":\"VisitCaiazzo\",\"url\":\"https:\/\/www.visitcaiazzo.it\/es\/\",\"logo\":{\"@type\":\"ImageObject\",\"inLanguage\":\"es\",\"@id\":\"https:\/\/www.visitcaiazzo.it\/es\/#\/schema\/logo\/image\/\",\"url\":\"https:\/\/www.visitcaiazzo.it\/wp-content\/uploads\/2023\/06\/LOGO_DEFINITIVO-APS.png\",\"contentUrl\":\"https:\/\/www.visitcaiazzo.it\/wp-content\/uploads\/2023\/06\/LOGO_DEFINITIVO-APS.png\",\"width\":2778,\"height\":1924,\"caption\":\"VisitCaiazzo\"},\"image\":{\"@id\":\"https:\/\/www.visitcaiazzo.it\/es\/#\/schema\/logo\/image\/\"},\"sameAs\":[\"https:\/\/www.facebook.com\/associazioneculturalegiovannimarcuccio\",\"https:\/\/www.instagram.com\/ass.culturalegiovannimarcuccio\/\",\"https:\/\/www.youtube.com\/channel\/UCPwrRd0ZNyIMsz7_0XrwkQg\",\"https:\/\/www.tiktok.com\/@ass.culturaleg.marcuccio\"]}]}<\/script>\r\n<!-- \/ Yoast SEO plugin. -->","yoast_head_json":{"title":"La rueda de los Expuestos","description":"[vc_row][vc_column][vc_custom_heading text=\"LA RUEDA DE LOS EXPUESTOS\"][\/vc_column][\/vc_row][vc_row][vc_column][vc_single_image image=\"585\"][vc_column_text]La rueda de los Expuestos[\/vc_column_text][\/vc_column][\/vc_row][vc_row][vc_column][vc_column_text]LA RUEDA DE LOS EXPUESTOS La llamada Rueda de los Expuestos estaba vinculada al Hospital y a la instituci\u00f3n de la Annunziata. La pr\u00e1ctica de la Oblaci\u00f3n consist\u00eda en dejar a propios hijos en los conventos. Se hizo costumbre utilizar el m\u00e9todo de la rueda,&hellip;","robots":{"index":"index","follow":"follow","max-snippet":"max-snippet:-1","max-image-preview":"max-image-preview:large","max-video-preview":"max-video-preview:-1"},"canonical":"[vc_row][vc_column][vc_custom_heading text=\"LA RUEDA DE LOS EXPUESTOS\"][\/vc_column][\/vc_row][vc_row][vc_column][vc_single_image image=\"585\"][vc_column_text]La rueda de los Expuestos[\/vc_column_text][\/vc_column][\/vc_row][vc_row][vc_column][vc_column_text]LA RUEDA DE LOS EXPUESTOS La llamada Rueda de los Expuestos estaba vinculada al Hospital y a la instituci\u00f3n de la Annunziata. La pr\u00e1ctica de la Oblaci\u00f3n consist\u00eda en dejar a propios hijos en los conventos. Se hizo costumbre utilizar el m\u00e9todo de la rueda,&hellip;","og_locale":"es_ES","og_type":"article","og_title":"La rueda de los Expuestos","og_description":"[vc_row][vc_column][vc_custom_heading text=\"LA RUEDA DE LOS EXPUESTOS\"][\/vc_column][\/vc_row][vc_row][vc_column][vc_single_image image=\"585\"][vc_column_text]La rueda de los Expuestos[\/vc_column_text][\/vc_column][\/vc_row][vc_row][vc_column][vc_column_text]LA RUEDA DE LOS EXPUESTOS La llamada Rueda de los Expuestos estaba vinculada al Hospital y a la instituci\u00f3n de la Annunziata. La pr\u00e1ctica de la Oblaci\u00f3n consist\u00eda en dejar a propios hijos en los conventos. Se hizo costumbre utilizar el m\u00e9todo de la rueda,&hellip;","og_url":"https:\/\/www.visitcaiazzo.it\/es\/la-rueda-de-los-expuestos\/","og_site_name":"VisitCaiazzo","article_publisher":"https:\/\/www.facebook.com\/associazioneculturalegiovannimarcuccio","article_modified_time":"2022-09-17T11:25:49+00:00","twitter_card":"summary_large_image","twitter_misc":{"Tiempo de lectura":"2 minutos"},"schema":{"@context":"https:\/\/schema.org","@graph":[{"@type":"WebPage","@id":"https:\/\/www.visitcaiazzo.it\/es\/la-rueda-de-los-expuestos\/","url":"https:\/\/www.visitcaiazzo.it\/es\/la-rueda-de-los-expuestos\/","name":"La ruota degli esposti - VisitCaiazzo","isPartOf":{"@id":"https:\/\/www.visitcaiazzo.it\/#website"},"datePublished":"2022-05-07T13:22:16+00:00","dateModified":"2022-09-17T11:25:49+00:00","breadcrumb":{"@id":"https:\/\/www.visitcaiazzo.it\/es\/la-rueda-de-los-expuestos\/#breadcrumb"},"inLanguage":"es","potentialAction":[{"@type":"ReadAction","target":["https:\/\/www.visitcaiazzo.it\/es\/la-rueda-de-los-expuestos\/"]}]},{"@type":"BreadcrumbList","@id":"https:\/\/www.visitcaiazzo.it\/es\/la-rueda-de-los-expuestos\/#breadcrumb","itemListElement":[{"@type":"ListItem","position":1,"name":"Home","item":"https:\/\/www.visitcaiazzo.it\/"},{"@type":"ListItem","position":2,"name":"La rueda de los Expuestos"}]},{"@type":"WebSite","@id":"https:\/\/www.visitcaiazzo.it\/es\/#website","url":"https:\/\/www.visitcaiazzo.it\/es\/","name":"VisitCaiazzo","description":"","publisher":{"@id":"https:\/\/www.visitcaiazzo.it\/es\/#organization"},"potentialAction":[{"@type":"SearchAction","target":{"@type":"EntryPoint","urlTemplate":"https:\/\/www.visitcaiazzo.it\/es\/?s={search_term_string}"},"query-input":{"@type":"PropertyValueSpecification","valueRequired":true,"valueName":"search_term_string"}}],"inLanguage":"es"},{"@type":"Organization","@id":"https:\/\/www.visitcaiazzo.it\/es\/#organization","name":"VisitCaiazzo","url":"https:\/\/www.visitcaiazzo.it\/es\/","logo":{"@type":"ImageObject","inLanguage":"es","@id":"https:\/\/www.visitcaiazzo.it\/es\/#\/schema\/logo\/image\/","url":"https:\/\/www.visitcaiazzo.it\/wp-content\/uploads\/2023\/06\/LOGO_DEFINITIVO-APS.png","contentUrl":"https:\/\/www.visitcaiazzo.it\/wp-content\/uploads\/2023\/06\/LOGO_DEFINITIVO-APS.png","width":2778,"height":1924,"caption":"VisitCaiazzo"},"image":{"@id":"https:\/\/www.visitcaiazzo.it\/es\/#\/schema\/logo\/image\/"},"sameAs":["https:\/\/www.facebook.com\/associazioneculturalegiovannimarcuccio","https:\/\/www.instagram.com\/ass.culturalegiovannimarcuccio\/","https:\/\/www.youtube.com\/channel\/UCPwrRd0ZNyIMsz7_0XrwkQg","https:\/\/www.tiktok.com\/@ass.culturaleg.marcuccio"]}]}},"_links":{"self":[{"href":"https:\/\/www.visitcaiazzo.it\/es\/wp-json\/wp\/v2\/pages\/584","targetHints":{"allow":["GET"]}}],"collection":[{"href":"https:\/\/www.visitcaiazzo.it\/es\/wp-json\/wp\/v2\/pages"}],"about":[{"href":"https:\/\/www.visitcaiazzo.it\/es\/wp-json\/wp\/v2\/types\/page"}],"author":[{"embeddable":true,"href":"https:\/\/www.visitcaiazzo.it\/es\/wp-json\/wp\/v2\/users\/1"}],"replies":[{"embeddable":true,"href":"https:\/\/www.visitcaiazzo.it\/es\/wp-json\/wp\/v2\/comments?post=584"}],"version-history":[{"count":0,"href":"https:\/\/www.visitcaiazzo.it\/es\/wp-json\/wp\/v2\/pages\/584\/revisions"}],"wp:attachment":[{"href":"https:\/\/www.visitcaiazzo.it\/es\/wp-json\/wp\/v2\/media?parent=584"}],"curies":[{"name":"wp","href":"https:\/\/api.w.org\/{rel}","templated":true}]}}